{"id":1323,"date":"2018-09-17T08:49:13","date_gmt":"2018-09-17T08:49:13","guid":{"rendered":"http:\/\/muenchenfriseur.com\/?page_id=1323"},"modified":"2025-08-16T12:26:08","modified_gmt":"2025-08-16T12:26:08","slug":"impressum","status":"publish","type":"page","link":"https:\/\/arbuti.com\/sl\/odtis\/","title":{"rendered":"NATISNI"},"content":{"rendered":"<p><b style=\"font-size: 1rem;\">Odgovorni za vsebino:<\/b><\/p>\n<p><a href=\"https:\/\/arbuti.com\/wp-content\/uploads\/2025\/08\/Addy-01.jpg\"><img loading=\"lazy\" decoding=\"async\" class=\"alignnone wp-image-14751\" src=\"https:\/\/arbuti.com\/wp-content\/uploads\/2025\/08\/Addy-01.jpg\" alt=\"\" width=\"131\" height=\"82\" srcset=\"https:\/\/arbuti.com\/wp-content\/uploads\/2025\/08\/Addy-01.jpg 370w, https:\/\/arbuti.com\/wp-content\/uploads\/2025\/08\/Addy-01-300x187.jpg 300w, https:\/\/arbuti.com\/wp-content\/uploads\/2025\/08\/Addy-01-18x12.jpg 18w, https:\/\/arbuti.com\/wp-content\/uploads\/2025\/08\/Addy-01-320x200.jpg 320w\" sizes=\"auto, (max-width: 131px) 100vw, 131px\" \/><\/a><\/p>\n<p>ID za DDV: DE308046984<\/p>\n<p><strong>Alternativno re\u0161evanje sporov:<\/strong><\/p>\n<p>Evropska komisija zagotavlja platformo za izvensodno spletno re\u0161evanje sporov (platforma ODR), ki je dostopna na\u00a0<a href=\"https:\/\/ec.europa.eu\/odr\" target=\"_blank\" rel=\"noopener noreferrer\">https:\/\/ec.europa.eu\/odr<\/a>.<\/p>\n<p><b>Slikovni krediti<br \/>\n<\/b>Slike - by Arbuti<br \/>\nSlike - Shutterstock.com<br \/>\npaulynn\/shutterstock.com<br \/>\nLightFieldStudios\/shutterstock.com<br \/>\nnelen\/shutterstock.com<br \/>\nshotPrimeStudio\/shutterstock.com<br \/>\nbitt24\/shutterstock.com<br \/>\nnewAfrica\/shutterstock.com<\/p>\n<p><strong>Izjava o omejitvi odgovornosti<br \/>\n<\/strong>Vsebina tega spletnega mesta je ustvarjena z najve\u010djo mo\u017eno skrbnostjo. Vendar pa frizerski salon Arbuti ne prevzema odgovornosti za to\u010dnost, popolnost in a\u017eurnost posredovane vsebine. Uporabnik uporablja vsebino spletnega mesta na lastno odgovornost.<\/p>\n<p>1. zunanje povezave:<br \/>\nV primeru zunanjih povezav na spletna mesta tretjih oseb (\"zunanje povezave\") so za ta spletna mesta odgovorni njihovi upravljavci. Ob prvem ustvarjanju zunanjih povezav je ponudnik preveril, ali zunanja vsebina ne kr\u0161i zakonov. Takrat ni bilo o\u010ditnih pravnih kr\u0161itev. Ponudnik nima vpliva na trenutno in prihodnjo obliko in vsebino povezanih strani. Vklju\u010ditev zunanjih povezav ne pomeni, da ponudnik sprejema vsebino, ki se skriva za referenco ali povezavo, kot svojo. Ni smiselno, da ponudnik nenehno spremlja zunanje povezave brez konkretnih znakov pravnih kr\u0161itev. \u010ce pa bodo ugotovljene pravne kr\u0161itve, bodo tak\u0161ne zunanje povezave nemudoma izbrisane.<\/p>\n<p>2. avtorske in sorodne avtorske pravice | \u00a9 copyright:<br \/>\nZa vsebine, objavljene na tem spletnem mestu, velja nem\u0161ka zakonodaja o avtorskih in sorodnih avtorskih pravicah. Za vsako uporabo, ki ni dovoljena v skladu z nem\u0161ko zakonodajo o avtorskih in sorodnih pravicah, je potrebno predhodno pisno soglasje ponudnika ali zadevnega imetnika pravic. To velja zlasti za kopiranje, urejanje, prevajanje, shranjevanje, obdelavo ali razmno\u017eevanje vsebine v podatkovnih zbirkah ali drugih elektronskih medijih in sistemih. Nepoobla\u0161\u010deno razmno\u017eevanje ali prena\u0161anje posameznih vsebin ali celotnih strani ni dovoljeno in se kaznuje po zakonu. Dovoljena je le izdelava kopij in prenosov za osebno, zasebno in nekomercialno uporabo. Prikaz te spletne strani v zunanjih okvirjih je dovoljen le s pisnim dovoljenjem.<\/p>\n<p>3. varstvo podatkov<br \/>\nOb obisku spletnega mesta ponudnika se lahko shranijo informacije o dostopu (datum, \u010das, ogledana stran). Ti podatki ne spadajo med osebne podatke, temve\u010d so anonimizirani. Ocenjujejo se izklju\u010dno v statisti\u010dne namene. Ne posreduje se tretjim osebam v komercialne ali nekomercialne namene. Ponudnik izrecno poudarja, da je prenos podatkov prek interneta (npr. komunikacija po elektronski po\u0161ti) podvr\u017een varnostnim ranljivostim in ga ni mogo\u010de v celoti za\u0161\u010dititi pred dostopom tretjih oseb.<\/p>\n<p>Uporaba kontaktnih podatkov odtisa za komercialno ogla\u0161evanje je izrecno neza\u017eelena, razen \u010de je ponudnik predhodno dal pisno soglasje ali \u010de \u017ee obstaja poslovno razmerje. Ponudnik in vse osebe, navedene na tem spletnem mestu, nasprotujejo kakr\u0161ni koli komercialni uporabi in razkritju svojih podatkov.<\/p>\n<p>4. posebni pogoji uporabe<br \/>\n\u010ce posebni pogoji za posamezno uporabo tega spletnega mesta odstopajo od zgoraj navedenih \u0161tevilk 1. do 4., je to izrecno navedeno na ustreznem mestu. V tem primeru se v posameznem primeru uporabljajo posebni pogoji uporabe.<\/p>","protected":false},"excerpt":{"rendered":"<p>Verantwortlich f\u00fcr den Inhalt: Ust-IdNr.: DE308046984 Alternative Streitbeilegung: Die Europ\u00e4ische Kommission stellt eine Plattform f\u00fcr die au\u00dfergerichtliche Online-Streitbeilegung (OS-Plattform) bereit, [&hellip;]<\/p>","protected":false},"author":1,"featured_media":0,"parent":0,"menu_order":0,"comment_status":"closed","ping_status":"closed","template":"","meta":{"ub_ctt_via":"","_uag_custom_page_level_css":"","site-sidebar-layout":"default","site-content-layout":"default","ast-site-content-layout":"default","site-content-style":"default","site-sidebar-style":"default","ast-global-header-display":"","ast-banner-title-visibility":"","ast-main-header-display":"","ast-hfb-above-header-display":"","ast-hfb-below-header-display":"","ast-hfb-mobile-header-display":"","site-post-title":"","ast-breadcrumbs-content":"","ast-featured-img":"","footer-sml-layout":"","theme-transparent-header-meta":"default","adv-header-id-meta":"","stick-header-meta":"default","header-above-stick-meta":"","header-main-stick-meta":"","header-below-stick-meta":"","astra-migrate-meta-layouts":"set","ast-page-background-enabled":"default","ast-page-background-meta":{"desktop":{"background-color":"","background-image":"","background-repeat":"repeat","background-position":"center center","background-size":"auto","background-attachment":"scroll","background-type":"","background-media":"","overlay-type":"","overlay-color":"","overlay-opacity":"","overlay-gradient":""},"tablet":{"background-color":"","background-image":"","background-repeat":"repeat","background-position":"center center","background-size":"auto","background-attachment":"scroll","background-type":"","background-media":"","overlay-type":"","overlay-color":"","overlay-opacity":"","overlay-gradient":""},"mobile":{"background-color":"","background-image":"","background-repeat":"repeat","background-position":"center center","background-size":"auto","background-attachment":"scroll","background-type":"","background-media":"","overlay-type":"","overlay-color":"","overlay-opacity":"","overlay-gradient":""}},"ast-content-background-meta":{"desktop":{"background-color":"var(--ast-global-color-5)","background-image":"","background-repeat":"repeat","background-position":"center center","background-size":"auto","background-attachment":"scroll","background-type":"","background-media":"","overlay-type":"","overlay-color":"","overlay-opacity":"","overlay-gradient":""},"tablet":{"background-color":"var(--ast-global-color-5)","background-image":"","background-repeat":"repeat","background-position":"center center","background-size":"auto","background-attachment":"scroll","background-type":"","background-media":"","overlay-type":"","overlay-color":"","overlay-opacity":"","overlay-gradient":""},"mobile":{"background-color":"var(--ast-global-color-5)","background-image":"","background-repeat":"repeat","background-position":"center center","background-size":"auto","background-attachment":"scroll","background-type":"","background-media":"","overlay-type":"","overlay-color":"","overlay-opacity":"","overlay-gradient":""}},"footnotes":""},"class_list":["post-1323","page","type-page","status-publish","hentry"],"featured_image_src":null,"yoast_head":"<!-- This site is optimized with the Yoast SEO Premium plugin v25.3 (Yoast SEO v25.3) - https:\/\/yoast.com\/wordpress\/plugins\/seo\/ -->\n<title>IMPRESSUM - ARBUTI Hair Salon<\/title>\n<meta name=\"robots\" content=\"index, follow, max-snippet:-1, max-image-preview:large, max-video-preview:-1\" \/>\n<link rel=\"canonical\" href=\"https:\/\/arbuti.com\/sl\/odtis\/\" \/>\n<meta property=\"og:locale\" content=\"sl_SI\" \/>\n<meta property=\"og:type\" content=\"article\" \/>\n<meta property=\"og:title\" content=\"IMPRESSUM\" \/>\n<meta property=\"og:description\" content=\"Verantwortlich f\u00fcr den Inhalt: Ust-IdNr.: DE308046984 Alternative Streitbeilegung: Die Europ\u00e4ische Kommission stellt eine Plattform f\u00fcr die\" \/>\n<meta property=\"og:url\" content=\"https:\/\/arbuti.com\/sl\/odtis\/\" \/>\n<meta property=\"og:site_name\" content=\"ARBUTI Hair Salon\" \/>\n<meta property=\"article:publisher\" content=\"https:\/\/www.facebook.com\/Arbutihairsalon\/\" \/>\n<meta property=\"article:modified_time\" content=\"2025-08-16T12:26:08+00:00\" \/>\n<meta property=\"og:image\" content=\"https:\/\/arbuti.com\/wp-content\/uploads\/2025\/08\/Addy-01.jpg\" \/>\n\t<meta property=\"og:image:width\" content=\"370\" \/>\n\t<meta property=\"og:image:height\" content=\"231\" \/>\n\t<meta property=\"og:image:type\" content=\"image\/jpeg\" \/>\n<meta name=\"twitter:card\" content=\"summary_large_image\" \/>\n<meta name=\"twitter:label1\" content=\"Est. reading time\" \/>\n\t<meta name=\"twitter:data1\" content=\"3 minute\" \/>\n<script type=\"application\/ld+json\" class=\"yoast-schema-graph\">{\"@context\":\"https:\/\/schema.org\",\"@graph\":[{\"@type\":\"WebPage\",\"@id\":\"https:\/\/arbuti.com\/impressum\/\",\"url\":\"https:\/\/arbuti.com\/impressum\/\",\"name\":\"IMPRESSUM - ARBUTI Hair Salon\",\"isPartOf\":{\"@id\":\"https:\/\/arbuti.com\/fr\/#website\"},\"primaryImageOfPage\":{\"@id\":\"https:\/\/arbuti.com\/impressum\/#primaryimage\"},\"image\":{\"@id\":\"https:\/\/arbuti.com\/impressum\/#primaryimage\"},\"thumbnailUrl\":\"https:\/\/arbuti.com\/wp-content\/uploads\/2025\/08\/Addy-01.jpg\",\"datePublished\":\"2018-09-17T08:49:13+00:00\",\"dateModified\":\"2025-08-16T12:26:08+00:00\",\"breadcrumb\":{\"@id\":\"https:\/\/arbuti.com\/impressum\/#breadcrumb\"},\"inLanguage\":\"sl-SI\",\"potentialAction\":[{\"@type\":\"ReadAction\",\"target\":[\"https:\/\/arbuti.com\/impressum\/\"]}]},{\"@type\":\"ImageObject\",\"inLanguage\":\"sl-SI\",\"@id\":\"https:\/\/arbuti.com\/impressum\/#primaryimage\",\"url\":\"https:\/\/arbuti.com\/wp-content\/uploads\/2025\/08\/Addy-01.jpg\",\"contentUrl\":\"https:\/\/arbuti.com\/wp-content\/uploads\/2025\/08\/Addy-01.jpg\"},{\"@type\":\"BreadcrumbList\",\"@id\":\"https:\/\/arbuti.com\/impressum\/#breadcrumb\",\"itemListElement\":[{\"@type\":\"ListItem\",\"position\":1,\"name\":\"ARBUTI\",\"item\":\"https:\/\/arbuti.com\/\"},{\"@type\":\"ListItem\",\"position\":2,\"name\":\"IMPRESSUM\"}]},{\"@type\":\"WebSite\",\"@id\":\"https:\/\/arbuti.com\/fr\/#website\",\"url\":\"https:\/\/arbuti.com\/fr\/\",\"name\":\"ARBUTI Hair Salon\",\"description\":\"Friseur M\u00fcnchen\",\"publisher\":{\"@id\":\"https:\/\/arbuti.com\/fr\/#organization\"},\"alternateName\":\"ARBUTI\",\"potentialAction\":[{\"@type\":\"SearchAction\",\"target\":{\"@type\":\"EntryPoint\",\"urlTemplate\":\"https:\/\/arbuti.com\/fr\/?s={search_term_string}\"},\"query-input\":{\"@type\":\"PropertyValueSpecification\",\"valueRequired\":true,\"valueName\":\"search_term_string\"}}],\"inLanguage\":\"sl-SI\"},{\"@type\":\"Organization\",\"@id\":\"https:\/\/arbuti.com\/fr\/#organization\",\"name\":\"ARBUTI Hair Salon\",\"alternateName\":\"ARBUTI\",\"url\":\"https:\/\/arbuti.com\/fr\/\",\"logo\":{\"@type\":\"ImageObject\",\"inLanguage\":\"sl-SI\",\"@id\":\"https:\/\/arbuti.com\/fr\/#\/schema\/logo\/image\/\",\"url\":\"https:\/\/arbuti.com\/wp-content\/uploads\/2020\/04\/cropped-Arbuti-Friseur-Muenchen.jpg\",\"contentUrl\":\"https:\/\/arbuti.com\/wp-content\/uploads\/2020\/04\/cropped-Arbuti-Friseur-Muenchen.jpg\",\"width\":512,\"height\":512,\"caption\":\"ARBUTI Hair Salon\"},\"image\":{\"@id\":\"https:\/\/arbuti.com\/fr\/#\/schema\/logo\/image\/\"},\"sameAs\":[\"https:\/\/www.facebook.com\/Arbutihairsalon\/\",\"https:\/\/www.instagram.com\/arbutihairsalon\/\",\"https:\/\/www.pinterest.de\/arbutihairsalon\/arbuti-hair-salon\/\"]}]}<\/script>\n<!-- \/ Yoast SEO Premium plugin. -->","yoast_head_json":{"title":"IMPRESSUM - ARBUTI Hair Salon","robots":{"index":"index","follow":"follow","max-snippet":"max-snippet:-1","max-image-preview":"max-image-preview:large","max-video-preview":"max-video-preview:-1"},"canonical":"https:\/\/arbuti.com\/sl\/odtis\/","og_locale":"sl_SI","og_type":"article","og_title":"IMPRESSUM","og_description":"Verantwortlich f\u00fcr den Inhalt: Ust-IdNr.: DE308046984 Alternative Streitbeilegung: Die Europ\u00e4ische Kommission stellt eine Plattform f\u00fcr die","og_url":"https:\/\/arbuti.com\/sl\/odtis\/","og_site_name":"ARBUTI Hair Salon","article_publisher":"https:\/\/www.facebook.com\/Arbutihairsalon\/","article_modified_time":"2025-08-16T12:26:08+00:00","og_image":[{"width":370,"height":231,"url":"https:\/\/arbuti.com\/wp-content\/uploads\/2025\/08\/Addy-01.jpg","type":"image\/jpeg"}],"twitter_card":"summary_large_image","twitter_misc":{"Est. reading time":"3 minute"},"schema":{"@context":"https:\/\/schema.org","@graph":[{"@type":"WebPage","@id":"https:\/\/arbuti.com\/impressum\/","url":"https:\/\/arbuti.com\/impressum\/","name":"IMPRESSUM - ARBUTI Hair Salon","isPartOf":{"@id":"https:\/\/arbuti.com\/fr\/#website"},"primaryImageOfPage":{"@id":"https:\/\/arbuti.com\/impressum\/#primaryimage"},"image":{"@id":"https:\/\/arbuti.com\/impressum\/#primaryimage"},"thumbnailUrl":"https:\/\/arbuti.com\/wp-content\/uploads\/2025\/08\/Addy-01.jpg","datePublished":"2018-09-17T08:49:13+00:00","dateModified":"2025-08-16T12:26:08+00:00","breadcrumb":{"@id":"https:\/\/arbuti.com\/impressum\/#breadcrumb"},"inLanguage":"sl-SI","potentialAction":[{"@type":"ReadAction","target":["https:\/\/arbuti.com\/impressum\/"]}]},{"@type":"ImageObject","inLanguage":"sl-SI","@id":"https:\/\/arbuti.com\/impressum\/#primaryimage","url":"https:\/\/arbuti.com\/wp-content\/uploads\/2025\/08\/Addy-01.jpg","contentUrl":"https:\/\/arbuti.com\/wp-content\/uploads\/2025\/08\/Addy-01.jpg"},{"@type":"BreadcrumbList","@id":"https:\/\/arbuti.com\/impressum\/#breadcrumb","itemListElement":[{"@type":"ListItem","position":1,"name":"ARBUTI","item":"https:\/\/arbuti.com\/"},{"@type":"ListItem","position":2,"name":"IMPRESSUM"}]},{"@type":"WebSite","@id":"https:\/\/arbuti.com\/fr\/#website","url":"https:\/\/arbuti.com\/fr\/","name":"ARBUTI Hair Salon","description":"Friseur M\u00fcnchen","publisher":{"@id":"https:\/\/arbuti.com\/fr\/#organization"},"alternateName":"ARBUTI","potentialAction":[{"@type":"SearchAction","target":{"@type":"EntryPoint","urlTemplate":"https:\/\/arbuti.com\/fr\/?s={search_term_string}"},"query-input":{"@type":"PropertyValueSpecification","valueRequired":true,"valueName":"search_term_string"}}],"inLanguage":"sl-SI"},{"@type":"Organization","@id":"https:\/\/arbuti.com\/fr\/#organization","name":"ARBUTI Hair Salon","alternateName":"ARBUTI","url":"https:\/\/arbuti.com\/fr\/","logo":{"@type":"ImageObject","inLanguage":"sl-SI","@id":"https:\/\/arbuti.com\/fr\/#\/schema\/logo\/image\/","url":"https:\/\/arbuti.com\/wp-content\/uploads\/2020\/04\/cropped-Arbuti-Friseur-Muenchen.jpg","contentUrl":"https:\/\/arbuti.com\/wp-content\/uploads\/2020\/04\/cropped-Arbuti-Friseur-Muenchen.jpg","width":512,"height":512,"caption":"ARBUTI Hair Salon"},"image":{"@id":"https:\/\/arbuti.com\/fr\/#\/schema\/logo\/image\/"},"sameAs":["https:\/\/www.facebook.com\/Arbutihairsalon\/","https:\/\/www.instagram.com\/arbutihairsalon\/","https:\/\/www.pinterest.de\/arbutihairsalon\/arbuti-hair-salon\/"]}]}},"uagb_featured_image_src":{"full":false,"thumbnail":false,"medium":false,"medium_large":false,"large":false,"1536x1536":false,"2048x2048":false,"trp-custom-language-flag":false,"wp_review_large":false,"wp_review_small":false},"uagb_author_info":{"display_name":"admin","author_link":"https:\/\/arbuti.com\/sl\/author\/admin\/"},"uagb_comment_info":0,"uagb_excerpt":"Verantwortlich f\u00fcr den Inhalt: Ust-IdNr.: DE308046984 Alternative Streitbeilegung: Die Europ\u00e4ische Kommission stellt eine Plattform f\u00fcr die au\u00dfergerichtliche Online-Streitbeilegung (OS-Plattform) bereit, [&hellip;]","_links":{"self":[{"href":"https:\/\/arbuti.com\/sl\/wp-json\/wp\/v2\/pages\/1323","targetHints":{"allow":["GET"]}}],"collection":[{"href":"https:\/\/arbuti.com\/sl\/wp-json\/wp\/v2\/pages"}],"about":[{"href":"https:\/\/arbuti.com\/sl\/wp-json\/wp\/v2\/types\/page"}],"author":[{"embeddable":true,"href":"https:\/\/arbuti.com\/sl\/wp-json\/wp\/v2\/users\/1"}],"replies":[{"embeddable":true,"href":"https:\/\/arbuti.com\/sl\/wp-json\/wp\/v2\/comments?post=1323"}],"version-history":[{"count":14,"href":"https:\/\/arbuti.com\/sl\/wp-json\/wp\/v2\/pages\/1323\/revisions"}],"predecessor-version":[{"id":14753,"href":"https:\/\/arbuti.com\/sl\/wp-json\/wp\/v2\/pages\/1323\/revisions\/14753"}],"wp:attachment":[{"href":"https:\/\/arbuti.com\/sl\/wp-json\/wp\/v2\/media?parent=1323"}],"curies":[{"name":"wp","href":"https:\/\/api.w.org\/{rel}","templated":true}]}}