{"id":9787,"date":"2021-07-14T10:41:53","date_gmt":"2021-07-14T10:41:53","guid":{"rendered":"https:\/\/arbuti.com\/?page_id=9787"},"modified":"2021-07-14T10:51:01","modified_gmt":"2021-07-14T10:51:01","slug":"agb","status":"publish","type":"page","link":"https:\/\/arbuti.com\/ro\/agb\/","title":{"rendered":"GT&amp;C"},"content":{"rendered":"<p>I. Termeni \u0219i condi\u021bii generale<\/p>\n\n\n\n<p>\u00a7 1 Dispozi\u021bii de baz\u0103<\/p>\n\n\n\n<p>(1) Urm\u0103torii termeni \u0219i condi\u021bii se aplic\u0103 tuturor contractelor pe care le \u00eencheia\u021bi cu noi \u00een calitate de furnizor (ARBUTI Hair Salon) prin intermediul site-ului www.arbuti.com. Cu excep\u021bia cazului \u00een care s-a convenit altfel, ne opunem includerii oric\u0103ror termeni \u0219i condi\u021bii proprii pe care le pute\u021bi utiliza.<\/p>\n\n\n\n<p>(2) Un consumator, \u00een sensul urm\u0103toarelor dispozi\u021bii, este orice persoan\u0103 fizic\u0103 care \u00eencheie un act juridic \u00een scopuri care nu pot fi atribuite \u00een mod predominant nici activit\u0103\u021bii sale comerciale, nici activit\u0103\u021bii sale profesionale independente. Un \u00eentreprinz\u0103tor este orice persoan\u0103 fizic\u0103 sau juridic\u0103 sau un parteneriat cu capacitate juridic\u0103 care, atunci c\u00e2nd \u00eencheie o tranzac\u021bie juridic\u0103, ac\u021bioneaz\u0103 \u00een exercitarea activit\u0103\u021bii sale profesionale sau comerciale independente.<\/p>\n\n\n\n<p><\/p>\n\n\n\n<h3 class=\"wp-block-heading\" id=\"h-terminabsagen-und-stornobedingungen\">ANUL\u0102RI DE \u00ceNT\u00c2LNIRI \u0218I CONDI\u021aII DE ANULARE<\/h3>\n\n\n\n<p>Program\u0103rile sau serviciile care nu pot fi respectate trebuie anulate cu cel pu\u021bin 24 de ore \u00eenainte. \u00cen cazul nerespect\u0103rii termenului men\u021bionat mai sus, ne rezerv\u0103m dreptul de a percepe o tax\u0103 de anulare de 50% din pre\u021bul serviciului pentru pierderea suferit\u0103. Anularea se poate face fie prin e-mail la: <strong>info@arbuti.com<\/strong> sau prin telefon la adresa <strong>089529118<\/strong> s\u0103 aib\u0103 loc.<\/p>\n\n\n\n<p><\/p>\n\n\n\n<p><\/p>","protected":false},"excerpt":{"rendered":"<p>I. Allgemeine Gesch\u00e4ftsbedingungen \u00a7 1 Grundlegende Bestimmungen (1) Die nachstehenden Gesch\u00e4ftsbedingungen gelten f\u00fcr alle Vertr\u00e4ge, die Sie mit uns als [&hellip;]<\/p>","protected":false},"author":1,"featured_media":0,"parent":0,"menu_order":0,"comment_status":"closed","ping_status":"closed","template":"","meta":{"ub_ctt_via":"","_uag_custom_page_level_css":"","site-sidebar-layout":"default","site-content-layout":"default","ast-site-content-layout":"","site-content-style":"default","site-sidebar-style":"default","ast-global-header-display":"","ast-banner-title-visibility":"","ast-main-header-display":"","ast-hfb-above-header-display":"","ast-hfb-below-header-display":"","ast-hfb-mobile-header-display":"","site-post-title":"","ast-breadcrumbs-content":"","ast-featured-img":"","footer-sml-layout":"","theme-transparent-header-meta":"default","adv-header-id-meta":"","stick-header-meta":"default","header-above-stick-meta":"","header-main-stick-meta":"","header-below-stick-meta":"","astra-migrate-meta-layouts":"default","ast-page-background-enabled":"default","ast-page-background-meta":{"desktop":{"background-color":"","background-image":"","background-repeat":"repeat","background-position":"center center","background-size":"auto","background-attachment":"scroll","background-type":"","background-media":"","overlay-type":"","overlay-color":"","overlay-opacity":"","overlay-gradient":""},"tablet":{"background-color":"","background-image":"","background-repeat":"repeat","background-position":"center center","background-size":"auto","background-attachment":"scroll","background-type":"","background-media":"","overlay-type":"","overlay-color":"","overlay-opacity":"","overlay-gradient":""},"mobile":{"background-color":"","background-image":"","background-repeat":"repeat","background-position":"center center","background-size":"auto","background-attachment":"scroll","background-type":"","background-media":"","overlay-type":"","overlay-color":"","overlay-opacity":"","overlay-gradient":""}},"ast-content-background-meta":{"desktop":{"background-color":"var(--ast-global-color-5)","background-image":"","background-repeat":"repeat","background-position":"center center","background-size":"auto","background-attachment":"scroll","background-type":"","background-media":"","overlay-type":"","overlay-color":"","overlay-opacity":"","overlay-gradient":""},"tablet":{"background-color":"var(--ast-global-color-5)","background-image":"","background-repeat":"repeat","background-position":"center center","background-size":"auto","background-attachment":"scroll","background-type":"","background-media":"","overlay-type":"","overlay-color":"","overlay-opacity":"","overlay-gradient":""},"mobile":{"background-color":"var(--ast-global-color-5)","background-image":"","background-repeat":"repeat","background-position":"center center","background-size":"auto","background-attachment":"scroll","background-type":"","background-media":"","overlay-type":"","overlay-color":"","overlay-opacity":"","overlay-gradient":""}},"footnotes":""},"class_list":["post-9787","page","type-page","status-publish","hentry"],"featured_image_src":null,"yoast_head":"<!-- This site is optimized with the Yoast SEO Premium plugin v25.3 (Yoast SEO v25.3) - https:\/\/yoast.com\/wordpress\/plugins\/seo\/ -->\n<title>AGB - ARBUTI Hair Salon<\/title>\n<meta name=\"robots\" content=\"noindex, nofollow\" \/>\n<meta property=\"og:locale\" content=\"ro_RO\" \/>\n<meta property=\"og:type\" content=\"article\" \/>\n<meta property=\"og:title\" content=\"AGB\" \/>\n<meta property=\"og:description\" content=\"I. Allgemeine Gesch\u00e4ftsbedingungen \u00a7 1 Grundlegende Bestimmungen (1) Die nachstehenden Gesch\u00e4ftsbedingungen gelten f\u00fcr alle Vertr\u00e4ge, die Sie mit uns als\" \/>\n<meta property=\"og:url\" content=\"https:\/\/arbuti.com\/ro\/agb\/\" \/>\n<meta property=\"og:site_name\" content=\"ARBUTI Hair Salon\" \/>\n<meta property=\"article:publisher\" content=\"https:\/\/www.facebook.com\/Arbutihairsalon\/\" \/>\n<meta property=\"article:modified_time\" content=\"2021-07-14T10:51:01+00:00\" \/>\n<meta name=\"twitter:card\" content=\"summary_large_image\" \/>\n<meta name=\"twitter:label1\" content=\"Timp estimat pentru citire\" \/>\n\t<meta name=\"twitter:data1\" content=\"1 minut\" \/>\n<script type=\"application\/ld+json\" class=\"yoast-schema-graph\">{\"@context\":\"https:\/\/schema.org\",\"@graph\":[{\"@type\":\"WebPage\",\"@id\":\"https:\/\/arbuti.com\/en\/agb\/\",\"url\":\"https:\/\/arbuti.com\/en\/agb\/\",\"name\":\"AGB - ARBUTI Hair Salon\",\"isPartOf\":{\"@id\":\"https:\/\/arbuti.com\/fr\/#website\"},\"datePublished\":\"2021-07-14T10:41:53+00:00\",\"dateModified\":\"2021-07-14T10:51:01+00:00\",\"breadcrumb\":{\"@id\":\"https:\/\/arbuti.com\/en\/agb\/#breadcrumb\"},\"inLanguage\":\"ro-RO\",\"potentialAction\":[{\"@type\":\"ReadAction\",\"target\":[\"https:\/\/arbuti.com\/en\/agb\/\"]}]},{\"@type\":\"BreadcrumbList\",\"@id\":\"https:\/\/arbuti.com\/en\/agb\/#breadcrumb\",\"itemListElement\":[{\"@type\":\"ListItem\",\"position\":1,\"name\":\"ARBUTI\",\"item\":\"https:\/\/arbuti.com\/\"},{\"@type\":\"ListItem\",\"position\":2,\"name\":\"AGB\"}]},{\"@type\":\"WebSite\",\"@id\":\"https:\/\/arbuti.com\/fr\/#website\",\"url\":\"https:\/\/arbuti.com\/fr\/\",\"name\":\"ARBUTI Hair Salon\",\"description\":\"Friseur M\u00fcnchen\",\"publisher\":{\"@id\":\"https:\/\/arbuti.com\/fr\/#organization\"},\"alternateName\":\"ARBUTI\",\"potentialAction\":[{\"@type\":\"SearchAction\",\"target\":{\"@type\":\"EntryPoint\",\"urlTemplate\":\"https:\/\/arbuti.com\/fr\/?s={search_term_string}\"},\"query-input\":{\"@type\":\"PropertyValueSpecification\",\"valueRequired\":true,\"valueName\":\"search_term_string\"}}],\"inLanguage\":\"ro-RO\"},{\"@type\":\"Organization\",\"@id\":\"https:\/\/arbuti.com\/fr\/#organization\",\"name\":\"ARBUTI Hair Salon\",\"alternateName\":\"ARBUTI\",\"url\":\"https:\/\/arbuti.com\/fr\/\",\"logo\":{\"@type\":\"ImageObject\",\"inLanguage\":\"ro-RO\",\"@id\":\"https:\/\/arbuti.com\/fr\/#\/schema\/logo\/image\/\",\"url\":\"https:\/\/arbuti.com\/wp-content\/uploads\/2020\/04\/cropped-Arbuti-Friseur-Muenchen.jpg\",\"contentUrl\":\"https:\/\/arbuti.com\/wp-content\/uploads\/2020\/04\/cropped-Arbuti-Friseur-Muenchen.jpg\",\"width\":512,\"height\":512,\"caption\":\"ARBUTI Hair Salon\"},\"image\":{\"@id\":\"https:\/\/arbuti.com\/fr\/#\/schema\/logo\/image\/\"},\"sameAs\":[\"https:\/\/www.facebook.com\/Arbutihairsalon\/\",\"https:\/\/www.instagram.com\/arbutihairsalon\/\",\"https:\/\/www.pinterest.de\/arbutihairsalon\/arbuti-hair-salon\/\"]}]}<\/script>\n<!-- \/ Yoast SEO Premium plugin. -->","yoast_head_json":{"title":"AGB - ARBUTI Hair Salon","robots":{"index":"noindex","follow":"nofollow"},"og_locale":"ro_RO","og_type":"article","og_title":"AGB","og_description":"I. Allgemeine Gesch\u00e4ftsbedingungen \u00a7 1 Grundlegende Bestimmungen (1) Die nachstehenden Gesch\u00e4ftsbedingungen gelten f\u00fcr alle Vertr\u00e4ge, die Sie mit uns als","og_url":"https:\/\/arbuti.com\/ro\/agb\/","og_site_name":"ARBUTI Hair Salon","article_publisher":"https:\/\/www.facebook.com\/Arbutihairsalon\/","article_modified_time":"2021-07-14T10:51:01+00:00","twitter_card":"summary_large_image","twitter_misc":{"Timp estimat pentru citire":"1 minut"},"schema":{"@context":"https:\/\/schema.org","@graph":[{"@type":"WebPage","@id":"https:\/\/arbuti.com\/en\/agb\/","url":"https:\/\/arbuti.com\/en\/agb\/","name":"AGB - ARBUTI Hair Salon","isPartOf":{"@id":"https:\/\/arbuti.com\/fr\/#website"},"datePublished":"2021-07-14T10:41:53+00:00","dateModified":"2021-07-14T10:51:01+00:00","breadcrumb":{"@id":"https:\/\/arbuti.com\/en\/agb\/#breadcrumb"},"inLanguage":"ro-RO","potentialAction":[{"@type":"ReadAction","target":["https:\/\/arbuti.com\/en\/agb\/"]}]},{"@type":"BreadcrumbList","@id":"https:\/\/arbuti.com\/en\/agb\/#breadcrumb","itemListElement":[{"@type":"ListItem","position":1,"name":"ARBUTI","item":"https:\/\/arbuti.com\/"},{"@type":"ListItem","position":2,"name":"AGB"}]},{"@type":"WebSite","@id":"https:\/\/arbuti.com\/fr\/#website","url":"https:\/\/arbuti.com\/fr\/","name":"ARBUTI Hair Salon","description":"Friseur M\u00fcnchen","publisher":{"@id":"https:\/\/arbuti.com\/fr\/#organization"},"alternateName":"ARBUTI","potentialAction":[{"@type":"SearchAction","target":{"@type":"EntryPoint","urlTemplate":"https:\/\/arbuti.com\/fr\/?s={search_term_string}"},"query-input":{"@type":"PropertyValueSpecification","valueRequired":true,"valueName":"search_term_string"}}],"inLanguage":"ro-RO"},{"@type":"Organization","@id":"https:\/\/arbuti.com\/fr\/#organization","name":"ARBUTI Hair Salon","alternateName":"ARBUTI","url":"https:\/\/arbuti.com\/fr\/","logo":{"@type":"ImageObject","inLanguage":"ro-RO","@id":"https:\/\/arbuti.com\/fr\/#\/schema\/logo\/image\/","url":"https:\/\/arbuti.com\/wp-content\/uploads\/2020\/04\/cropped-Arbuti-Friseur-Muenchen.jpg","contentUrl":"https:\/\/arbuti.com\/wp-content\/uploads\/2020\/04\/cropped-Arbuti-Friseur-Muenchen.jpg","width":512,"height":512,"caption":"ARBUTI Hair Salon"},"image":{"@id":"https:\/\/arbuti.com\/fr\/#\/schema\/logo\/image\/"},"sameAs":["https:\/\/www.facebook.com\/Arbutihairsalon\/","https:\/\/www.instagram.com\/arbutihairsalon\/","https:\/\/www.pinterest.de\/arbutihairsalon\/arbuti-hair-salon\/"]}]}},"uagb_featured_image_src":{"full":false,"thumbnail":false,"medium":false,"medium_large":false,"large":false,"1536x1536":false,"2048x2048":false,"trp-custom-language-flag":false,"wp_review_large":false,"wp_review_small":false},"uagb_author_info":{"display_name":"admin","author_link":"https:\/\/arbuti.com\/ro\/author\/admin\/"},"uagb_comment_info":0,"uagb_excerpt":"I. Allgemeine Gesch\u00e4ftsbedingungen \u00a7 1 Grundlegende Bestimmungen (1) Die nachstehenden Gesch\u00e4ftsbedingungen gelten f\u00fcr alle Vertr\u00e4ge, die Sie mit uns als [&hellip;]","_links":{"self":[{"href":"https:\/\/arbuti.com\/ro\/wp-json\/wp\/v2\/pages\/9787","targetHints":{"allow":["GET"]}}],"collection":[{"href":"https:\/\/arbuti.com\/ro\/wp-json\/wp\/v2\/pages"}],"about":[{"href":"https:\/\/arbuti.com\/ro\/wp-json\/wp\/v2\/types\/page"}],"author":[{"embeddable":true,"href":"https:\/\/arbuti.com\/ro\/wp-json\/wp\/v2\/users\/1"}],"replies":[{"embeddable":true,"href":"https:\/\/arbuti.com\/ro\/wp-json\/wp\/v2\/comments?post=9787"}],"version-history":[{"count":3,"href":"https:\/\/arbuti.com\/ro\/wp-json\/wp\/v2\/pages\/9787\/revisions"}],"predecessor-version":[{"id":9790,"href":"https:\/\/arbuti.com\/ro\/wp-json\/wp\/v2\/pages\/9787\/revisions\/9790"}],"wp:attachment":[{"href":"https:\/\/arbuti.com\/ro\/wp-json\/wp\/v2\/media?parent=9787"}],"curies":[{"name":"wp","href":"https:\/\/api.w.org\/{rel}","templated":true}]}}