{"id":1146,"date":"2024-06-23T09:46:26","date_gmt":"2024-06-23T09:46:26","guid":{"rendered":"http:\/\/muenchenfriseur.com\/?page_id=1146"},"modified":"2024-06-23T09:50:17","modified_gmt":"2024-06-23T09:50:17","slug":"friseur-job-muenchen","status":"publish","type":"page","link":"https:\/\/arbuti.com\/pl\/fryzjer-job-muenchen\/","title":{"rendered":"Fryzjer Praca Monachium"},"content":{"rendered":"<div style=\"height:33px\" aria-hidden=\"true\" class=\"wp-block-spacer\"><\/div>\n\n\n\n<h1 class=\"wp-block-heading has-text-align-center\" id=\"h-friseur-job-munchen\">Fryzjer Praca Monachium<\/h1>\n\n\n\n<p class=\"has-text-align-center\">Zg\u0142o\u015b si\u0119 tutaj online do nowej pracy w bran\u017cy fryzjerskiej w <strong>Monachium<\/strong>.<\/p>\n\n\n\n<figure class=\"wp-block-image aligncenter size-large is-resized\"><a href=\"https:\/\/arbuti.com\/wp-content\/uploads\/2022\/08\/Friseur-Job-Muenchen-02.jpg\"><img loading=\"lazy\" decoding=\"async\" width=\"1024\" height=\"630\" src=\"https:\/\/arbuti.com\/wp-content\/uploads\/2022\/08\/Friseur-Job-Muenchen-02-1024x630.jpg\" alt=\"Fryzjer Praca Monachium\" class=\"wp-image-10825\" style=\"width:768px\" srcset=\"https:\/\/arbuti.com\/wp-content\/uploads\/2022\/08\/Friseur-Job-Muenchen-02-1024x630.jpg 1024w, https:\/\/arbuti.com\/wp-content\/uploads\/2022\/08\/Friseur-Job-Muenchen-02-300x185.jpg 300w, https:\/\/arbuti.com\/wp-content\/uploads\/2022\/08\/Friseur-Job-Muenchen-02-768x472.jpg 768w, https:\/\/arbuti.com\/wp-content\/uploads\/2022\/08\/Friseur-Job-Muenchen-02-18x12.jpg 18w, https:\/\/arbuti.com\/wp-content\/uploads\/2022\/08\/Friseur-Job-Muenchen-02.jpg 1200w\" sizes=\"auto, (max-width: 1024px) 100vw, 1024px\" \/><\/a><\/figure>\n\n\n\n<h3 class=\"wp-block-heading has-text-align-center\" id=\"h-wir-suchen-friseure-w-m\">Poszukujemy fryzjer\u00f3w f\/m<\/h3>\n\n\n\n<p class=\"has-text-align-center\">Niezale\u017cnie od tego, czy pracujesz w pe\u0142nym czy niepe\u0142nym wymiarze godzin. Czy dopiero zaczynasz, czy jeste\u015b fryzjerem od jakiego\u015b czasu. <br>Szukasz nowej pracy jako fryzjer w Monachium? Z\u0142\u00f3\u017c aplikacj\u0119 online poni\u017cej! <br><br>Czekamy na Pa\u0144stwa zg\u0142oszenia.<\/p>\n\n\n\n<p class=\"has-text-align-center\"><a href=\"https:\/\/arbuti.com\/pl\/fryzjer-job-muenchen\/\">Wystarczy z\u0142o\u017cy\u0107 wniosek online poni\u017cej<\/a> lub tutaj po prostu przez <span style=\"text-decoration: underline;\"><a href=\"https:\/\/wa.me\/4917670260648\">WhatsApp<\/a> <\/span>napisz do!<\/p>\n\n\n\n<div style=\"height:42px\" aria-hidden=\"true\" class=\"wp-block-spacer\"><\/div>\n\n\n\n<p id=\"h-coole-arbeitszeiten\">Perfect <strong>Godziny pracy:<\/strong> <br>Poniedzia\u0142ek - pi\u0105tek: Maksymalnie tylko do 18:30.<br>Sobota: Maksymalnie tylko do 15:00<\/p>\n\n\n\n<hr class=\"wp-block-separator has-css-opacity is-style-wide\"\/>\n\n\n\n<p><strong>Najwy\u017csze wynagrodzenie + prowizja<\/strong>:<br>Wysokie wynagrodzenie + prowizje. Niezale\u017cnie od tego, czy dopiero zaczynasz, czy jeste\u015b fryzjerem od jakiego\u015b czasu.<\/p>\n\n\n\n<hr class=\"wp-block-separator has-css-opacity is-style-wide\"\/>\n\n\n\n<p><strong>Fajne \u015brodowisko pracy:<\/strong><br>Lubisz swobodne - cool \u015brodowisko pracy, w kt\u00f3rym mo\u017cesz pozosta\u0107 taki, jaki jeste\u015b - bez dress code'u.<\/p>\n\n\n\n<hr class=\"wp-block-separator has-css-opacity is-style-wide\"\/>\n\n\n\n<p><strong>Dzielnica Hip:<\/strong><br>Idealna praca dla fryzjera w Monachium. Sp\u0119dzaj swoje godziny pracy centralnie w Monachium Maxvorstadt i poznaj wielu mi\u0142ych ludzi.<\/p>\n\n\n\n<hr class=\"wp-block-separator has-css-opacity is-style-wide\"\/>\n\n\n\n<div style=\"height:43px\" aria-hidden=\"true\" class=\"wp-block-spacer\"><\/div>\n\n\n\n<h2 class=\"wp-block-heading has-text-align-center\" id=\"online-bewerbung\">Wniosek online tutaj<\/h2>\n\n\n\n<p class=\"has-text-align-center\">Z\u0142\u00f3\u017c wniosek online tutaj lub po prostu przez <a href=\"https:\/\/wa.me\/4917670260648\"><strong><span style=\"text-decoration: underline;\">WhatsApp<\/span><\/strong><\/a> napisz do!<\/p>\n\n\n\n\n\n<hr class=\"wp-block-separator has-css-opacity is-style-wide\"\/>\n\n\n\n<div style=\"height:678px\" aria-hidden=\"true\" class=\"wp-block-spacer\"><\/div>\n\n\n\n\t<section class=\"sc_fs_job sc_card\">\n\t\t<h2>Fryzjer Praca Monachium<\/h2>\t\t<p>\n\t\t\tNowa fryzura Monachium - Arbuti Hair Salon Monachium\t\t<\/p>\n\t\t<div class=\"sc_row\">\n\t\t\t<div class=\"sc_grey-box\">\n\t\t\t\t<div class=\"sc_box-label\">\n\t\t\t\t\tFirma\t\t\t\t<\/div>\n\t\t\t\t<div class=\"sc_company\">\n\t\t\t\t\t<div class=\"sc_company-infos\">\n\t\t\t\t\t\t<div class=\"sc_input-group\">\n\t\t\t\t\t\t\t<div class=\"sc_input-label\">\n\t\t\t\t\t\t\t\tNazwa\t\t\t\t\t\t\t<\/div>\n\t\t\t\t\t\t\t<div class=\"wp-block-structured-content-job__companyName\">\n\t\t\t\t\t\t\t\tSalon fryzjerski Arbuti\t\t\t\t\t\t\t<\/div>\n\t\t\t\t\t\t<\/div>\n\t\t\t\t\t\t<div class=\"sc_input-group\">\n\t\t\t\t\t\t\t<div class=\"sc_input-label\">\n\t\t\t\t\t\t\t\tTak jak (Strona internetowa \/ Media spo\u0142eczno\u015bciowe)\t\t\t\t\t\t\t<\/div>\n\t\t\t\t\t\t\t<div class=\"wp-block-structured-content-job__sameAs\">\n\t\t\t\t\t\t\t\t<a href=\"https:\/\/arbuti.com\/pl\/fryzjer-job-muenchen\/\">https:\/\/arbuti.com\/friseur-job-muenchen\/<\/a>\n\t\t\t\t\t\t\t<\/div>\n\t\t\t\t\t\t<\/div>\n\t\t\t\t\t<\/div>\n\t\t\t\t\t\t\t\t\t\t\t<div class=\"sc_company-logo\">\n\t\t\t\t\t\t\t<div class=\"sc_input-group\">\n\t\t\t\t\t\t\t\t<div class=\"sc_input-label\">\n\t\t\t\t\t\t\t\t\tLogo\t\t\t\t\t\t\t\t<\/div>\n\t\t\t\t\t\t\t\t<div>\n\t\t\t\t\t\t\t\t\t<figure class=\"sc_company-logo-wrapper\">\n\t\t\t\t\t\t\t\t\t\t<a href=\"https:\/\/arbuti.com\/wp-content\/uploads\/2020\/04\/cropped-Arbuti-Friseur-Muenchen.jpg\"\n\t\t\t\t\t\t\t\t\t\t   title=\"\">\n\t\t\t\t\t\t\t\t\t\t\t<img decoding=\"async\" src=\"https:\/\/arbuti.com\/wp-content\/uploads\/2020\/04\/cropped-Arbuti-Friseur-Muenchen-150x150.jpg\"\n\t\t\t\t\t\t\t\t\t\t\t\t alt=\"\"\/>\n\t\t\t\t\t\t\t\t\t\t<\/a>\n\t\t\t\t\t\t\t\t\t\t<meta content=\"https:\/\/arbuti.com\/wp-content\/uploads\/2020\/04\/cropped-Arbuti-Friseur-Muenchen.jpg\">\n\t\t\t\t\t\t\t\t\t\t<meta content=\"512\">\n\t\t\t\t\t\t\t\t\t\t<meta content=\"512\">\n\t\t\t\t\t\t\t\t\t<\/figure>\n\t\t\t\t\t\t\t\t<\/div>\n\t\t\t\t\t\t\t<\/div>\n\t\t\t\t\t\t<\/div>\n\t\t\t\t\t\t\t\t\t<\/div>\n\t\t\t<\/div>\n\t\t\t<div class=\"sc_grey-box\">\n\t\t\t\t<div class=\"sc_box-label\">\n\t\t\t\t\tMiejsce pracy\t\t\t\t<\/div>\n\t\t\t\t<div class=\"sc_input-group\">\n\t\t\t\t\t<div class=\"sc_input-label\">\n\t\t\t\t\t\tUlica\t\t\t\t\t<\/div>\n\t\t\t\t\t<div class=\"wp-block-structured-content-job__streetAddress\">\n\t\t\t\t\t\tGabelsbergerstr. 62\t\t\t\t\t<\/div>\n\t\t\t\t<\/div>\n\t\t\t\t<div class=\"sc_row\">\n\t\t\t\t\t<div class=\"sc_input-group\">\n\t\t\t\t\t\t<div class=\"sc_input-label\">\n\t\t\t\t\t\t\tKod pocztowy\t\t\t\t\t\t<\/div>\n\t\t\t\t\t\t<div class=\"wp-block-structured-content-job__postalCode\">\n\t\t\t\t\t\t\t80333\t\t\t\t\t\t<\/div>\n\t\t\t\t\t<\/div>\n\t\t\t\t\t<div class=\"sc_input-group\">\n\t\t\t\t\t\t<div class=\"sc_input-label\">\n\t\t\t\t\t\t\tPo\u0142o\u017cenie\t\t\t\t\t\t<\/div>\n\t\t\t\t\t\t<div class=\"wp-block-structured-content-job__addressLocality\">\n\t\t\t\t\t\t\tMonachium\t\t\t\t\t\t<\/div>\n\t\t\t\t\t<\/div>\n\t\t\t\t<\/div>\n\t\t\t\t<div class=\"sc_row\">\n\t\t\t\t\t<div class=\"sc_input-group\">\n\t\t\t\t\t\t<div class=\"sc_input-label\">\n\t\t\t\t\t\t\tKraj Kod ISO\t\t\t\t\t\t<\/div>\n\t\t\t\t\t\t<div class=\"wp-block-structured-content-job__addressCountry\">\n\t\t\t\t\t\t\tPL\t\t\t\t\t\t<\/div>\n\t\t\t\t\t<\/div>\n\t\t\t\t\t<div class=\"sc_input-group\">\n\t\t\t\t\t\t<div class=\"sc_input-label\">\n\t\t\t\t\t\t\tRegion Kod ISO\t\t\t\t\t\t<\/div>\n\t\t\t\t\t\t<div class=\"wp-block-structured-content-job__addressRegion\">\n\t\t\t\t\t\t\tDE-BY\t\t\t\t\t\t<\/div>\n\t\t\t\t\t<\/div>\n\t\t\t\t<\/div>\n\t\t\t<\/div>\n\t\t<\/div>\n\t\t<div class=\"sc_row\">\n\t\t\t\t\t\t<div class=\"sc_grey-box\">\n\t\t\t\t<div class=\"sc_box-label\">\n\t\t\t\t\tPraca Meta\t\t\t\t<\/div>\n\t\t\t\t\t\t\t\t\t<div class=\"sc_input-group\">\n\t\t\t\t\t\t<div class=\"sc_input-label\">\n\t\t\t\t\t\t\tRodzaj zatrudnienia\t\t\t\t\t\t<\/div>\n\t\t\t\t\t\t<div class=\"wp-block-structured-content-job__employmentType\">\n\t\t\t\t\t\t\tPe\u0142ny etat\t\t\t\t\t\t<\/div>\n\t\t\t\t\t<\/div>\n\t\t\t\t\t\t\t\t\t\t\t\t<div class=\"sc_input-group\">\n\t\t\t\t\t<div class=\"sc_input-label\">\n\t\t\t\t\t\tWa\u017cny przez\t\t\t\t\t<\/div>\n\t\t\t\t\t<div class=\"wp-block-structured-content-job__validThrough\">\n\t\t\t\t\t\t31. stycze\u0144 2031\t\t\t\t\t<\/div>\n\t\t\t\t<\/div>\n\t\t\t<\/div>\n\t\t<\/div>\n\t<\/section>\n<script type=\"application\/ld+json\">{\n    \"@context\": \"http:\\\/\\\/schema.org\\\/\",\n    \"@type\": \"JobPosting\",\n    \"title\": \"Friseur Job M\\u00fcnchen\",\n    \"description\": \"Neuer Frisur Job M\\u00fcnchen - Arbuti Hair Salon M\\u00fcnchen\",\n    \"datePosted\": \"2024-06-23T09:46:26+00:00\",\n    \"validThrough\": \"2031-01-31T00:00:00+00:00\",\n    \"employmentType\": \"FULL_TIME\",\n    \"hiringOrganization\": {\n        \"@type\": \"Organization\",\n        \"name\": \"Arbuti Hair Salon\",\n        \"sameAs\": \"https:\\\/\\\/arbuti.com\\\/friseur-job-muenchen\\\/\",\n        \"logo\": \"https:\\\/\\\/arbuti.com\\\/wp-content\\\/uploads\\\/2020\\\/04\\\/cropped-Arbuti-Friseur-Muenchen.jpg\"\n    },\n    \"jobLocation\": {\n        \"@type\": \"Place\",\n        \"address\": {\n            \"@type\": \"PostalAddress\",\n            \"streetAddress\": \"Gabelsbergerstr. 62\",\n            \"addressLocality\": \"M\\u00fcnchen\",\n            \"addressRegion\": \"DE-BY\",\n            \"postalCode\": \"80333\",\n            \"addressCountry\": \"DE\"\n        }\n    }\n}<\/script>","protected":false},"excerpt":{"rendered":"<p>Friseur Job M\u00fcnchen Bewirb dich hier Online bei uns f\u00fcr dein neuen Friseur Job in M\u00fcnchen. Wir suchen Friseure w\/m [&hellip;]<\/p>\n","protected":false},"author":1,"featured_media":0,"parent":0,"menu_order":0,"comment_status":"closed","ping_status":"closed","template":"","meta":{"ub_ctt_via":"","_uag_custom_page_level_css":"","site-sidebar-layout":"no-sidebar","site-content-layout":"default","ast-site-content-layout":"default","site-content-style":"default","site-sidebar-style":"default","ast-global-header-display":"","ast-banner-title-visibility":"","ast-main-header-display":"","ast-hfb-above-header-display":"","ast-hfb-below-header-display":"","ast-hfb-mobile-header-display":"","site-post-title":"disabled","ast-breadcrumbs-content":"","ast-featured-img":"","footer-sml-layout":"","ast-disable-related-posts":"","theme-transparent-header-meta":"default","adv-header-id-meta":"","stick-header-meta":"default","header-above-stick-meta":"","header-main-stick-meta":"","header-below-stick-meta":"","astra-migrate-meta-layouts":"set","ast-page-background-enabled":"default","ast-page-background-meta":{"desktop":{"background-color":"","background-image":"","background-repeat":"repeat","background-position":"center center","background-size":"auto","background-attachment":"scroll","background-type":"","background-media":"","overlay-type":"","overlay-color":"","overlay-opacity":"","overlay-gradient":""},"tablet":{"background-color":"","background-image":"","background-repeat":"repeat","background-position":"center center","background-size":"auto","background-attachment":"scroll","background-type":"","background-media":"","overlay-type":"","overlay-color":"","overlay-opacity":"","overlay-gradient":""},"mobile":{"background-color":"","background-image":"","background-repeat":"repeat","background-position":"center center","background-size":"auto","background-attachment":"scroll","background-type":"","background-media":"","overlay-type":"","overlay-color":"","overlay-opacity":"","overlay-gradient":""}},"ast-content-background-meta":{"desktop":{"background-color":"var(--ast-global-color-5)","background-image":"","background-repeat":"repeat","background-position":"center center","background-size":"auto","background-attachment":"scroll","background-type":"","background-media":"","overlay-type":"","overlay-color":"","overlay-opacity":"","overlay-gradient":""},"tablet":{"background-color":"var(--ast-global-color-5)","background-image":"","background-repeat":"repeat","background-position":"center center","background-size":"auto","background-attachment":"scroll","background-type":"","background-media":"","overlay-type":"","overlay-color":"","overlay-opacity":"","overlay-gradient":""},"mobile":{"background-color":"var(--ast-global-color-5)","background-image":"","background-repeat":"repeat","background-position":"center center","background-size":"auto","background-attachment":"scroll","background-type":"","background-media":"","overlay-type":"","overlay-color":"","overlay-opacity":"","overlay-gradient":""}},"footnotes":""},"class_list":["post-1146","page","type-page","status-publish","hentry"],"featured_image_src":null,"yoast_head":"<!-- This site is optimized with the Yoast SEO Premium plugin v27.5 (Yoast SEO v27.5) - https:\/\/yoast.com\/product\/yoast-seo-premium-wordpress\/ -->\n<title>Friseur Job M\u00fcnchen - ARBUTI Hair Salon - Online Bewerbung!<\/title>\n<meta name=\"description\" content=\"Friseur Job M\u00fcnchen bei Arbuti. Wir suchen Friseure in Voll und Teilzeit f\u00fcr unser Team in M\u00fcnchen. Bewirb dich jetzt Online. Stellenangebot Friseur!\" \/>\n<meta name=\"robots\" content=\"index, follow, max-snippet:-1, max-image-preview:large, max-video-preview:-1\" \/>\n<link rel=\"canonical\" href=\"https:\/\/arbuti.com\/pl\/fryzjer-job-muenchen\/\" \/>\n<meta property=\"og:locale\" content=\"pl_PL\" \/>\n<meta property=\"og:type\" content=\"article\" \/>\n<meta property=\"og:title\" content=\"Friseur Job M\u00fcnchen\" \/>\n<meta property=\"og:description\" content=\"Wir suchen Friseure (w\/m), f\u00fcr unser Team in M\u00fcnchen. In Vollzeit oder Teilzeit. Bewirb dich jetzt!\" \/>\n<meta property=\"og:url\" content=\"https:\/\/arbuti.com\/pl\/fryzjer-job-muenchen\/\" \/>\n<meta property=\"og:site_name\" content=\"ARBUTI Hair Salon\" \/>\n<meta property=\"article:publisher\" content=\"https:\/\/www.facebook.com\/Arbutihairsalon\/\" \/>\n<meta property=\"article:modified_time\" content=\"2024-06-23T09:50:17+00:00\" \/>\n<meta property=\"og:image\" content=\"https:\/\/arbuti.com\/wp-content\/uploads\/2020\/05\/Friseur-Job-Muenchen-2.jpg\" \/>\n\t<meta property=\"og:image:width\" content=\"1200\" \/>\n\t<meta property=\"og:image:height\" content=\"738\" \/>\n\t<meta property=\"og:image:type\" content=\"image\/jpeg\" \/>\n<meta name=\"twitter:card\" content=\"summary_large_image\" \/>\n<meta name=\"twitter:description\" content=\"Friseur Job M\u00fcnchen Bewirb dich hier Online bei uns f\u00fcr dein neuen Friseur Job in M\u00fcnchen. Wir suchen Friseure w\/m Egal ob Vollzeit oder Teilzeit. Egal ob\" \/>\n<meta name=\"twitter:label1\" content=\"Szacowany czas czytania\" \/>\n\t<meta name=\"twitter:data1\" content=\"2 minuty\" \/>\n<script type=\"application\/ld+json\" class=\"yoast-schema-graph\">{\"@context\":\"https:\\\/\\\/schema.org\",\"@graph\":[{\"@type\":\"WebPage\",\"@id\":\"https:\\\/\\\/arbuti.com\\\/friseur-job-muenchen\\\/\",\"url\":\"https:\\\/\\\/arbuti.com\\\/friseur-job-muenchen\\\/\",\"name\":\"Friseur Job M\u00fcnchen - ARBUTI Hair Salon - Online Bewerbung!\",\"isPartOf\":{\"@id\":\"https:\\\/\\\/arbuti.com\\\/fr\\\/#website\"},\"primaryImageOfPage\":{\"@id\":\"https:\\\/\\\/arbuti.com\\\/friseur-job-muenchen\\\/#primaryimage\"},\"image\":{\"@id\":\"https:\\\/\\\/arbuti.com\\\/friseur-job-muenchen\\\/#primaryimage\"},\"thumbnailUrl\":\"https:\\\/\\\/arbuti.com\\\/wp-content\\\/uploads\\\/2022\\\/08\\\/Friseur-Job-Muenchen-02-1024x630.jpg\",\"datePublished\":\"2024-06-23T09:46:26+00:00\",\"dateModified\":\"2024-06-23T09:50:17+00:00\",\"description\":\"Friseur Job M\u00fcnchen bei Arbuti. Wir suchen Friseure in Voll und Teilzeit f\u00fcr unser Team in M\u00fcnchen. Bewirb dich jetzt Online. Stellenangebot Friseur!\",\"breadcrumb\":{\"@id\":\"https:\\\/\\\/arbuti.com\\\/friseur-job-muenchen\\\/#breadcrumb\"},\"inLanguage\":\"pl-PL\",\"potentialAction\":[{\"@type\":\"ReadAction\",\"target\":[\"https:\\\/\\\/arbuti.com\\\/friseur-job-muenchen\\\/\"]}]},{\"@type\":\"ImageObject\",\"inLanguage\":\"pl-PL\",\"@id\":\"https:\\\/\\\/arbuti.com\\\/friseur-job-muenchen\\\/#primaryimage\",\"url\":\"https:\\\/\\\/arbuti.com\\\/wp-content\\\/uploads\\\/2022\\\/08\\\/Friseur-Job-Muenchen-02-1024x630.jpg\",\"contentUrl\":\"https:\\\/\\\/arbuti.com\\\/wp-content\\\/uploads\\\/2022\\\/08\\\/Friseur-Job-Muenchen-02-1024x630.jpg\"},{\"@type\":\"BreadcrumbList\",\"@id\":\"https:\\\/\\\/arbuti.com\\\/friseur-job-muenchen\\\/#breadcrumb\",\"itemListElement\":[{\"@type\":\"ListItem\",\"position\":1,\"name\":\"ARBUTI\",\"item\":\"https:\\\/\\\/arbuti.com\\\/\"},{\"@type\":\"ListItem\",\"position\":2,\"name\":\"Friseur Job M\u00fcnchen\"}]},{\"@type\":\"WebSite\",\"@id\":\"https:\\\/\\\/arbuti.com\\\/fr\\\/#website\",\"url\":\"https:\\\/\\\/arbuti.com\\\/fr\\\/\",\"name\":\"ARBUTI Hair Salon\",\"description\":\"Friseur M\u00fcnchen\",\"publisher\":{\"@id\":\"https:\\\/\\\/arbuti.com\\\/fr\\\/#organization\"},\"alternateName\":\"ARBUTI\",\"potentialAction\":[{\"@type\":\"SearchAction\",\"target\":{\"@type\":\"EntryPoint\",\"urlTemplate\":\"https:\\\/\\\/arbuti.com\\\/fr\\\/?s={search_term_string}\"},\"query-input\":{\"@type\":\"PropertyValueSpecification\",\"valueRequired\":true,\"valueName\":\"search_term_string\"}}],\"inLanguage\":\"pl-PL\"},{\"@type\":\"Organization\",\"@id\":\"https:\\\/\\\/arbuti.com\\\/fr\\\/#organization\",\"name\":\"ARBUTI Hair Salon\",\"alternateName\":\"ARBUTI\",\"url\":\"https:\\\/\\\/arbuti.com\\\/fr\\\/\",\"logo\":{\"@type\":\"ImageObject\",\"inLanguage\":\"pl-PL\",\"@id\":\"https:\\\/\\\/arbuti.com\\\/fr\\\/#\\\/schema\\\/logo\\\/image\\\/\",\"url\":\"https:\\\/\\\/arbuti.com\\\/wp-content\\\/uploads\\\/2020\\\/04\\\/cropped-Arbuti-Friseur-Muenchen.jpg\",\"contentUrl\":\"https:\\\/\\\/arbuti.com\\\/wp-content\\\/uploads\\\/2020\\\/04\\\/cropped-Arbuti-Friseur-Muenchen.jpg\",\"width\":512,\"height\":512,\"caption\":\"ARBUTI Hair Salon\"},\"image\":{\"@id\":\"https:\\\/\\\/arbuti.com\\\/fr\\\/#\\\/schema\\\/logo\\\/image\\\/\"},\"sameAs\":[\"https:\\\/\\\/www.facebook.com\\\/Arbutihairsalon\\\/\",\"https:\\\/\\\/www.instagram.com\\\/arbutihairsalon\\\/\",\"https:\\\/\\\/www.pinterest.de\\\/arbutihairsalon\\\/arbuti-hair-salon\\\/\"]}]}<\/script>\n<!-- \/ Yoast SEO Premium plugin. -->","yoast_head_json":{"title":"Praca Fryzjer Monachium - Salon Fryzjerski ARBUTI - Aplikuj online!","description":"Fryzjer Praca Monachium w Arbuti. Poszukujemy fryzjer\u00f3w na ca\u0142y lub cz\u0119\u015b\u0107 etatu do naszego zespo\u0142u w Monachium. Aplikuj online teraz. Oferta pracy fryzjer!","robots":{"index":"index","follow":"follow","max-snippet":"max-snippet:-1","max-image-preview":"max-image-preview:large","max-video-preview":"max-video-preview:-1"},"canonical":"https:\/\/arbuti.com\/pl\/fryzjer-job-muenchen\/","og_locale":"pl_PL","og_type":"article","og_title":"Friseur Job M\u00fcnchen","og_description":"Wir suchen Friseure (w\/m), f\u00fcr unser Team in M\u00fcnchen. In Vollzeit oder Teilzeit. Bewirb dich jetzt!","og_url":"https:\/\/arbuti.com\/pl\/fryzjer-job-muenchen\/","og_site_name":"ARBUTI Hair Salon","article_publisher":"https:\/\/www.facebook.com\/Arbutihairsalon\/","article_modified_time":"2024-06-23T09:50:17+00:00","og_image":[{"width":1200,"height":738,"url":"https:\/\/arbuti.com\/wp-content\/uploads\/2020\/05\/Friseur-Job-Muenchen-2.jpg","type":"image\/jpeg"}],"twitter_card":"summary_large_image","twitter_description":"Friseur Job M\u00fcnchen Bewirb dich hier Online bei uns f\u00fcr dein neuen Friseur Job in M\u00fcnchen. Wir suchen Friseure w\/m Egal ob Vollzeit oder Teilzeit. Egal ob","twitter_misc":{"Szacowany czas czytania":"2 minuty"},"schema":{"@context":"https:\/\/schema.org","@graph":[{"@type":"WebPage","@id":"https:\/\/arbuti.com\/friseur-job-muenchen\/","url":"https:\/\/arbuti.com\/friseur-job-muenchen\/","name":"Praca Fryzjer Monachium - Salon Fryzjerski ARBUTI - Aplikuj online!","isPartOf":{"@id":"https:\/\/arbuti.com\/fr\/#website"},"primaryImageOfPage":{"@id":"https:\/\/arbuti.com\/friseur-job-muenchen\/#primaryimage"},"image":{"@id":"https:\/\/arbuti.com\/friseur-job-muenchen\/#primaryimage"},"thumbnailUrl":"https:\/\/arbuti.com\/wp-content\/uploads\/2022\/08\/Friseur-Job-Muenchen-02-1024x630.jpg","datePublished":"2024-06-23T09:46:26+00:00","dateModified":"2024-06-23T09:50:17+00:00","description":"Fryzjer Praca Monachium w Arbuti. Poszukujemy fryzjer\u00f3w na ca\u0142y lub cz\u0119\u015b\u0107 etatu do naszego zespo\u0142u w Monachium. Aplikuj online teraz. Oferta pracy fryzjer!","breadcrumb":{"@id":"https:\/\/arbuti.com\/friseur-job-muenchen\/#breadcrumb"},"inLanguage":"pl-PL","potentialAction":[{"@type":"ReadAction","target":["https:\/\/arbuti.com\/friseur-job-muenchen\/"]}]},{"@type":"ImageObject","inLanguage":"pl-PL","@id":"https:\/\/arbuti.com\/friseur-job-muenchen\/#primaryimage","url":"https:\/\/arbuti.com\/wp-content\/uploads\/2022\/08\/Friseur-Job-Muenchen-02-1024x630.jpg","contentUrl":"https:\/\/arbuti.com\/wp-content\/uploads\/2022\/08\/Friseur-Job-Muenchen-02-1024x630.jpg"},{"@type":"BreadcrumbList","@id":"https:\/\/arbuti.com\/friseur-job-muenchen\/#breadcrumb","itemListElement":[{"@type":"ListItem","position":1,"name":"ARBUTI","item":"https:\/\/arbuti.com\/"},{"@type":"ListItem","position":2,"name":"Friseur Job M\u00fcnchen"}]},{"@type":"WebSite","@id":"https:\/\/arbuti.com\/fr\/#website","url":"https:\/\/arbuti.com\/fr\/","name":"Salon fryzjerski ARBUTI","description":"Fryzjer Monachium","publisher":{"@id":"https:\/\/arbuti.com\/fr\/#organization"},"alternateName":"ARBUTI","potentialAction":[{"@type":"SearchAction","target":{"@type":"EntryPoint","urlTemplate":"https:\/\/arbuti.com\/fr\/?s={search_term_string}"},"query-input":{"@type":"PropertyValueSpecification","valueRequired":true,"valueName":"search_term_string"}}],"inLanguage":"pl-PL"},{"@type":"Organization","@id":"https:\/\/arbuti.com\/fr\/#organization","name":"Salon fryzjerski ARBUTI","alternateName":"ARBUTI","url":"https:\/\/arbuti.com\/fr\/","logo":{"@type":"ImageObject","inLanguage":"pl-PL","@id":"https:\/\/arbuti.com\/fr\/#\/schema\/logo\/image\/","url":"https:\/\/arbuti.com\/wp-content\/uploads\/2020\/04\/cropped-Arbuti-Friseur-Muenchen.jpg","contentUrl":"https:\/\/arbuti.com\/wp-content\/uploads\/2020\/04\/cropped-Arbuti-Friseur-Muenchen.jpg","width":512,"height":512,"caption":"ARBUTI Hair Salon"},"image":{"@id":"https:\/\/arbuti.com\/fr\/#\/schema\/logo\/image\/"},"sameAs":["https:\/\/www.facebook.com\/Arbutihairsalon\/","https:\/\/www.instagram.com\/arbutihairsalon\/","https:\/\/www.pinterest.de\/arbutihairsalon\/arbuti-hair-salon\/"]}]}},"uagb_featured_image_src":{"full":false,"thumbnail":false,"medium":false,"medium_large":false,"large":false,"1536x1536":false,"2048x2048":false,"trp-custom-language-flag":false,"wp_review_large":false,"wp_review_small":false},"uagb_author_info":{"display_name":"admin","author_link":"https:\/\/arbuti.com\/pl\/author\/admin\/"},"uagb_comment_info":0,"uagb_excerpt":"Friseur Job M\u00fcnchen Bewirb dich hier Online bei uns f\u00fcr dein neuen Friseur Job in M\u00fcnchen. Wir suchen Friseure w\/m [&hellip;]","_links":{"self":[{"href":"https:\/\/arbuti.com\/pl\/wp-json\/wp\/v2\/pages\/1146","targetHints":{"allow":["GET"]}}],"collection":[{"href":"https:\/\/arbuti.com\/pl\/wp-json\/wp\/v2\/pages"}],"about":[{"href":"https:\/\/arbuti.com\/pl\/wp-json\/wp\/v2\/types\/page"}],"author":[{"embeddable":true,"href":"https:\/\/arbuti.com\/pl\/wp-json\/wp\/v2\/users\/1"}],"replies":[{"embeddable":true,"href":"https:\/\/arbuti.com\/pl\/wp-json\/wp\/v2\/comments?post=1146"}],"version-history":[{"count":282,"href":"https:\/\/arbuti.com\/pl\/wp-json\/wp\/v2\/pages\/1146\/revisions"}],"predecessor-version":[{"id":13764,"href":"https:\/\/arbuti.com\/pl\/wp-json\/wp\/v2\/pages\/1146\/revisions\/13764"}],"wp:attachment":[{"href":"https:\/\/arbuti.com\/pl\/wp-json\/wp\/v2\/media?parent=1146"}],"curies":[{"name":"wp","href":"https:\/\/api.w.org\/{rel}","templated":true}]}}