{"id":11,"date":"2015-01-27T11:54:42","date_gmt":"2015-01-27T11:54:42","guid":{"rendered":"http:\/\/muenchenfriseur.com_demos\/travel\/?page_id=11"},"modified":"2026-05-07T09:46:16","modified_gmt":"2026-05-07T09:46:16","slug":"kontakt","status":"publish","type":"page","link":"https:\/\/arbuti.com\/pl\/kontakt\/","title":{"rendered":"Kontakt"},"content":{"rendered":"<div class=\"wp-block-cover alignfull is-light\" style=\"min-height:257px;aspect-ratio:unset;\"><span aria-hidden=\"true\" class=\"wp-block-cover__background has-background-dim-0 has-background-dim\"><\/span><img loading=\"lazy\" decoding=\"async\" width=\"1900\" height=\"1169\" class=\"wp-block-cover__image-background wp-image-1054\" alt=\"\" src=\"https:\/\/arbuti.com\/wp-content\/uploads\/2015\/01\/Tapete_5.jpg\" data-object-fit=\"cover\" srcset=\"https:\/\/arbuti.com\/wp-content\/uploads\/2015\/01\/Tapete_5.jpg 1900w, https:\/\/arbuti.com\/wp-content\/uploads\/2015\/01\/Tapete_5-600x369.jpg 600w, https:\/\/arbuti.com\/wp-content\/uploads\/2015\/01\/Tapete_5-300x185.jpg 300w, https:\/\/arbuti.com\/wp-content\/uploads\/2015\/01\/Tapete_5-768x473.jpg 768w, https:\/\/arbuti.com\/wp-content\/uploads\/2015\/01\/Tapete_5-1024x630.jpg 1024w, https:\/\/arbuti.com\/wp-content\/uploads\/2015\/01\/Tapete_5-200x123.jpg 200w, https:\/\/arbuti.com\/wp-content\/uploads\/2015\/01\/Tapete_5-400x246.jpg 400w, https:\/\/arbuti.com\/wp-content\/uploads\/2015\/01\/Tapete_5-800x492.jpg 800w, https:\/\/arbuti.com\/wp-content\/uploads\/2015\/01\/Tapete_5-1200x738.jpg 1200w\" sizes=\"auto, (max-width: 1900px) 100vw, 1900px\" \/><div class=\"wp-block-cover__inner-container is-layout-flow wp-block-cover-is-layout-flow\">\n<h1 class=\"wp-block-heading has-text-align-center has-text-color\" id=\"h-kontakt\" style=\"color:#162d37\">Kontakt<\/h1>\n<\/div><\/div>\n\n\n\n<div style=\"height:73px\" aria-hidden=\"true\" class=\"wp-block-spacer\"><\/div>\n\n\n\n<h2 class=\"wp-block-heading\" id=\"h-adresse\">ADRES<\/h2>\n\n\n\n<p>Gabelsbergerstr. 62 <br>80333 Monachium <br>Salon fryzjerski Arbuti<\/p>\n\n\n\n<hr class=\"wp-block-separator has-css-opacity is-style-wide\"\/>\n\n\n\n<h2 class=\"wp-block-heading\" id=\"h-email\">EMAIL<\/h2>\n\n\n\n<p>info@arbuti.com<\/p>\n\n\n\n<hr class=\"wp-block-separator has-css-opacity is-style-wide\"\/>\n\n\n\n<h2 class=\"wp-block-heading\" id=\"h-telefon\">Telefon<\/h2>\n\n\n\n<p>089 529118<\/p>\n\n\n\n<div style=\"height:100px\" aria-hidden=\"true\" class=\"wp-block-spacer\"><\/div>","protected":false},"excerpt":{"rendered":"<p>ADRES Gabelsbergerstr. 62 80333 Monachium Salon fryzjerski Arbuti EMAIL info@arbuti.com Telefon 089 529118<\/p>","protected":false},"author":1,"featured_media":0,"parent":0,"menu_order":0,"comment_status":"closed","ping_status":"open","template":"","meta":{"ub_ctt_via":"","_uag_custom_page_level_css":"","site-sidebar-layout":"no-sidebar","site-content-layout":"default","ast-site-content-layout":"default","site-content-style":"default","site-sidebar-style":"default","ast-global-header-display":"","ast-banner-title-visibility":"","ast-main-header-display":"","ast-hfb-above-header-display":"","ast-hfb-below-header-display":"","ast-hfb-mobile-header-display":"","site-post-title":"disabled","ast-breadcrumbs-content":"","ast-featured-img":"","footer-sml-layout":"","ast-disable-related-posts":"","theme-transparent-header-meta":"default","adv-header-id-meta":"","stick-header-meta":"default","header-above-stick-meta":"","header-main-stick-meta":"","header-below-stick-meta":"","astra-migrate-meta-layouts":"set","ast-page-background-enabled":"default","ast-page-background-meta":{"desktop":{"background-color":"","background-image":"","background-repeat":"repeat","background-position":"center center","background-size":"auto","background-attachment":"scroll","background-type":"","background-media":"","overlay-type":"","overlay-color":"","overlay-opacity":"","overlay-gradient":""},"tablet":{"background-color":"","background-image":"","background-repeat":"repeat","background-position":"center center","background-size":"auto","background-attachment":"scroll","background-type":"","background-media":"","overlay-type":"","overlay-color":"","overlay-opacity":"","overlay-gradient":""},"mobile":{"background-color":"","background-image":"","background-repeat":"repeat","background-position":"center center","background-size":"auto","background-attachment":"scroll","background-type":"","background-media":"","overlay-type":"","overlay-color":"","overlay-opacity":"","overlay-gradient":""}},"ast-content-background-meta":{"desktop":{"background-color":"var(--ast-global-color-5)","background-image":"","background-repeat":"repeat","background-position":"center center","background-size":"auto","background-attachment":"scroll","background-type":"","background-media":"","overlay-type":"","overlay-color":"","overlay-opacity":"","overlay-gradient":""},"tablet":{"background-color":"var(--ast-global-color-5)","background-image":"","background-repeat":"repeat","background-position":"center center","background-size":"auto","background-attachment":"scroll","background-type":"","background-media":"","overlay-type":"","overlay-color":"","overlay-opacity":"","overlay-gradient":""},"mobile":{"background-color":"var(--ast-global-color-5)","background-image":"","background-repeat":"repeat","background-position":"center center","background-size":"auto","background-attachment":"scroll","background-type":"","background-media":"","overlay-type":"","overlay-color":"","overlay-opacity":"","overlay-gradient":""}},"footnotes":""},"class_list":["post-11","page","type-page","status-publish","hentry"],"featured_image_src":null,"yoast_head":"<!-- This site is optimized with the Yoast SEO Premium plugin v27.5 (Yoast SEO v27.5) - https:\/\/yoast.com\/product\/yoast-seo-premium-wordpress\/ -->\n<title>Kontakt - ARBUTI Hair Salon<\/title>\n<meta name=\"description\" content=\"Trend Friseur M\u00fcnchen. In k\u00fcrze zu Fu\u00df von der U Bahn Station K\u00f6nigsplatz, Stiglmaierplatz oder Theresienstra\u00dfe. Friseur M\u00fcnchen, Arbuti Hair Salon\" \/>\n<meta name=\"robots\" content=\"index, follow, max-snippet:-1, max-image-preview:large, max-video-preview:-1\" \/>\n<link rel=\"canonical\" href=\"https:\/\/arbuti.com\/pl\/kontakt\/\" \/>\n<meta property=\"og:locale\" content=\"pl_PL\" \/>\n<meta property=\"og:type\" content=\"article\" \/>\n<meta property=\"og:title\" content=\"Kontakt\" \/>\n<meta property=\"og:description\" content=\"In k\u00fcrze zu Fu\u00df von der U Bahn Station K\u00f6nigsplatz, Stiglmaierplatz oder Theresienstra\u00dfe. Friseur M\u00fcnchen, Arbuti Hair Salon\" \/>\n<meta property=\"og:url\" content=\"https:\/\/arbuti.com\/pl\/kontakt\/\" \/>\n<meta property=\"og:site_name\" content=\"ARBUTI Hair Salon\" \/>\n<meta property=\"article:publisher\" content=\"https:\/\/www.facebook.com\/Arbutihairsalon\/\" \/>\n<meta property=\"article:modified_time\" content=\"2026-05-07T09:46:16+00:00\" \/>\n<meta name=\"twitter:card\" content=\"summary_large_image\" \/>\n<meta name=\"twitter:description\" content=\"Kontakt     ADRESSE  Gabelsbergerstr. 62 80333 M\u00fcnchen Arbuti Hair Salon    EMAIL  info@arbuti.com    Telefon  089 529118\" \/>\n<meta name=\"twitter:image\" content=\"https:\/\/arbuti.com\/wp-content\/uploads\/2015\/01\/Tapete_5.jpg\" \/>\n<meta name=\"twitter:label1\" content=\"Szacowany czas czytania\" \/>\n\t<meta name=\"twitter:data1\" content=\"1 minuta\" \/>\n<script type=\"application\/ld+json\" class=\"yoast-schema-graph\">{\"@context\":\"https:\\\/\\\/schema.org\",\"@graph\":[{\"@type\":\"WebPage\",\"@id\":\"https:\\\/\\\/arbuti.com\\\/kontakt\\\/\",\"url\":\"https:\\\/\\\/arbuti.com\\\/kontakt\\\/\",\"name\":\"Kontakt - ARBUTI Hair Salon\",\"isPartOf\":{\"@id\":\"https:\\\/\\\/arbuti.com\\\/fr\\\/#website\"},\"primaryImageOfPage\":{\"@id\":\"https:\\\/\\\/arbuti.com\\\/kontakt\\\/#primaryimage\"},\"image\":{\"@id\":\"https:\\\/\\\/arbuti.com\\\/kontakt\\\/#primaryimage\"},\"thumbnailUrl\":\"https:\\\/\\\/arbuti.com\\\/wp-content\\\/uploads\\\/2015\\\/01\\\/Tapete_5.jpg\",\"datePublished\":\"2015-01-27T11:54:42+00:00\",\"dateModified\":\"2026-05-07T09:46:16+00:00\",\"description\":\"Trend Friseur M\u00fcnchen. In k\u00fcrze zu Fu\u00df von der U Bahn Station K\u00f6nigsplatz, Stiglmaierplatz oder Theresienstra\u00dfe. Friseur M\u00fcnchen, Arbuti Hair Salon\",\"breadcrumb\":{\"@id\":\"https:\\\/\\\/arbuti.com\\\/kontakt\\\/#breadcrumb\"},\"inLanguage\":\"pl-PL\",\"potentialAction\":[{\"@type\":\"ReadAction\",\"target\":[\"https:\\\/\\\/arbuti.com\\\/kontakt\\\/\"]}]},{\"@type\":\"ImageObject\",\"inLanguage\":\"pl-PL\",\"@id\":\"https:\\\/\\\/arbuti.com\\\/kontakt\\\/#primaryimage\",\"url\":\"https:\\\/\\\/arbuti.com\\\/wp-content\\\/uploads\\\/2015\\\/01\\\/Tapete_5.jpg\",\"contentUrl\":\"https:\\\/\\\/arbuti.com\\\/wp-content\\\/uploads\\\/2015\\\/01\\\/Tapete_5.jpg\"},{\"@type\":\"BreadcrumbList\",\"@id\":\"https:\\\/\\\/arbuti.com\\\/kontakt\\\/#breadcrumb\",\"itemListElement\":[{\"@type\":\"ListItem\",\"position\":1,\"name\":\"ARBUTI\",\"item\":\"https:\\\/\\\/arbuti.com\\\/\"},{\"@type\":\"ListItem\",\"position\":2,\"name\":\"Kontakt\"}]},{\"@type\":\"WebSite\",\"@id\":\"https:\\\/\\\/arbuti.com\\\/fr\\\/#website\",\"url\":\"https:\\\/\\\/arbuti.com\\\/fr\\\/\",\"name\":\"ARBUTI Hair Salon\",\"description\":\"Friseur M\u00fcnchen\",\"publisher\":{\"@id\":\"https:\\\/\\\/arbuti.com\\\/fr\\\/#organization\"},\"alternateName\":\"ARBUTI\",\"potentialAction\":[{\"@type\":\"SearchAction\",\"target\":{\"@type\":\"EntryPoint\",\"urlTemplate\":\"https:\\\/\\\/arbuti.com\\\/fr\\\/?s={search_term_string}\"},\"query-input\":{\"@type\":\"PropertyValueSpecification\",\"valueRequired\":true,\"valueName\":\"search_term_string\"}}],\"inLanguage\":\"pl-PL\"},{\"@type\":\"Organization\",\"@id\":\"https:\\\/\\\/arbuti.com\\\/fr\\\/#organization\",\"name\":\"ARBUTI Hair Salon\",\"alternateName\":\"ARBUTI\",\"url\":\"https:\\\/\\\/arbuti.com\\\/fr\\\/\",\"logo\":{\"@type\":\"ImageObject\",\"inLanguage\":\"pl-PL\",\"@id\":\"https:\\\/\\\/arbuti.com\\\/fr\\\/#\\\/schema\\\/logo\\\/image\\\/\",\"url\":\"https:\\\/\\\/arbuti.com\\\/wp-content\\\/uploads\\\/2020\\\/04\\\/cropped-Arbuti-Friseur-Muenchen.jpg\",\"contentUrl\":\"https:\\\/\\\/arbuti.com\\\/wp-content\\\/uploads\\\/2020\\\/04\\\/cropped-Arbuti-Friseur-Muenchen.jpg\",\"width\":512,\"height\":512,\"caption\":\"ARBUTI Hair Salon\"},\"image\":{\"@id\":\"https:\\\/\\\/arbuti.com\\\/fr\\\/#\\\/schema\\\/logo\\\/image\\\/\"},\"sameAs\":[\"https:\\\/\\\/www.facebook.com\\\/Arbutihairsalon\\\/\",\"https:\\\/\\\/www.instagram.com\\\/arbutihairsalon\\\/\",\"https:\\\/\\\/www.pinterest.de\\\/arbutihairsalon\\\/arbuti-hair-salon\\\/\"]}]}<\/script>\n<!-- \/ Yoast SEO Premium plugin. -->","yoast_head_json":{"title":"Kontakt - Salon Fryzjerski ARBUTI","description":"Trend Friseur Monachium. W odleg\u0142o\u015bci kr\u00f3tkiego spaceru od stacji U Bahn K\u00f6nigsplatz, Stiglmaierplatz lub Theresienstra\u00dfe. Fryzjer Monachium, Salon Fryzjerski Arbuti","robots":{"index":"index","follow":"follow","max-snippet":"max-snippet:-1","max-image-preview":"max-image-preview:large","max-video-preview":"max-video-preview:-1"},"canonical":"https:\/\/arbuti.com\/pl\/kontakt\/","og_locale":"pl_PL","og_type":"article","og_title":"Kontakt","og_description":"In k\u00fcrze zu Fu\u00df von der U Bahn Station K\u00f6nigsplatz, Stiglmaierplatz oder Theresienstra\u00dfe. Friseur M\u00fcnchen, Arbuti Hair Salon","og_url":"https:\/\/arbuti.com\/pl\/kontakt\/","og_site_name":"ARBUTI Hair Salon","article_publisher":"https:\/\/www.facebook.com\/Arbutihairsalon\/","article_modified_time":"2026-05-07T09:46:16+00:00","twitter_card":"summary_large_image","twitter_description":"Kontakt     ADRESSE  Gabelsbergerstr. 62 80333 M\u00fcnchen Arbuti Hair Salon    EMAIL  info@arbuti.com    Telefon  089 529118","twitter_image":"https:\/\/arbuti.com\/wp-content\/uploads\/2015\/01\/Tapete_5.jpg","twitter_misc":{"Szacowany czas czytania":"1 minuta"},"schema":{"@context":"https:\/\/schema.org","@graph":[{"@type":"WebPage","@id":"https:\/\/arbuti.com\/kontakt\/","url":"https:\/\/arbuti.com\/kontakt\/","name":"Kontakt - Salon Fryzjerski ARBUTI","isPartOf":{"@id":"https:\/\/arbuti.com\/fr\/#website"},"primaryImageOfPage":{"@id":"https:\/\/arbuti.com\/kontakt\/#primaryimage"},"image":{"@id":"https:\/\/arbuti.com\/kontakt\/#primaryimage"},"thumbnailUrl":"https:\/\/arbuti.com\/wp-content\/uploads\/2015\/01\/Tapete_5.jpg","datePublished":"2015-01-27T11:54:42+00:00","dateModified":"2026-05-07T09:46:16+00:00","description":"Trend Friseur Monachium. W odleg\u0142o\u015bci kr\u00f3tkiego spaceru od stacji U Bahn K\u00f6nigsplatz, Stiglmaierplatz lub Theresienstra\u00dfe. Fryzjer Monachium, Salon Fryzjerski Arbuti","breadcrumb":{"@id":"https:\/\/arbuti.com\/kontakt\/#breadcrumb"},"inLanguage":"pl-PL","potentialAction":[{"@type":"ReadAction","target":["https:\/\/arbuti.com\/kontakt\/"]}]},{"@type":"ImageObject","inLanguage":"pl-PL","@id":"https:\/\/arbuti.com\/kontakt\/#primaryimage","url":"https:\/\/arbuti.com\/wp-content\/uploads\/2015\/01\/Tapete_5.jpg","contentUrl":"https:\/\/arbuti.com\/wp-content\/uploads\/2015\/01\/Tapete_5.jpg"},{"@type":"BreadcrumbList","@id":"https:\/\/arbuti.com\/kontakt\/#breadcrumb","itemListElement":[{"@type":"ListItem","position":1,"name":"ARBUTI","item":"https:\/\/arbuti.com\/"},{"@type":"ListItem","position":2,"name":"Kontakt"}]},{"@type":"WebSite","@id":"https:\/\/arbuti.com\/fr\/#website","url":"https:\/\/arbuti.com\/fr\/","name":"Salon fryzjerski ARBUTI","description":"Fryzjer Monachium","publisher":{"@id":"https:\/\/arbuti.com\/fr\/#organization"},"alternateName":"ARBUTI","potentialAction":[{"@type":"SearchAction","target":{"@type":"EntryPoint","urlTemplate":"https:\/\/arbuti.com\/fr\/?s={search_term_string}"},"query-input":{"@type":"PropertyValueSpecification","valueRequired":true,"valueName":"search_term_string"}}],"inLanguage":"pl-PL"},{"@type":"Organization","@id":"https:\/\/arbuti.com\/fr\/#organization","name":"Salon fryzjerski ARBUTI","alternateName":"ARBUTI","url":"https:\/\/arbuti.com\/fr\/","logo":{"@type":"ImageObject","inLanguage":"pl-PL","@id":"https:\/\/arbuti.com\/fr\/#\/schema\/logo\/image\/","url":"https:\/\/arbuti.com\/wp-content\/uploads\/2020\/04\/cropped-Arbuti-Friseur-Muenchen.jpg","contentUrl":"https:\/\/arbuti.com\/wp-content\/uploads\/2020\/04\/cropped-Arbuti-Friseur-Muenchen.jpg","width":512,"height":512,"caption":"ARBUTI Hair Salon"},"image":{"@id":"https:\/\/arbuti.com\/fr\/#\/schema\/logo\/image\/"},"sameAs":["https:\/\/www.facebook.com\/Arbutihairsalon\/","https:\/\/www.instagram.com\/arbutihairsalon\/","https:\/\/www.pinterest.de\/arbutihairsalon\/arbuti-hair-salon\/"]}]}},"uagb_featured_image_src":{"full":false,"thumbnail":false,"medium":false,"medium_large":false,"large":false,"1536x1536":false,"2048x2048":false,"trp-custom-language-flag":false,"wp_review_large":false,"wp_review_small":false},"uagb_author_info":{"display_name":"admin","author_link":"https:\/\/arbuti.com\/pl\/author\/admin\/"},"uagb_comment_info":1,"uagb_excerpt":"ADRESSE Gabelsbergerstr. 62 80333 M\u00fcnchen Arbuti Hair Salon EMAIL info@arbuti.com Telefon 089 529118","_links":{"self":[{"href":"https:\/\/arbuti.com\/pl\/wp-json\/wp\/v2\/pages\/11","targetHints":{"allow":["GET"]}}],"collection":[{"href":"https:\/\/arbuti.com\/pl\/wp-json\/wp\/v2\/pages"}],"about":[{"href":"https:\/\/arbuti.com\/pl\/wp-json\/wp\/v2\/types\/page"}],"author":[{"embeddable":true,"href":"https:\/\/arbuti.com\/pl\/wp-json\/wp\/v2\/users\/1"}],"replies":[{"embeddable":true,"href":"https:\/\/arbuti.com\/pl\/wp-json\/wp\/v2\/comments?post=11"}],"version-history":[{"count":45,"href":"https:\/\/arbuti.com\/pl\/wp-json\/wp\/v2\/pages\/11\/revisions"}],"predecessor-version":[{"id":15499,"href":"https:\/\/arbuti.com\/pl\/wp-json\/wp\/v2\/pages\/11\/revisions\/15499"}],"wp:attachment":[{"href":"https:\/\/arbuti.com\/pl\/wp-json\/wp\/v2\/media?parent=11"}],"curies":[{"name":"wp","href":"https:\/\/api.w.org\/{rel}","templated":true}]}}