{"id":1323,"date":"2018-09-17T08:49:13","date_gmt":"2018-09-17T08:49:13","guid":{"rendered":"http:\/\/muenchenfriseur.com\/?page_id=1323"},"modified":"2025-08-16T12:26:08","modified_gmt":"2025-08-16T12:26:08","slug":"impressum","status":"publish","type":"page","link":"https:\/\/arbuti.com\/nl\/opdruk\/","title":{"rendered":"IMPRINT"},"content":{"rendered":"<p><b style=\"font-size: 1rem;\">Verantwoordelijk voor de inhoud:<\/b><\/p>\n<p><a href=\"https:\/\/arbuti.com\/wp-content\/uploads\/2025\/08\/Addy-01.jpg\"><img loading=\"lazy\" decoding=\"async\" class=\"alignnone wp-image-14751\" src=\"https:\/\/arbuti.com\/wp-content\/uploads\/2025\/08\/Addy-01.jpg\" alt=\"\" width=\"131\" height=\"82\" srcset=\"https:\/\/arbuti.com\/wp-content\/uploads\/2025\/08\/Addy-01.jpg 370w, https:\/\/arbuti.com\/wp-content\/uploads\/2025\/08\/Addy-01-300x187.jpg 300w, https:\/\/arbuti.com\/wp-content\/uploads\/2025\/08\/Addy-01-18x12.jpg 18w, https:\/\/arbuti.com\/wp-content\/uploads\/2025\/08\/Addy-01-320x200.jpg 320w\" sizes=\"auto, (max-width: 131px) 100vw, 131px\" \/><\/a><\/p>\n<p>Ust-IdNr.: DE308046984<\/p>\n<p><strong>Alternatieve geschillenbeslechting:<\/strong><\/p>\n<p>De Europese Commissie biedt een platform voor buitengerechtelijke onlinegeschillenbeslechting (ODR-platform), dat toegankelijk is op\u00a0<a href=\"https:\/\/ec.europa.eu\/odr\" target=\"_blank\" rel=\"noopener noreferrer\">https:\/\/ec.europa.eu\/odr<\/a>.<\/p>\n<p><b>Foto credits<br \/>\n<\/b>Foto's - door Arbuti<br \/>\nAfbeeldingen - Shutterstock.com<br \/>\npaulynn\/shutterstock.com<br \/>\nLightFieldStudios\/shutterstock.com<br \/>\nnelen\/shutterstock.com<br \/>\nshotPrimeStudio\/shutterstock.com<br \/>\nbitt24\/shutterstock.com<br \/>\nnewAfrica\/shutterstock.com<\/p>\n<p><strong>Disclaimer<br \/>\n<\/strong>De inhoud van deze website wordt met de grootst mogelijke zorgvuldigheid samengesteld. Kapsalon Arbuti staat echter niet in voor de juistheid, volledigheid en actualiteit van de geboden inhoud. Het gebruik van de inhoud van de website is op eigen risico van de gebruiker.<\/p>\n<p>1. externe links:<br \/>\nIn het geval van externe links naar websites van derden (\"externe links\"), zijn deze websites onderworpen aan de aansprakelijkheid van de respectieve exploitanten. Toen de externe links voor het eerst werden aangemaakt, heeft de provider de externe inhoud gecontroleerd op eventuele overtredingen van de wet. Op dat moment waren er geen wettelijke overtredingen. De aanbieder heeft geen invloed op de actuele en toekomstige vormgeving en inhoud van de gelinkte pagina's. Het plaatsen van externe links betekent niet dat de aanbieder de inhoud achter de verwijzing of link als zijn eigen inhoud beschouwt. Het is niet redelijk dat de provider voortdurend externe links controleert zonder concreet bewijs van wettelijke overtredingen. In geval van kennis van wetsovertredingen zullen dergelijke externe links echter onmiddellijk worden verwijderd.<\/p>\n<p>2. auteursrechten en aanverwante auteursrechten | \u00a9 copyright:<br \/>\nDe op deze website gepubliceerde inhoud is onderworpen aan het Duitse auteursrecht en aanverwante wetten. Voor elk gebruik dat niet is toegestaan volgens de Duitse wet op het auteursrecht en de naburige rechten, is de voorafgaande schriftelijke toestemming van de aanbieder of de respectieve rechthebbende vereist. Dit geldt in het bijzonder voor het kopi\u00ebren, bewerken, vertalen, opslaan, verwerken of reproduceren van inhoud in databanken of andere elektronische media en systemen. De ongeoorloofde reproductie of verspreiding van afzonderlijke inhoud of complete pagina's is niet toegestaan en strafbaar. Alleen de productie van kopie\u00ebn en downloads voor persoonlijk, priv\u00e9- en niet-commercieel gebruik is toegestaan. De presentatie van deze website in externe frames is alleen toegestaan met schriftelijke toestemming.<\/p>\n<p>3. gegevensbescherming<br \/>\nDoor de website van de aanbieder te bezoeken, kan informatie over de toegang (datum, tijd, bekeken pagina) worden opgeslagen. Deze gegevens behoren niet tot de persoonsgegevens, maar zijn geanonimiseerd. Zij worden uitsluitend voor statistische doeleinden ge\u00ebvalueerd. Het wordt niet doorgegeven aan derden voor commerci\u00eble of niet-commerci\u00eble doeleinden. De aanbieder wijst er uitdrukkelijk op dat de overdracht van gegevens op het internet (bv. communicatie per e-mail) onderhevig is aan zwakke plekken in de beveiliging en niet volledig kan worden beschermd tegen toegang door derden.<\/p>\n<p>Het gebruik van de contactgegevens van het impressum voor commerci\u00eble reclame is uitdrukkelijk niet gewenst, tenzij de aanbieder vooraf zijn schriftelijke toestemming heeft gegeven of er reeds een zakelijke relatie bestaat. De aanbieder en alle op deze website genoemde personen maken hierbij bezwaar tegen elk commercieel gebruik en elke openbaarmaking van hun gegevens.<\/p>\n<p>4. bijzondere gebruiksvoorwaarden<br \/>\nVoor zover bijzondere voorwaarden voor individueel gebruik van deze website afwijken van de hiervoor genoemde nummers 1 tot en met 4, zal dit op de desbetreffende plaats uitdrukkelijk worden aangegeven. In dat geval zijn de bijzondere gebruiksvoorwaarden van toepassing op het betreffende individuele geval.<\/p>","protected":false},"excerpt":{"rendered":"<p>Verantwortlich f\u00fcr den Inhalt: Ust-IdNr.: DE308046984 Alternative Streitbeilegung: Die Europ\u00e4ische Kommission stellt eine Plattform f\u00fcr die au\u00dfergerichtliche Online-Streitbeilegung (OS-Plattform) bereit, [&hellip;]<\/p>","protected":false},"author":1,"featured_media":0,"parent":0,"menu_order":0,"comment_status":"closed","ping_status":"closed","template":"","meta":{"ub_ctt_via":"","_uag_custom_page_level_css":"","site-sidebar-layout":"default","site-content-layout":"default","ast-site-content-layout":"default","site-content-style":"default","site-sidebar-style":"default","ast-global-header-display":"","ast-banner-title-visibility":"","ast-main-header-display":"","ast-hfb-above-header-display":"","ast-hfb-below-header-display":"","ast-hfb-mobile-header-display":"","site-post-title":"","ast-breadcrumbs-content":"","ast-featured-img":"","footer-sml-layout":"","theme-transparent-header-meta":"default","adv-header-id-meta":"","stick-header-meta":"default","header-above-stick-meta":"","header-main-stick-meta":"","header-below-stick-meta":"","astra-migrate-meta-layouts":"set","ast-page-background-enabled":"default","ast-page-background-meta":{"desktop":{"background-color":"","background-image":"","background-repeat":"repeat","background-position":"center center","background-size":"auto","background-attachment":"scroll","background-type":"","background-media":"","overlay-type":"","overlay-color":"","overlay-opacity":"","overlay-gradient":""},"tablet":{"background-color":"","background-image":"","background-repeat":"repeat","background-position":"center center","background-size":"auto","background-attachment":"scroll","background-type":"","background-media":"","overlay-type":"","overlay-color":"","overlay-opacity":"","overlay-gradient":""},"mobile":{"background-color":"","background-image":"","background-repeat":"repeat","background-position":"center center","background-size":"auto","background-attachment":"scroll","background-type":"","background-media":"","overlay-type":"","overlay-color":"","overlay-opacity":"","overlay-gradient":""}},"ast-content-background-meta":{"desktop":{"background-color":"var(--ast-global-color-5)","background-image":"","background-repeat":"repeat","background-position":"center center","background-size":"auto","background-attachment":"scroll","background-type":"","background-media":"","overlay-type":"","overlay-color":"","overlay-opacity":"","overlay-gradient":""},"tablet":{"background-color":"var(--ast-global-color-5)","background-image":"","background-repeat":"repeat","background-position":"center center","background-size":"auto","background-attachment":"scroll","background-type":"","background-media":"","overlay-type":"","overlay-color":"","overlay-opacity":"","overlay-gradient":""},"mobile":{"background-color":"var(--ast-global-color-5)","background-image":"","background-repeat":"repeat","background-position":"center center","background-size":"auto","background-attachment":"scroll","background-type":"","background-media":"","overlay-type":"","overlay-color":"","overlay-opacity":"","overlay-gradient":""}},"footnotes":""},"class_list":["post-1323","page","type-page","status-publish","hentry"],"featured_image_src":null,"yoast_head":"<!-- This site is optimized with the Yoast SEO Premium plugin v25.3 (Yoast SEO v25.3) - https:\/\/yoast.com\/wordpress\/plugins\/seo\/ -->\n<title>IMPRESSUM - ARBUTI Hair Salon<\/title>\n<meta name=\"robots\" content=\"index, follow, max-snippet:-1, max-image-preview:large, max-video-preview:-1\" \/>\n<link rel=\"canonical\" href=\"https:\/\/arbuti.com\/nl\/opdruk\/\" \/>\n<meta property=\"og:locale\" content=\"nl_NL\" \/>\n<meta property=\"og:type\" content=\"article\" \/>\n<meta property=\"og:title\" content=\"IMPRESSUM\" \/>\n<meta property=\"og:description\" content=\"Verantwortlich f\u00fcr den Inhalt: Ust-IdNr.: DE308046984 Alternative Streitbeilegung: Die Europ\u00e4ische Kommission stellt eine Plattform f\u00fcr die\" \/>\n<meta property=\"og:url\" content=\"https:\/\/arbuti.com\/nl\/opdruk\/\" \/>\n<meta property=\"og:site_name\" content=\"ARBUTI Hair Salon\" \/>\n<meta property=\"article:publisher\" content=\"https:\/\/www.facebook.com\/Arbutihairsalon\/\" \/>\n<meta property=\"article:modified_time\" content=\"2025-08-16T12:26:08+00:00\" \/>\n<meta property=\"og:image\" content=\"https:\/\/arbuti.com\/wp-content\/uploads\/2025\/08\/Addy-01.jpg\" \/>\n\t<meta property=\"og:image:width\" content=\"370\" \/>\n\t<meta property=\"og:image:height\" content=\"231\" \/>\n\t<meta property=\"og:image:type\" content=\"image\/jpeg\" \/>\n<meta name=\"twitter:card\" content=\"summary_large_image\" \/>\n<meta name=\"twitter:label1\" content=\"Geschatte leestijd\" \/>\n\t<meta name=\"twitter:data1\" content=\"3 minuten\" \/>\n<script type=\"application\/ld+json\" class=\"yoast-schema-graph\">{\"@context\":\"https:\/\/schema.org\",\"@graph\":[{\"@type\":\"WebPage\",\"@id\":\"https:\/\/arbuti.com\/impressum\/\",\"url\":\"https:\/\/arbuti.com\/impressum\/\",\"name\":\"IMPRESSUM - ARBUTI Hair Salon\",\"isPartOf\":{\"@id\":\"https:\/\/arbuti.com\/fr\/#website\"},\"primaryImageOfPage\":{\"@id\":\"https:\/\/arbuti.com\/impressum\/#primaryimage\"},\"image\":{\"@id\":\"https:\/\/arbuti.com\/impressum\/#primaryimage\"},\"thumbnailUrl\":\"https:\/\/arbuti.com\/wp-content\/uploads\/2025\/08\/Addy-01.jpg\",\"datePublished\":\"2018-09-17T08:49:13+00:00\",\"dateModified\":\"2025-08-16T12:26:08+00:00\",\"breadcrumb\":{\"@id\":\"https:\/\/arbuti.com\/impressum\/#breadcrumb\"},\"inLanguage\":\"nl-NL\",\"potentialAction\":[{\"@type\":\"ReadAction\",\"target\":[\"https:\/\/arbuti.com\/impressum\/\"]}]},{\"@type\":\"ImageObject\",\"inLanguage\":\"nl-NL\",\"@id\":\"https:\/\/arbuti.com\/impressum\/#primaryimage\",\"url\":\"https:\/\/arbuti.com\/wp-content\/uploads\/2025\/08\/Addy-01.jpg\",\"contentUrl\":\"https:\/\/arbuti.com\/wp-content\/uploads\/2025\/08\/Addy-01.jpg\"},{\"@type\":\"BreadcrumbList\",\"@id\":\"https:\/\/arbuti.com\/impressum\/#breadcrumb\",\"itemListElement\":[{\"@type\":\"ListItem\",\"position\":1,\"name\":\"ARBUTI\",\"item\":\"https:\/\/arbuti.com\/\"},{\"@type\":\"ListItem\",\"position\":2,\"name\":\"IMPRESSUM\"}]},{\"@type\":\"WebSite\",\"@id\":\"https:\/\/arbuti.com\/fr\/#website\",\"url\":\"https:\/\/arbuti.com\/fr\/\",\"name\":\"ARBUTI Hair Salon\",\"description\":\"Friseur M\u00fcnchen\",\"publisher\":{\"@id\":\"https:\/\/arbuti.com\/fr\/#organization\"},\"alternateName\":\"ARBUTI\",\"potentialAction\":[{\"@type\":\"SearchAction\",\"target\":{\"@type\":\"EntryPoint\",\"urlTemplate\":\"https:\/\/arbuti.com\/fr\/?s={search_term_string}\"},\"query-input\":{\"@type\":\"PropertyValueSpecification\",\"valueRequired\":true,\"valueName\":\"search_term_string\"}}],\"inLanguage\":\"nl-NL\"},{\"@type\":\"Organization\",\"@id\":\"https:\/\/arbuti.com\/fr\/#organization\",\"name\":\"ARBUTI Hair Salon\",\"alternateName\":\"ARBUTI\",\"url\":\"https:\/\/arbuti.com\/fr\/\",\"logo\":{\"@type\":\"ImageObject\",\"inLanguage\":\"nl-NL\",\"@id\":\"https:\/\/arbuti.com\/fr\/#\/schema\/logo\/image\/\",\"url\":\"https:\/\/arbuti.com\/wp-content\/uploads\/2020\/04\/cropped-Arbuti-Friseur-Muenchen.jpg\",\"contentUrl\":\"https:\/\/arbuti.com\/wp-content\/uploads\/2020\/04\/cropped-Arbuti-Friseur-Muenchen.jpg\",\"width\":512,\"height\":512,\"caption\":\"ARBUTI Hair Salon\"},\"image\":{\"@id\":\"https:\/\/arbuti.com\/fr\/#\/schema\/logo\/image\/\"},\"sameAs\":[\"https:\/\/www.facebook.com\/Arbutihairsalon\/\",\"https:\/\/www.instagram.com\/arbutihairsalon\/\",\"https:\/\/www.pinterest.de\/arbutihairsalon\/arbuti-hair-salon\/\"]}]}<\/script>\n<!-- \/ Yoast SEO Premium plugin. -->","yoast_head_json":{"title":"IMPRESSUM - ARBUTI Hair Salon","robots":{"index":"index","follow":"follow","max-snippet":"max-snippet:-1","max-image-preview":"max-image-preview:large","max-video-preview":"max-video-preview:-1"},"canonical":"https:\/\/arbuti.com\/nl\/opdruk\/","og_locale":"nl_NL","og_type":"article","og_title":"IMPRESSUM","og_description":"Verantwortlich f\u00fcr den Inhalt: Ust-IdNr.: DE308046984 Alternative Streitbeilegung: Die Europ\u00e4ische Kommission stellt eine Plattform f\u00fcr die","og_url":"https:\/\/arbuti.com\/nl\/opdruk\/","og_site_name":"ARBUTI Hair Salon","article_publisher":"https:\/\/www.facebook.com\/Arbutihairsalon\/","article_modified_time":"2025-08-16T12:26:08+00:00","og_image":[{"width":370,"height":231,"url":"https:\/\/arbuti.com\/wp-content\/uploads\/2025\/08\/Addy-01.jpg","type":"image\/jpeg"}],"twitter_card":"summary_large_image","twitter_misc":{"Geschatte leestijd":"3 minuten"},"schema":{"@context":"https:\/\/schema.org","@graph":[{"@type":"WebPage","@id":"https:\/\/arbuti.com\/impressum\/","url":"https:\/\/arbuti.com\/impressum\/","name":"IMPRESSUM - ARBUTI Hair Salon","isPartOf":{"@id":"https:\/\/arbuti.com\/fr\/#website"},"primaryImageOfPage":{"@id":"https:\/\/arbuti.com\/impressum\/#primaryimage"},"image":{"@id":"https:\/\/arbuti.com\/impressum\/#primaryimage"},"thumbnailUrl":"https:\/\/arbuti.com\/wp-content\/uploads\/2025\/08\/Addy-01.jpg","datePublished":"2018-09-17T08:49:13+00:00","dateModified":"2025-08-16T12:26:08+00:00","breadcrumb":{"@id":"https:\/\/arbuti.com\/impressum\/#breadcrumb"},"inLanguage":"nl-NL","potentialAction":[{"@type":"ReadAction","target":["https:\/\/arbuti.com\/impressum\/"]}]},{"@type":"ImageObject","inLanguage":"nl-NL","@id":"https:\/\/arbuti.com\/impressum\/#primaryimage","url":"https:\/\/arbuti.com\/wp-content\/uploads\/2025\/08\/Addy-01.jpg","contentUrl":"https:\/\/arbuti.com\/wp-content\/uploads\/2025\/08\/Addy-01.jpg"},{"@type":"BreadcrumbList","@id":"https:\/\/arbuti.com\/impressum\/#breadcrumb","itemListElement":[{"@type":"ListItem","position":1,"name":"ARBUTI","item":"https:\/\/arbuti.com\/"},{"@type":"ListItem","position":2,"name":"IMPRESSUM"}]},{"@type":"WebSite","@id":"https:\/\/arbuti.com\/fr\/#website","url":"https:\/\/arbuti.com\/fr\/","name":"ARBUTI Hair Salon","description":"Friseur M\u00fcnchen","publisher":{"@id":"https:\/\/arbuti.com\/fr\/#organization"},"alternateName":"ARBUTI","potentialAction":[{"@type":"SearchAction","target":{"@type":"EntryPoint","urlTemplate":"https:\/\/arbuti.com\/fr\/?s={search_term_string}"},"query-input":{"@type":"PropertyValueSpecification","valueRequired":true,"valueName":"search_term_string"}}],"inLanguage":"nl-NL"},{"@type":"Organization","@id":"https:\/\/arbuti.com\/fr\/#organization","name":"ARBUTI Hair Salon","alternateName":"ARBUTI","url":"https:\/\/arbuti.com\/fr\/","logo":{"@type":"ImageObject","inLanguage":"nl-NL","@id":"https:\/\/arbuti.com\/fr\/#\/schema\/logo\/image\/","url":"https:\/\/arbuti.com\/wp-content\/uploads\/2020\/04\/cropped-Arbuti-Friseur-Muenchen.jpg","contentUrl":"https:\/\/arbuti.com\/wp-content\/uploads\/2020\/04\/cropped-Arbuti-Friseur-Muenchen.jpg","width":512,"height":512,"caption":"ARBUTI Hair Salon"},"image":{"@id":"https:\/\/arbuti.com\/fr\/#\/schema\/logo\/image\/"},"sameAs":["https:\/\/www.facebook.com\/Arbutihairsalon\/","https:\/\/www.instagram.com\/arbutihairsalon\/","https:\/\/www.pinterest.de\/arbutihairsalon\/arbuti-hair-salon\/"]}]}},"uagb_featured_image_src":{"full":false,"thumbnail":false,"medium":false,"medium_large":false,"large":false,"1536x1536":false,"2048x2048":false,"trp-custom-language-flag":false,"wp_review_large":false,"wp_review_small":false},"uagb_author_info":{"display_name":"admin","author_link":"https:\/\/arbuti.com\/nl\/author\/admin\/"},"uagb_comment_info":0,"uagb_excerpt":"Verantwortlich f\u00fcr den Inhalt: Ust-IdNr.: DE308046984 Alternative Streitbeilegung: Die Europ\u00e4ische Kommission stellt eine Plattform f\u00fcr die au\u00dfergerichtliche Online-Streitbeilegung (OS-Plattform) bereit, [&hellip;]","_links":{"self":[{"href":"https:\/\/arbuti.com\/nl\/wp-json\/wp\/v2\/pages\/1323","targetHints":{"allow":["GET"]}}],"collection":[{"href":"https:\/\/arbuti.com\/nl\/wp-json\/wp\/v2\/pages"}],"about":[{"href":"https:\/\/arbuti.com\/nl\/wp-json\/wp\/v2\/types\/page"}],"author":[{"embeddable":true,"href":"https:\/\/arbuti.com\/nl\/wp-json\/wp\/v2\/users\/1"}],"replies":[{"embeddable":true,"href":"https:\/\/arbuti.com\/nl\/wp-json\/wp\/v2\/comments?post=1323"}],"version-history":[{"count":14,"href":"https:\/\/arbuti.com\/nl\/wp-json\/wp\/v2\/pages\/1323\/revisions"}],"predecessor-version":[{"id":14753,"href":"https:\/\/arbuti.com\/nl\/wp-json\/wp\/v2\/pages\/1323\/revisions\/14753"}],"wp:attachment":[{"href":"https:\/\/arbuti.com\/nl\/wp-json\/wp\/v2\/media?parent=1323"}],"curies":[{"name":"wp","href":"https:\/\/api.w.org\/{rel}","templated":true}]}}