{"id":1323,"date":"2018-09-17T08:49:13","date_gmt":"2018-09-17T08:49:13","guid":{"rendered":"http:\/\/muenchenfriseur.com\/?page_id=1323"},"modified":"2025-08-16T12:26:08","modified_gmt":"2025-08-16T12:26:08","slug":"impressum","status":"publish","type":"page","link":"https:\/\/arbuti.com\/nb\/avtrykk\/","title":{"rendered":"IMPRINT"},"content":{"rendered":"<p><b style=\"font-size: 1rem;\">Ansvarlig for innholdet:<\/b><\/p>\n<p><a href=\"https:\/\/arbuti.com\/wp-content\/uploads\/2025\/08\/Addy-01.jpg\"><img loading=\"lazy\" decoding=\"async\" class=\"alignnone wp-image-14751\" src=\"https:\/\/arbuti.com\/wp-content\/uploads\/2025\/08\/Addy-01.jpg\" alt=\"\" width=\"131\" height=\"82\" srcset=\"https:\/\/arbuti.com\/wp-content\/uploads\/2025\/08\/Addy-01.jpg 370w, https:\/\/arbuti.com\/wp-content\/uploads\/2025\/08\/Addy-01-300x187.jpg 300w, https:\/\/arbuti.com\/wp-content\/uploads\/2025\/08\/Addy-01-18x12.jpg 18w, https:\/\/arbuti.com\/wp-content\/uploads\/2025\/08\/Addy-01-320x200.jpg 320w\" sizes=\"auto, (max-width: 131px) 100vw, 131px\" \/><\/a><\/p>\n<p>MVA-ID-nummer: DE308046984<\/p>\n<p><strong>Alternativ tvistel\u00f8sning:<\/strong><\/p>\n<p>Europakommisjonen tilbyr en plattform for utenrettslig tvistel\u00f8sning p\u00e5 nettet (ODR-plattform), som du finner p\u00e5\u00a0<a href=\"https:\/\/ec.europa.eu\/odr\" target=\"_blank\" rel=\"noopener noreferrer\">https:\/\/ec.europa.eu\/odr<\/a>.<\/p>\n<p><b>Bildet er kreditert<br \/>\n<\/b>Bilder - av Arbuti<br \/>\nBilder - Shutterstock.com<br \/>\npaulynn\/shutterstock.com<br \/>\nLightFieldStudios\/shutterstock.com<br \/>\nnelen\/shutterstock.com<br \/>\nshotPrimeStudio\/shutterstock.com<br \/>\nbitt24\/shutterstock.com<br \/>\nnewAfrica\/shutterstock.com<\/p>\n<p><strong>Ansvarsfraskrivelse<br \/>\n<\/strong>Innholdet p\u00e5 dette nettstedet er laget med st\u00f8rst mulig omhu. Arbuti Hair Salon p\u00e5tar seg imidlertid ikke noe ansvar for n\u00f8yaktigheten, fullstendigheten og aktualiteten til innholdet. Bruk av innholdet p\u00e5 nettstedet skjer p\u00e5 brukerens eget ansvar.<\/p>\n<p>1. Eksterne lenker:<br \/>\nN\u00e5r det gjelder eksterne lenker til tredjeparts nettsteder (\"eksterne lenker\"), er disse nettstedene underlagt de respektive operat\u00f8renes ansvar. Da de eksterne lenkene f\u00f8rst ble opprettet, kontrollerte leverand\u00f8ren tredjepartsinnholdet for eventuelle lovbrudd. Det ble ikke funnet noen lovbrudd p\u00e5 det tidspunktet. Leverand\u00f8ren har ingen innflytelse p\u00e5 den n\u00e5v\u00e6rende og fremtidige utformingen og innholdet p\u00e5 de lenkede sidene. Inkludering av eksterne lenker betyr ikke at leverand\u00f8ren gj\u00f8r innholdet bak referansen eller lenken til sitt eget. Det er ikke rimelig at leverand\u00f8ren kontinuerlig overv\u00e5ker eksterne lenker uten konkrete bevis p\u00e5 lovbrudd. Slike eksterne lenker vil imidlertid bli slettet umiddelbart hvis vi blir oppmerksomme p\u00e5 eventuelle lovbrudd.<\/p>\n<p>2. Opphavsrett og n\u00e6rst\u00e5ende rettigheter \u00a9 copyright:<br \/>\nInnholdet som publiseres p\u00e5 dette nettstedet, er underlagt tysk lov om opphavsrett og tilknyttede rettigheter. All bruk som ikke er tillatt i henhold til tysk lov om opphavsrett og opphavsrett i tilknytning til denne, krever skriftlig forh\u00e5ndssamtykke fra leverand\u00f8ren eller den respektive rettighetshaveren. Dette gjelder spesielt kopiering, redigering, oversettelse, lagring, bearbeiding eller reproduksjon av innhold i databaser eller andre elektroniske medier og systemer. Uautorisert reproduksjon eller distribusjon av enkeltinnhold eller hele sider er ikke tillatt og er straffbart. Kun fremstilling av kopier og nedlastinger til personlig, privat og ikke-kommersiell bruk er tillatt. Presentasjon av dette nettstedet i eksterne rammer er kun tillatt med skriftlig tillatelse.<\/p>\n<p>3. Personvern<br \/>\nN\u00e5r du bes\u00f8ker leverand\u00f8rens nettsted, kan informasjon om bes\u00f8ket (dato, klokkeslett, bes\u00f8kt side) bli lagret. Disse opplysningene er ikke personopplysninger, men anonymiserte. De analyseres utelukkende for statistiske form\u00e5l. De videreformidles ikke til tredjeparter for kommersielle eller ikke-kommersielle form\u00e5l. Leverand\u00f8ren gj\u00f8r uttrykkelig oppmerksom p\u00e5 at dataoverf\u00f8ring p\u00e5 Internett (f.eks. ved kommunikasjon via e-post) er utsatt for sikkerhetss\u00e5rbarheter og ikke kan beskyttes fullstendig mot tilgang fra tredjeparter.<\/p>\n<p>Det er ikke \u00f8nskelig \u00e5 bruke kontaktinformasjonen i den juridiske merknaden til kommersiell reklame, med mindre leverand\u00f8ren p\u00e5 forh\u00e5nd har gitt skriftlig samtykke eller det allerede eksisterer et forretningsforhold. Leverand\u00f8ren og alle personer som er navngitt p\u00e5 dette nettstedet, motsetter seg herved enhver kommersiell bruk og utlevering av deres data.<\/p>\n<p>4. Spesielle vilk\u00e5r for bruk<br \/>\nI den grad spesielle vilk\u00e5r for individuell bruk av dette nettstedet avviker fra de ovennevnte punktene 1 til 4, vil dette bli uttrykkelig angitt p\u00e5 det aktuelle stedet. I s\u00e5 fall gjelder de spesielle bruksvilk\u00e5rene i hvert enkelt tilfelle.<\/p>","protected":false},"excerpt":{"rendered":"<p>Verantwortlich f\u00fcr den Inhalt: Ust-IdNr.: DE308046984 Alternative Streitbeilegung: Die Europ\u00e4ische Kommission stellt eine Plattform f\u00fcr die au\u00dfergerichtliche Online-Streitbeilegung (OS-Plattform) bereit, [&hellip;]<\/p>","protected":false},"author":1,"featured_media":0,"parent":0,"menu_order":0,"comment_status":"closed","ping_status":"closed","template":"","meta":{"ub_ctt_via":"","_uag_custom_page_level_css":"","site-sidebar-layout":"default","site-content-layout":"default","ast-site-content-layout":"default","site-content-style":"default","site-sidebar-style":"default","ast-global-header-display":"","ast-banner-title-visibility":"","ast-main-header-display":"","ast-hfb-above-header-display":"","ast-hfb-below-header-display":"","ast-hfb-mobile-header-display":"","site-post-title":"","ast-breadcrumbs-content":"","ast-featured-img":"","footer-sml-layout":"","theme-transparent-header-meta":"default","adv-header-id-meta":"","stick-header-meta":"default","header-above-stick-meta":"","header-main-stick-meta":"","header-below-stick-meta":"","astra-migrate-meta-layouts":"set","ast-page-background-enabled":"default","ast-page-background-meta":{"desktop":{"background-color":"","background-image":"","background-repeat":"repeat","background-position":"center center","background-size":"auto","background-attachment":"scroll","background-type":"","background-media":"","overlay-type":"","overlay-color":"","overlay-opacity":"","overlay-gradient":""},"tablet":{"background-color":"","background-image":"","background-repeat":"repeat","background-position":"center center","background-size":"auto","background-attachment":"scroll","background-type":"","background-media":"","overlay-type":"","overlay-color":"","overlay-opacity":"","overlay-gradient":""},"mobile":{"background-color":"","background-image":"","background-repeat":"repeat","background-position":"center center","background-size":"auto","background-attachment":"scroll","background-type":"","background-media":"","overlay-type":"","overlay-color":"","overlay-opacity":"","overlay-gradient":""}},"ast-content-background-meta":{"desktop":{"background-color":"var(--ast-global-color-5)","background-image":"","background-repeat":"repeat","background-position":"center center","background-size":"auto","background-attachment":"scroll","background-type":"","background-media":"","overlay-type":"","overlay-color":"","overlay-opacity":"","overlay-gradient":""},"tablet":{"background-color":"var(--ast-global-color-5)","background-image":"","background-repeat":"repeat","background-position":"center center","background-size":"auto","background-attachment":"scroll","background-type":"","background-media":"","overlay-type":"","overlay-color":"","overlay-opacity":"","overlay-gradient":""},"mobile":{"background-color":"var(--ast-global-color-5)","background-image":"","background-repeat":"repeat","background-position":"center center","background-size":"auto","background-attachment":"scroll","background-type":"","background-media":"","overlay-type":"","overlay-color":"","overlay-opacity":"","overlay-gradient":""}},"footnotes":""},"class_list":["post-1323","page","type-page","status-publish","hentry"],"featured_image_src":null,"yoast_head":"<!-- This site is optimized with the Yoast SEO Premium plugin v25.3 (Yoast SEO v25.3) - https:\/\/yoast.com\/wordpress\/plugins\/seo\/ -->\n<title>IMPRESSUM - ARBUTI Hair Salon<\/title>\n<meta name=\"robots\" content=\"index, follow, max-snippet:-1, max-image-preview:large, max-video-preview:-1\" \/>\n<link rel=\"canonical\" href=\"https:\/\/arbuti.com\/nb\/avtrykk\/\" \/>\n<meta property=\"og:locale\" content=\"nb_NO\" \/>\n<meta property=\"og:type\" content=\"article\" \/>\n<meta property=\"og:title\" content=\"IMPRESSUM\" \/>\n<meta property=\"og:description\" content=\"Verantwortlich f\u00fcr den Inhalt: Ust-IdNr.: DE308046984 Alternative Streitbeilegung: Die Europ\u00e4ische Kommission stellt eine Plattform f\u00fcr die\" \/>\n<meta property=\"og:url\" content=\"https:\/\/arbuti.com\/nb\/avtrykk\/\" \/>\n<meta property=\"og:site_name\" content=\"ARBUTI Hair Salon\" \/>\n<meta property=\"article:publisher\" content=\"https:\/\/www.facebook.com\/Arbutihairsalon\/\" \/>\n<meta property=\"article:modified_time\" content=\"2025-08-16T12:26:08+00:00\" \/>\n<meta property=\"og:image\" content=\"https:\/\/arbuti.com\/wp-content\/uploads\/2025\/08\/Addy-01.jpg\" \/>\n\t<meta property=\"og:image:width\" content=\"370\" \/>\n\t<meta property=\"og:image:height\" content=\"231\" \/>\n\t<meta property=\"og:image:type\" content=\"image\/jpeg\" \/>\n<meta name=\"twitter:card\" content=\"summary_large_image\" \/>\n<meta name=\"twitter:label1\" content=\"Ansl. lesetid\" \/>\n\t<meta name=\"twitter:data1\" content=\"3 minutter\" \/>\n<script type=\"application\/ld+json\" class=\"yoast-schema-graph\">{\"@context\":\"https:\/\/schema.org\",\"@graph\":[{\"@type\":\"WebPage\",\"@id\":\"https:\/\/arbuti.com\/impressum\/\",\"url\":\"https:\/\/arbuti.com\/impressum\/\",\"name\":\"IMPRESSUM - ARBUTI Hair Salon\",\"isPartOf\":{\"@id\":\"https:\/\/arbuti.com\/fr\/#website\"},\"primaryImageOfPage\":{\"@id\":\"https:\/\/arbuti.com\/impressum\/#primaryimage\"},\"image\":{\"@id\":\"https:\/\/arbuti.com\/impressum\/#primaryimage\"},\"thumbnailUrl\":\"https:\/\/arbuti.com\/wp-content\/uploads\/2025\/08\/Addy-01.jpg\",\"datePublished\":\"2018-09-17T08:49:13+00:00\",\"dateModified\":\"2025-08-16T12:26:08+00:00\",\"breadcrumb\":{\"@id\":\"https:\/\/arbuti.com\/impressum\/#breadcrumb\"},\"inLanguage\":\"nb-NO\",\"potentialAction\":[{\"@type\":\"ReadAction\",\"target\":[\"https:\/\/arbuti.com\/impressum\/\"]}]},{\"@type\":\"ImageObject\",\"inLanguage\":\"nb-NO\",\"@id\":\"https:\/\/arbuti.com\/impressum\/#primaryimage\",\"url\":\"https:\/\/arbuti.com\/wp-content\/uploads\/2025\/08\/Addy-01.jpg\",\"contentUrl\":\"https:\/\/arbuti.com\/wp-content\/uploads\/2025\/08\/Addy-01.jpg\"},{\"@type\":\"BreadcrumbList\",\"@id\":\"https:\/\/arbuti.com\/impressum\/#breadcrumb\",\"itemListElement\":[{\"@type\":\"ListItem\",\"position\":1,\"name\":\"ARBUTI\",\"item\":\"https:\/\/arbuti.com\/\"},{\"@type\":\"ListItem\",\"position\":2,\"name\":\"IMPRESSUM\"}]},{\"@type\":\"WebSite\",\"@id\":\"https:\/\/arbuti.com\/fr\/#website\",\"url\":\"https:\/\/arbuti.com\/fr\/\",\"name\":\"ARBUTI Hair Salon\",\"description\":\"Friseur M\u00fcnchen\",\"publisher\":{\"@id\":\"https:\/\/arbuti.com\/fr\/#organization\"},\"alternateName\":\"ARBUTI\",\"potentialAction\":[{\"@type\":\"SearchAction\",\"target\":{\"@type\":\"EntryPoint\",\"urlTemplate\":\"https:\/\/arbuti.com\/fr\/?s={search_term_string}\"},\"query-input\":{\"@type\":\"PropertyValueSpecification\",\"valueRequired\":true,\"valueName\":\"search_term_string\"}}],\"inLanguage\":\"nb-NO\"},{\"@type\":\"Organization\",\"@id\":\"https:\/\/arbuti.com\/fr\/#organization\",\"name\":\"ARBUTI Hair Salon\",\"alternateName\":\"ARBUTI\",\"url\":\"https:\/\/arbuti.com\/fr\/\",\"logo\":{\"@type\":\"ImageObject\",\"inLanguage\":\"nb-NO\",\"@id\":\"https:\/\/arbuti.com\/fr\/#\/schema\/logo\/image\/\",\"url\":\"https:\/\/arbuti.com\/wp-content\/uploads\/2020\/04\/cropped-Arbuti-Friseur-Muenchen.jpg\",\"contentUrl\":\"https:\/\/arbuti.com\/wp-content\/uploads\/2020\/04\/cropped-Arbuti-Friseur-Muenchen.jpg\",\"width\":512,\"height\":512,\"caption\":\"ARBUTI Hair Salon\"},\"image\":{\"@id\":\"https:\/\/arbuti.com\/fr\/#\/schema\/logo\/image\/\"},\"sameAs\":[\"https:\/\/www.facebook.com\/Arbutihairsalon\/\",\"https:\/\/www.instagram.com\/arbutihairsalon\/\",\"https:\/\/www.pinterest.de\/arbutihairsalon\/arbuti-hair-salon\/\"]}]}<\/script>\n<!-- \/ Yoast SEO Premium plugin. -->","yoast_head_json":{"title":"IMPRESSUM - ARBUTI Hair Salon","robots":{"index":"index","follow":"follow","max-snippet":"max-snippet:-1","max-image-preview":"max-image-preview:large","max-video-preview":"max-video-preview:-1"},"canonical":"https:\/\/arbuti.com\/nb\/avtrykk\/","og_locale":"nb_NO","og_type":"article","og_title":"IMPRESSUM","og_description":"Verantwortlich f\u00fcr den Inhalt: Ust-IdNr.: DE308046984 Alternative Streitbeilegung: Die Europ\u00e4ische Kommission stellt eine Plattform f\u00fcr die","og_url":"https:\/\/arbuti.com\/nb\/avtrykk\/","og_site_name":"ARBUTI Hair Salon","article_publisher":"https:\/\/www.facebook.com\/Arbutihairsalon\/","article_modified_time":"2025-08-16T12:26:08+00:00","og_image":[{"width":370,"height":231,"url":"https:\/\/arbuti.com\/wp-content\/uploads\/2025\/08\/Addy-01.jpg","type":"image\/jpeg"}],"twitter_card":"summary_large_image","twitter_misc":{"Ansl. lesetid":"3 minutter"},"schema":{"@context":"https:\/\/schema.org","@graph":[{"@type":"WebPage","@id":"https:\/\/arbuti.com\/impressum\/","url":"https:\/\/arbuti.com\/impressum\/","name":"IMPRESSUM - ARBUTI Hair Salon","isPartOf":{"@id":"https:\/\/arbuti.com\/fr\/#website"},"primaryImageOfPage":{"@id":"https:\/\/arbuti.com\/impressum\/#primaryimage"},"image":{"@id":"https:\/\/arbuti.com\/impressum\/#primaryimage"},"thumbnailUrl":"https:\/\/arbuti.com\/wp-content\/uploads\/2025\/08\/Addy-01.jpg","datePublished":"2018-09-17T08:49:13+00:00","dateModified":"2025-08-16T12:26:08+00:00","breadcrumb":{"@id":"https:\/\/arbuti.com\/impressum\/#breadcrumb"},"inLanguage":"nb-NO","potentialAction":[{"@type":"ReadAction","target":["https:\/\/arbuti.com\/impressum\/"]}]},{"@type":"ImageObject","inLanguage":"nb-NO","@id":"https:\/\/arbuti.com\/impressum\/#primaryimage","url":"https:\/\/arbuti.com\/wp-content\/uploads\/2025\/08\/Addy-01.jpg","contentUrl":"https:\/\/arbuti.com\/wp-content\/uploads\/2025\/08\/Addy-01.jpg"},{"@type":"BreadcrumbList","@id":"https:\/\/arbuti.com\/impressum\/#breadcrumb","itemListElement":[{"@type":"ListItem","position":1,"name":"ARBUTI","item":"https:\/\/arbuti.com\/"},{"@type":"ListItem","position":2,"name":"IMPRESSUM"}]},{"@type":"WebSite","@id":"https:\/\/arbuti.com\/fr\/#website","url":"https:\/\/arbuti.com\/fr\/","name":"ARBUTI Hair Salon","description":"Friseur M\u00fcnchen","publisher":{"@id":"https:\/\/arbuti.com\/fr\/#organization"},"alternateName":"ARBUTI","potentialAction":[{"@type":"SearchAction","target":{"@type":"EntryPoint","urlTemplate":"https:\/\/arbuti.com\/fr\/?s={search_term_string}"},"query-input":{"@type":"PropertyValueSpecification","valueRequired":true,"valueName":"search_term_string"}}],"inLanguage":"nb-NO"},{"@type":"Organization","@id":"https:\/\/arbuti.com\/fr\/#organization","name":"ARBUTI Hair Salon","alternateName":"ARBUTI","url":"https:\/\/arbuti.com\/fr\/","logo":{"@type":"ImageObject","inLanguage":"nb-NO","@id":"https:\/\/arbuti.com\/fr\/#\/schema\/logo\/image\/","url":"https:\/\/arbuti.com\/wp-content\/uploads\/2020\/04\/cropped-Arbuti-Friseur-Muenchen.jpg","contentUrl":"https:\/\/arbuti.com\/wp-content\/uploads\/2020\/04\/cropped-Arbuti-Friseur-Muenchen.jpg","width":512,"height":512,"caption":"ARBUTI Hair Salon"},"image":{"@id":"https:\/\/arbuti.com\/fr\/#\/schema\/logo\/image\/"},"sameAs":["https:\/\/www.facebook.com\/Arbutihairsalon\/","https:\/\/www.instagram.com\/arbutihairsalon\/","https:\/\/www.pinterest.de\/arbutihairsalon\/arbuti-hair-salon\/"]}]}},"uagb_featured_image_src":{"full":false,"thumbnail":false,"medium":false,"medium_large":false,"large":false,"1536x1536":false,"2048x2048":false,"trp-custom-language-flag":false,"wp_review_large":false,"wp_review_small":false},"uagb_author_info":{"display_name":"admin","author_link":"https:\/\/arbuti.com\/nb\/author\/admin\/"},"uagb_comment_info":0,"uagb_excerpt":"Verantwortlich f\u00fcr den Inhalt: Ust-IdNr.: DE308046984 Alternative Streitbeilegung: Die Europ\u00e4ische Kommission stellt eine Plattform f\u00fcr die au\u00dfergerichtliche Online-Streitbeilegung (OS-Plattform) bereit, [&hellip;]","_links":{"self":[{"href":"https:\/\/arbuti.com\/nb\/wp-json\/wp\/v2\/pages\/1323","targetHints":{"allow":["GET"]}}],"collection":[{"href":"https:\/\/arbuti.com\/nb\/wp-json\/wp\/v2\/pages"}],"about":[{"href":"https:\/\/arbuti.com\/nb\/wp-json\/wp\/v2\/types\/page"}],"author":[{"embeddable":true,"href":"https:\/\/arbuti.com\/nb\/wp-json\/wp\/v2\/users\/1"}],"replies":[{"embeddable":true,"href":"https:\/\/arbuti.com\/nb\/wp-json\/wp\/v2\/comments?post=1323"}],"version-history":[{"count":14,"href":"https:\/\/arbuti.com\/nb\/wp-json\/wp\/v2\/pages\/1323\/revisions"}],"predecessor-version":[{"id":14753,"href":"https:\/\/arbuti.com\/nb\/wp-json\/wp\/v2\/pages\/1323\/revisions\/14753"}],"wp:attachment":[{"href":"https:\/\/arbuti.com\/nb\/wp-json\/wp\/v2\/media?parent=1323"}],"curies":[{"name":"wp","href":"https:\/\/api.w.org\/{rel}","templated":true}]}}