{"id":1323,"date":"2018-09-17T08:49:13","date_gmt":"2018-09-17T08:49:13","guid":{"rendered":"http:\/\/muenchenfriseur.com\/?page_id=1323"},"modified":"2025-08-16T12:26:08","modified_gmt":"2025-08-16T12:26:08","slug":"impressum","status":"publish","type":"page","link":"https:\/\/arbuti.com\/jp\/%e6%ae%8b%e5%83%8f\/","title":{"rendered":"\u30a4\u30f3\u30d7\u30ea\u30f3\u30c8"},"content":{"rendered":"<p><b style=\"font-size: 1rem;\">\u30b3\u30f3\u30c6\u30f3\u30c4\u306e\u8cac\u4efb\u8005<\/b><\/p>\n<p><a href=\"https:\/\/arbuti.com\/wp-content\/uploads\/2025\/08\/Addy-01.jpg\"><img loading=\"lazy\" decoding=\"async\" class=\"alignnone wp-image-14751\" src=\"https:\/\/arbuti.com\/wp-content\/uploads\/2025\/08\/Addy-01.jpg\" alt=\"\" width=\"131\" height=\"82\" srcset=\"https:\/\/arbuti.com\/wp-content\/uploads\/2025\/08\/Addy-01.jpg 370w, https:\/\/arbuti.com\/wp-content\/uploads\/2025\/08\/Addy-01-300x187.jpg 300w, https:\/\/arbuti.com\/wp-content\/uploads\/2025\/08\/Addy-01-18x12.jpg 18w, https:\/\/arbuti.com\/wp-content\/uploads\/2025\/08\/Addy-01-320x200.jpg 320w\" sizes=\"auto, (max-width: 131px) 100vw, 131px\" \/><\/a><\/p>\n<p>VAT ID\u756a\u53f7\uff1aDE308046984<\/p>\n<p><strong>\u88c1\u5224\u5916\u7d1b\u4e89\u89e3\u6c7a\u624b\u7d9a\u3002<\/strong><\/p>\n<p>\u6b27\u5dde\u59d4\u54e1\u4f1a\u306f\u3001\u88c1\u5224\u5916\u306e\u30aa\u30f3\u30e9\u30a4\u30f3\u7d1b\u4e89\u89e3\u6c7a\u306e\u305f\u3081\u306e\u30d7\u30e9\u30c3\u30c8\u30d5\u30a9\u30fc\u30e0\uff08ODR\u30d7\u30e9\u30c3\u30c8\u30d5\u30a9\u30fc\u30e0\uff09\u3092\u63d0\u4f9b\u3057\u3066\u304a\u308a\u3001\u4ee5\u4e0b\u306e\u30b5\u30a4\u30c8\u304b\u3089\u30a2\u30af\u30bb\u30b9\u3059\u308b\u3053\u3068\u304c\u3067\u304d\u307e\u3059\u3002\u00a0<a href=\"https:\/\/ec.europa.eu\/odr\" target=\"_blank\" rel=\"noopener noreferrer\">https:\/\/ec.europa.eu\/odr<\/a>.<\/p>\n<p><b>\u753b\u50cf\u30af\u30ec\u30b8\u30c3\u30c8<br \/>\n<\/b>\u753b\u50cf - by Arbuti<br \/>\n\u753b\u50cf - Shutterstock.com<br \/>\npaulynn\/shutterstock.com<br \/>\nLightFieldStudios\/shutterstock.com<br \/>\nnelen\/shutterstock.com<br \/>\nshotPrimeStudio\/shutterstock.com<br \/>\nbitt24\/shutterstock.com<br \/>\nnewAfrica\/shutterstock.com<\/p>\n<p><strong>\u514d\u8cac\u4e8b\u9805<br \/>\n<\/strong>\u672c\u30b5\u30a4\u30c8\u306e\u30b3\u30f3\u30c6\u30f3\u30c4\u306f\u3001\u7d30\u5fc3\u306e\u6ce8\u610f\u3092\u6255\u3063\u3066\u4f5c\u6210\u3055\u308c\u3066\u3044\u307e\u3059\u3002\u5f53\u793e\u306f\u3001\u672c\u30a6\u30a7\u30d6\u30b5\u30a4\u30c8\u306b\u60c5\u5831\u3092\u63b2\u8f09\u3059\u308b\u969b\u306b\u306f\u3001\u7d30\u5fc3\u306e\u6ce8\u610f\u3092\u6255\u3063\u3066\u304a\u308a\u307e\u3059\u304c\u3001\u63b2\u8f09\u3055\u308c\u305f\u60c5\u5831\u306e\u6b63\u78ba\u6027\u3001\u5b8c\u5168\u6027\u3001\u6700\u65b0\u6027\u7b49\u306b\u3064\u3044\u3066\u4fdd\u8a3c\u3059\u308b\u3082\u306e\u3067\u306f\u3042\u308a\u307e\u305b\u3093\u3002\u672c\u30b5\u30a4\u30c8\u306e\u30b3\u30f3\u30c6\u30f3\u30c4\u306e\u5229\u7528\u306f\u3001\u5229\u7528\u8005\u3054\u81ea\u8eab\u306e\u8cac\u4efb\u306b\u304a\u3044\u3066\u884c\u308f\u308c\u308b\u3082\u306e\u3068\u3057\u307e\u3059\u3002<\/p>\n<p>1.\u5916\u90e8\u30ea\u30f3\u30af<br \/>\n\u7b2c\u4e09\u8005\u306e\u30a6\u30a7\u30d6\u30b5\u30a4\u30c8\u3078\u306e\u5916\u90e8\u30ea\u30f3\u30af\uff08\u4ee5\u4e0b\u300c\u5916\u90e8\u30ea\u30f3\u30af\u300d\uff09\u306e\u5834\u5408\u3001\u3053\u308c\u3089\u306e\u30a6\u30a7\u30d6\u30b5\u30a4\u30c8\u306f\u305d\u308c\u305e\u308c\u306e\u904b\u55b6\u8005\u306e\u8cac\u4efb\u306b\u304a\u3044\u3066\u7ba1\u7406\u3055\u308c\u307e\u3059\u3002\u5916\u90e8\u30ea\u30f3\u30af\u306e\u4f5c\u6210\u5f53\u521d\u306f\u3001\u30d7\u30ed\u30d0\u30a4\u30c0\u30fc\u304c\u5916\u90e8\u30b3\u30f3\u30c6\u30f3\u30c4\u306b\u6cd5\u4ee4\u9055\u53cd\u304c\u306a\u3044\u304b\u3092\u30c1\u30a7\u30c3\u30af\u3057\u3066\u3044\u307e\u3057\u305f\u3002\u305d\u306e\u6642\u70b9\u3067\u306f\u3001\u6cd5\u4ee4\u9055\u53cd\u306f\u898b\u5f53\u305f\u308a\u307e\u305b\u3093\u3067\u3057\u305f\u3002\u30ea\u30f3\u30af\u5148\u306e\u30da\u30fc\u30b8\u306e\u73fe\u5728\u304a\u3088\u3073\u5c06\u6765\u306e\u30c7\u30b6\u30a4\u30f3\u3084\u5185\u5bb9\u306b\u3064\u3044\u3066\u306f\u3001\u63d0\u4f9b\u8005\u306f\u4f55\u3089\u5f71\u97ff\u529b\u3092\u6301\u3061\u307e\u305b\u3093\u3002\u5916\u90e8\u30ea\u30f3\u30af\u306e\u63b2\u8f09\u306f\u3001\u53c2\u7167\u5148\u3084\u30ea\u30f3\u30af\u5148\u306e\u5185\u5bb9\u3092\u30d7\u30ed\u30d0\u30a4\u30c0\u304c\u72ec\u81ea\u306b\u63a1\u7528\u3059\u308b\u3053\u3068\u3092\u610f\u5473\u3059\u308b\u3082\u306e\u3067\u306f\u3042\u308a\u307e\u305b\u3093\u3002\u6cd5\u7684\u9055\u53cd\u306e\u5177\u4f53\u7684\u306a\u6307\u6458\u304c\u306a\u3044\u9650\u308a\u3001\u30d7\u30ed\u30d0\u30a4\u30c0\u30fc\u304c\u5916\u90e8\u30ea\u30f3\u30af\u3092\u5e38\u6642\u76e3\u8996\u3059\u308b\u3053\u3068\u306f\u5408\u7406\u7684\u3067\u306f\u3042\u308a\u307e\u305b\u3093\u3002\u305f\u3060\u3057\u3001\u6cd5\u4ee4\u9055\u53cd\u304c\u5224\u660e\u3057\u305f\u5834\u5408\u306b\u306f\u3001\u5f53\u8a72\u5916\u90e8\u30ea\u30f3\u30af\u3092\u76f4\u3061\u306b\u524a\u9664\u3057\u307e\u3059\u3002<\/p>\n<p>2. \u8457\u4f5c\u6a29\u304a\u3088\u3073\u4ed8\u968f\u3059\u308b\u8457\u4f5c\u6a29\uff5c\u00a9 copyright<br \/>\n\u672c\u30a6\u30a7\u30d6\u30b5\u30a4\u30c8\u306b\u63b2\u8f09\u3055\u308c\u3066\u3044\u308b\u30b3\u30f3\u30c6\u30f3\u30c4\u306f\u3001\u30c9\u30a4\u30c4\u306e\u8457\u4f5c\u6a29\u6cd5\u304a\u3088\u3073\u4ed8\u968f\u3059\u308b\u8457\u4f5c\u6a29\u6cd5\u306e\u9069\u7528\u3092\u53d7\u3051\u307e\u3059\u3002\u30c9\u30a4\u30c4\u306e\u8457\u4f5c\u6a29\u6cd5\u304a\u3088\u3073\u4ed8\u968f\u3059\u308b\u8457\u4f5c\u6a29\u6cd5\u3067\u8a8d\u3081\u3089\u308c\u3066\u3044\u306a\u3044\u4f7f\u7528\u306f\u3001\u30d7\u30ed\u30d0\u30a4\u30c0\u30fc\u307e\u305f\u306f\u305d\u308c\u305e\u308c\u306e\u6a29\u5229\u8005\u306e\u66f8\u9762\u306b\u3088\u308b\u4e8b\u524d\u627f\u8afe\u3092\u5fc5\u8981\u3068\u3057\u307e\u3059\u3002\u3053\u308c\u306f\u7279\u306b\u3001\u30c7\u30fc\u30bf\u30d9\u30fc\u30b9\u3084\u305d\u306e\u4ed6\u306e\u96fb\u5b50\u30e1\u30c7\u30a3\u30a2\u304a\u3088\u3073\u30b7\u30b9\u30c6\u30e0\u306b\u304a\u3051\u308b\u30b3\u30f3\u30c6\u30f3\u30c4\u306e\u30b3\u30d4\u30fc\u3001\u7de8\u96c6\u3001\u7ffb\u8a33\u3001\u4fdd\u5b58\u3001\u52a0\u5de5\u307e\u305f\u306f\u518d\u751f\u306b\u9069\u7528\u3055\u308c\u307e\u3059\u3002\u500b\u3005\u306e\u30b3\u30f3\u30c6\u30f3\u30c4\u3084\u30da\u30fc\u30b8\u5168\u4f53\u3092\u7121\u65ad\u3067\u8907\u88fd\u3001\u9001\u4fe1\u3059\u308b\u3053\u3068\u306f\u7981\u3058\u3089\u308c\u3066\u304a\u308a\u3001\u6cd5\u5f8b\u306b\u3088\u308a\u7f70\u305b\u3089\u308c\u307e\u3059\u3002\u500b\u4eba\u7684\u3001\u79c1\u7684\u3001\u975e\u5546\u696d\u7684\u306a\u4f7f\u7528\u306e\u305f\u3081\u306e\u8907\u88fd\u7269\u304a\u3088\u3073\u30c0\u30a6\u30f3\u30ed\u30fc\u30c9\u306e\u4f5c\u6210\u306e\u307f\u304c\u8a31\u53ef\u3055\u308c\u3066\u3044\u307e\u3059\u3002\u672c\u30a6\u30a7\u30d6\u30b5\u30a4\u30c8\u3092\u5916\u90e8\u30d5\u30ec\u30fc\u30e0\u306b\u8868\u793a\u3059\u308b\u3053\u3068\u306f\u3001\u66f8\u9762\u306b\u3088\u308b\u8a31\u53ef\u3092\u5f97\u305f\u5834\u5408\u306b\u306e\u307f\u8a31\u53ef\u3055\u308c\u307e\u3059\u3002<\/p>\n<p>3. \u30c7\u30fc\u30bf\u4fdd\u8b77<br \/>\n\u30d7\u30ed\u30d0\u30a4\u30c0\u306e\u30a6\u30a7\u30d6\u30b5\u30a4\u30c8\u3092\u95b2\u89a7\u3059\u308b\u3053\u3068\u3067\u3001\u30a2\u30af\u30bb\u30b9\u306b\u95a2\u3059\u308b\u60c5\u5831\uff08\u65e5\u6642\u3001\u95b2\u89a7\u3057\u305f\u30da\u30fc\u30b8\uff09\u304c\u84c4\u7a4d\u3055\u308c\u308b\u5834\u5408\u304c\u3042\u308a\u307e\u3059\u3002\u3053\u308c\u3089\u306e\u30c7\u30fc\u30bf\u306f\u500b\u4eba\u60c5\u5831\u306b\u306f\u5c5e\u3055\u305a\u3001\u533f\u540d\u5316\u3055\u308c\u3066\u3044\u307e\u3059\u3002\u3053\u308c\u3089\u306f\u3001\u7d71\u8a08\u7684\u306a\u76ee\u7684\u306e\u305f\u3081\u306b\u306e\u307f\u8a55\u4fa1\u3055\u308c\u307e\u3059\u3002\u55b6\u5229\u3001\u975e\u55b6\u5229\u3092\u554f\u308f\u305a\u3001\u7b2c\u4e09\u8005\u306b\u8b72\u6e21\u3055\u308c\u308b\u3053\u3068\u306f\u3042\u308a\u307e\u305b\u3093\u3002\u30d7\u30ed\u30d0\u30a4\u30c0\u306f\u3001\u30a4\u30f3\u30bf\u30fc\u30cd\u30c3\u30c8\u4e0a\u306e\u30c7\u30fc\u30bf\u9001\u4fe1\uff08\u96fb\u5b50\u30e1\u30fc\u30eb\u306b\u3088\u308b\u901a\u4fe1\u306a\u3069\uff09\u306b\u306f\u30bb\u30ad\u30e5\u30ea\u30c6\u30a3\u4e0a\u306e\u8106\u5f31\u6027\u304c\u3042\u308a\u3001\u7b2c\u4e09\u8005\u306b\u3088\u308b\u30a2\u30af\u30bb\u30b9\u304b\u3089\u5b8c\u5168\u306b\u4fdd\u8b77\u3059\u308b\u3053\u3068\u304c\u3067\u304d\u306a\u3044\u3053\u3068\u3092\u660e\u793a\u7684\u306b\u6307\u6458\u3057\u307e\u3059\u3002<\/p>\n<p>\u30a4\u30f3\u30d7\u30ea\u30f3\u30c8\u306e\u9023\u7d61\u5148\u30c7\u30fc\u30bf\u3092\u5546\u696d\u5e83\u544a\u306b\u4f7f\u7528\u3059\u308b\u3053\u3068\u306f\u3001\u63d0\u4f9b\u8005\u306e\u66f8\u9762\u306b\u3088\u308b\u4e8b\u524d\u627f\u8afe\u304c\u3042\u308b\u5834\u5408\u3001\u307e\u305f\u306f\u3059\u3067\u306b\u53d6\u5f15\u95a2\u4fc2\u304c\u5b58\u5728\u3059\u308b\u5834\u5408\u3092\u9664\u304d\u3001\u660e\u793a\u7684\u306b\u671b\u307e\u308c\u3066\u3044\u307e\u305b\u3093\u3002\u63d0\u4f9b\u8005\u53ca\u3073\u672c\u30a6\u30a7\u30d6\u30b5\u30a4\u30c8\u306b\u8a18\u8f09\u3055\u308c\u305f\u3059\u3079\u3066\u306e\u4eba\u306f\u3001\u3053\u3053\u306b\u3001\u305d\u306e\u30c7\u30fc\u30bf\u306e\u5546\u696d\u7684\u4f7f\u7528\u53ca\u3073\u958b\u793a\u306b\u53cd\u5bfe\u3057\u307e\u3059\u3002<\/p>\n<p>4.\u7279\u5225\u306a\u4f7f\u7528\u6761\u4ef6<br \/>\n\u306a\u304a\u3001\u4e0a\u8a181.\u304b\u30894.\u306e\u5b9a\u3081\u306b\u3088\u308b\u307b\u304b\u3001\u500b\u3005\u306e\u5229\u7528\u6761\u4ef6\u306b\u3064\u3044\u3066\u7279\u6bb5\u306e\u5b9a\u3081\u304c\u3042\u308b\u5834\u5408\u306f\u3001\u5f53\u8a72\u7b87\u6240\u306b\u660e\u793a\u3057\u3066\u3044\u307e\u3059\u3002\u3053\u306e\u5834\u5408\u3001\u500b\u5225\u306e\u6848\u4ef6\u3054\u3068\u306b\u7279\u5225\u5229\u7528\u898f\u7d04\u304c\u9069\u7528\u3055\u308c\u307e\u3059\u3002<\/p>","protected":false},"excerpt":{"rendered":"<p>Verantwortlich f\u00fcr den Inhalt: Ust-IdNr.: DE308046984 Alternative Streitbeilegung: Die Europ\u00e4ische Kommission stellt eine Plattform f\u00fcr die au\u00dfergerichtliche Online-Streitbeilegung (OS-Plattform) bereit, [&hellip;]<\/p>","protected":false},"author":1,"featured_media":0,"parent":0,"menu_order":0,"comment_status":"closed","ping_status":"closed","template":"","meta":{"ub_ctt_via":"","_uag_custom_page_level_css":"","site-sidebar-layout":"default","site-content-layout":"default","ast-site-content-layout":"default","site-content-style":"default","site-sidebar-style":"default","ast-global-header-display":"","ast-banner-title-visibility":"","ast-main-header-display":"","ast-hfb-above-header-display":"","ast-hfb-below-header-display":"","ast-hfb-mobile-header-display":"","site-post-title":"","ast-breadcrumbs-content":"","ast-featured-img":"","footer-sml-layout":"","theme-transparent-header-meta":"default","adv-header-id-meta":"","stick-header-meta":"default","header-above-stick-meta":"","header-main-stick-meta":"","header-below-stick-meta":"","astra-migrate-meta-layouts":"set","ast-page-background-enabled":"default","ast-page-background-meta":{"desktop":{"background-color":"","background-image":"","background-repeat":"repeat","background-position":"center center","background-size":"auto","background-attachment":"scroll","background-type":"","background-media":"","overlay-type":"","overlay-color":"","overlay-opacity":"","overlay-gradient":""},"tablet":{"background-color":"","background-image":"","background-repeat":"repeat","background-position":"center center","background-size":"auto","background-attachment":"scroll","background-type":"","background-media":"","overlay-type":"","overlay-color":"","overlay-opacity":"","overlay-gradient":""},"mobile":{"background-color":"","background-image":"","background-repeat":"repeat","background-position":"center center","background-size":"auto","background-attachment":"scroll","background-type":"","background-media":"","overlay-type":"","overlay-color":"","overlay-opacity":"","overlay-gradient":""}},"ast-content-background-meta":{"desktop":{"background-color":"var(--ast-global-color-5)","background-image":"","background-repeat":"repeat","background-position":"center center","background-size":"auto","background-attachment":"scroll","background-type":"","background-media":"","overlay-type":"","overlay-color":"","overlay-opacity":"","overlay-gradient":""},"tablet":{"background-color":"var(--ast-global-color-5)","background-image":"","background-repeat":"repeat","background-position":"center center","background-size":"auto","background-attachment":"scroll","background-type":"","background-media":"","overlay-type":"","overlay-color":"","overlay-opacity":"","overlay-gradient":""},"mobile":{"background-color":"var(--ast-global-color-5)","background-image":"","background-repeat":"repeat","background-position":"center center","background-size":"auto","background-attachment":"scroll","background-type":"","background-media":"","overlay-type":"","overlay-color":"","overlay-opacity":"","overlay-gradient":""}},"footnotes":""},"class_list":["post-1323","page","type-page","status-publish","hentry"],"featured_image_src":null,"yoast_head":"<!-- This site is optimized with the Yoast SEO Premium plugin v25.3 (Yoast SEO v25.3) - https:\/\/yoast.com\/wordpress\/plugins\/seo\/ -->\n<title>IMPRESSUM - ARBUTI Hair Salon<\/title>\n<meta name=\"robots\" content=\"index, follow, max-snippet:-1, max-image-preview:large, max-video-preview:-1\" \/>\n<link rel=\"canonical\" href=\"https:\/\/arbuti.com\/jp\/\u6b8b\u50cf\/\" \/>\n<meta property=\"og:locale\" content=\"ja_JP\" \/>\n<meta property=\"og:type\" content=\"article\" \/>\n<meta property=\"og:title\" content=\"IMPRESSUM\" \/>\n<meta property=\"og:description\" content=\"Verantwortlich f\u00fcr den Inhalt: Ust-IdNr.: DE308046984 Alternative\" \/>\n<meta property=\"og:url\" content=\"https:\/\/arbuti.com\/jp\/\u6b8b\u50cf\/\" \/>\n<meta property=\"og:site_name\" content=\"ARBUTI Hair Salon\" \/>\n<meta property=\"article:publisher\" content=\"https:\/\/www.facebook.com\/Arbutihairsalon\/\" \/>\n<meta property=\"article:modified_time\" content=\"2025-08-16T12:26:08+00:00\" \/>\n<meta property=\"og:image\" content=\"https:\/\/arbuti.com\/wp-content\/uploads\/2025\/08\/Addy-01.jpg\" \/>\n\t<meta property=\"og:image:width\" content=\"370\" \/>\n\t<meta property=\"og:image:height\" content=\"231\" \/>\n\t<meta property=\"og:image:type\" content=\"image\/jpeg\" \/>\n<meta name=\"twitter:card\" content=\"summary_large_image\" \/>\n<meta name=\"twitter:label1\" content=\"\u63a8\u5b9a\u8aad\u307f\u53d6\u308a\u6642\u9593\" \/>\n\t<meta name=\"twitter:data1\" content=\"3\u5206\" \/>\n<script type=\"application\/ld+json\" class=\"yoast-schema-graph\">{\"@context\":\"https:\/\/schema.org\",\"@graph\":[{\"@type\":\"WebPage\",\"@id\":\"https:\/\/arbuti.com\/impressum\/\",\"url\":\"https:\/\/arbuti.com\/impressum\/\",\"name\":\"IMPRESSUM - ARBUTI Hair Salon\",\"isPartOf\":{\"@id\":\"https:\/\/arbuti.com\/fr\/#website\"},\"primaryImageOfPage\":{\"@id\":\"https:\/\/arbuti.com\/impressum\/#primaryimage\"},\"image\":{\"@id\":\"https:\/\/arbuti.com\/impressum\/#primaryimage\"},\"thumbnailUrl\":\"https:\/\/arbuti.com\/wp-content\/uploads\/2025\/08\/Addy-01.jpg\",\"datePublished\":\"2018-09-17T08:49:13+00:00\",\"dateModified\":\"2025-08-16T12:26:08+00:00\",\"breadcrumb\":{\"@id\":\"https:\/\/arbuti.com\/impressum\/#breadcrumb\"},\"inLanguage\":\"ja\",\"potentialAction\":[{\"@type\":\"ReadAction\",\"target\":[\"https:\/\/arbuti.com\/impressum\/\"]}]},{\"@type\":\"ImageObject\",\"inLanguage\":\"ja\",\"@id\":\"https:\/\/arbuti.com\/impressum\/#primaryimage\",\"url\":\"https:\/\/arbuti.com\/wp-content\/uploads\/2025\/08\/Addy-01.jpg\",\"contentUrl\":\"https:\/\/arbuti.com\/wp-content\/uploads\/2025\/08\/Addy-01.jpg\"},{\"@type\":\"BreadcrumbList\",\"@id\":\"https:\/\/arbuti.com\/impressum\/#breadcrumb\",\"itemListElement\":[{\"@type\":\"ListItem\",\"position\":1,\"name\":\"ARBUTI\",\"item\":\"https:\/\/arbuti.com\/\"},{\"@type\":\"ListItem\",\"position\":2,\"name\":\"IMPRESSUM\"}]},{\"@type\":\"WebSite\",\"@id\":\"https:\/\/arbuti.com\/fr\/#website\",\"url\":\"https:\/\/arbuti.com\/fr\/\",\"name\":\"ARBUTI Hair Salon\",\"description\":\"Friseur M\u00fcnchen\",\"publisher\":{\"@id\":\"https:\/\/arbuti.com\/fr\/#organization\"},\"alternateName\":\"ARBUTI\",\"potentialAction\":[{\"@type\":\"SearchAction\",\"target\":{\"@type\":\"EntryPoint\",\"urlTemplate\":\"https:\/\/arbuti.com\/fr\/?s={search_term_string}\"},\"query-input\":{\"@type\":\"PropertyValueSpecification\",\"valueRequired\":true,\"valueName\":\"search_term_string\"}}],\"inLanguage\":\"ja\"},{\"@type\":\"Organization\",\"@id\":\"https:\/\/arbuti.com\/fr\/#organization\",\"name\":\"ARBUTI Hair Salon\",\"alternateName\":\"ARBUTI\",\"url\":\"https:\/\/arbuti.com\/fr\/\",\"logo\":{\"@type\":\"ImageObject\",\"inLanguage\":\"ja\",\"@id\":\"https:\/\/arbuti.com\/fr\/#\/schema\/logo\/image\/\",\"url\":\"https:\/\/arbuti.com\/wp-content\/uploads\/2020\/04\/cropped-Arbuti-Friseur-Muenchen.jpg\",\"contentUrl\":\"https:\/\/arbuti.com\/wp-content\/uploads\/2020\/04\/cropped-Arbuti-Friseur-Muenchen.jpg\",\"width\":512,\"height\":512,\"caption\":\"ARBUTI Hair Salon\"},\"image\":{\"@id\":\"https:\/\/arbuti.com\/fr\/#\/schema\/logo\/image\/\"},\"sameAs\":[\"https:\/\/www.facebook.com\/Arbutihairsalon\/\",\"https:\/\/www.instagram.com\/arbutihairsalon\/\",\"https:\/\/www.pinterest.de\/arbutihairsalon\/arbuti-hair-salon\/\"]}]}<\/script>\n<!-- \/ Yoast SEO Premium plugin. -->","yoast_head_json":{"title":"IMPRESSUM - ARBUTI Hair Salon","robots":{"index":"index","follow":"follow","max-snippet":"max-snippet:-1","max-image-preview":"max-image-preview:large","max-video-preview":"max-video-preview:-1"},"canonical":"https:\/\/arbuti.com\/jp\/\u6b8b\u50cf\/","og_locale":"ja_JP","og_type":"article","og_title":"IMPRESSUM","og_description":"Verantwortlich f\u00fcr den Inhalt: Ust-IdNr.: DE308046984 Alternative","og_url":"https:\/\/arbuti.com\/jp\/\u6b8b\u50cf\/","og_site_name":"ARBUTI Hair Salon","article_publisher":"https:\/\/www.facebook.com\/Arbutihairsalon\/","article_modified_time":"2025-08-16T12:26:08+00:00","og_image":[{"width":370,"height":231,"url":"https:\/\/arbuti.com\/wp-content\/uploads\/2025\/08\/Addy-01.jpg","type":"image\/jpeg"}],"twitter_card":"summary_large_image","twitter_misc":{"\u63a8\u5b9a\u8aad\u307f\u53d6\u308a\u6642\u9593":"3\u5206"},"schema":{"@context":"https:\/\/schema.org","@graph":[{"@type":"WebPage","@id":"https:\/\/arbuti.com\/impressum\/","url":"https:\/\/arbuti.com\/impressum\/","name":"IMPRESSUM - ARBUTI Hair Salon","isPartOf":{"@id":"https:\/\/arbuti.com\/fr\/#website"},"primaryImageOfPage":{"@id":"https:\/\/arbuti.com\/impressum\/#primaryimage"},"image":{"@id":"https:\/\/arbuti.com\/impressum\/#primaryimage"},"thumbnailUrl":"https:\/\/arbuti.com\/wp-content\/uploads\/2025\/08\/Addy-01.jpg","datePublished":"2018-09-17T08:49:13+00:00","dateModified":"2025-08-16T12:26:08+00:00","breadcrumb":{"@id":"https:\/\/arbuti.com\/impressum\/#breadcrumb"},"inLanguage":"ja","potentialAction":[{"@type":"ReadAction","target":["https:\/\/arbuti.com\/impressum\/"]}]},{"@type":"ImageObject","inLanguage":"ja","@id":"https:\/\/arbuti.com\/impressum\/#primaryimage","url":"https:\/\/arbuti.com\/wp-content\/uploads\/2025\/08\/Addy-01.jpg","contentUrl":"https:\/\/arbuti.com\/wp-content\/uploads\/2025\/08\/Addy-01.jpg"},{"@type":"BreadcrumbList","@id":"https:\/\/arbuti.com\/impressum\/#breadcrumb","itemListElement":[{"@type":"ListItem","position":1,"name":"ARBUTI","item":"https:\/\/arbuti.com\/"},{"@type":"ListItem","position":2,"name":"IMPRESSUM"}]},{"@type":"WebSite","@id":"https:\/\/arbuti.com\/fr\/#website","url":"https:\/\/arbuti.com\/fr\/","name":"ARBUTI Hair Salon","description":"Friseur M\u00fcnchen","publisher":{"@id":"https:\/\/arbuti.com\/fr\/#organization"},"alternateName":"ARBUTI","potentialAction":[{"@type":"SearchAction","target":{"@type":"EntryPoint","urlTemplate":"https:\/\/arbuti.com\/fr\/?s={search_term_string}"},"query-input":{"@type":"PropertyValueSpecification","valueRequired":true,"valueName":"search_term_string"}}],"inLanguage":"ja"},{"@type":"Organization","@id":"https:\/\/arbuti.com\/fr\/#organization","name":"ARBUTI Hair Salon","alternateName":"ARBUTI","url":"https:\/\/arbuti.com\/fr\/","logo":{"@type":"ImageObject","inLanguage":"ja","@id":"https:\/\/arbuti.com\/fr\/#\/schema\/logo\/image\/","url":"https:\/\/arbuti.com\/wp-content\/uploads\/2020\/04\/cropped-Arbuti-Friseur-Muenchen.jpg","contentUrl":"https:\/\/arbuti.com\/wp-content\/uploads\/2020\/04\/cropped-Arbuti-Friseur-Muenchen.jpg","width":512,"height":512,"caption":"ARBUTI Hair Salon"},"image":{"@id":"https:\/\/arbuti.com\/fr\/#\/schema\/logo\/image\/"},"sameAs":["https:\/\/www.facebook.com\/Arbutihairsalon\/","https:\/\/www.instagram.com\/arbutihairsalon\/","https:\/\/www.pinterest.de\/arbutihairsalon\/arbuti-hair-salon\/"]}]}},"uagb_featured_image_src":{"full":false,"thumbnail":false,"medium":false,"medium_large":false,"large":false,"1536x1536":false,"2048x2048":false,"trp-custom-language-flag":false,"wp_review_large":false,"wp_review_small":false},"uagb_author_info":{"display_name":"admin","author_link":"https:\/\/arbuti.com\/jp\/author\/admin\/"},"uagb_comment_info":0,"uagb_excerpt":"Verantwortlich f\u00fcr den Inhalt: Ust-IdNr.: DE308046984 Alternative Streitbeilegung: Die Europ\u00e4ische Kommission stellt eine Plattform f\u00fcr die au\u00dfergerichtliche Online-Streitbeilegung (OS-Plattform) bereit, [&hellip;]","_links":{"self":[{"href":"https:\/\/arbuti.com\/jp\/wp-json\/wp\/v2\/pages\/1323","targetHints":{"allow":["GET"]}}],"collection":[{"href":"https:\/\/arbuti.com\/jp\/wp-json\/wp\/v2\/pages"}],"about":[{"href":"https:\/\/arbuti.com\/jp\/wp-json\/wp\/v2\/types\/page"}],"author":[{"embeddable":true,"href":"https:\/\/arbuti.com\/jp\/wp-json\/wp\/v2\/users\/1"}],"replies":[{"embeddable":true,"href":"https:\/\/arbuti.com\/jp\/wp-json\/wp\/v2\/comments?post=1323"}],"version-history":[{"count":14,"href":"https:\/\/arbuti.com\/jp\/wp-json\/wp\/v2\/pages\/1323\/revisions"}],"predecessor-version":[{"id":14753,"href":"https:\/\/arbuti.com\/jp\/wp-json\/wp\/v2\/pages\/1323\/revisions\/14753"}],"wp:attachment":[{"href":"https:\/\/arbuti.com\/jp\/wp-json\/wp\/v2\/media?parent=1323"}],"curies":[{"name":"wp","href":"https:\/\/api.w.org\/{rel}","templated":true}]}}