{"id":11,"date":"2015-01-27T11:54:42","date_gmt":"2015-01-27T11:54:42","guid":{"rendered":"http:\/\/muenchenfriseur.com_demos\/travel\/?page_id=11"},"modified":"2021-09-11T09:03:05","modified_gmt":"2021-09-11T09:03:05","slug":"kontakt","status":"publish","type":"page","link":"https:\/\/arbuti.com\/jp\/%e6%8e%a5%e8%a7%a6\/","title":{"rendered":"\u304a\u554f\u3044\u5408\u308f\u305b\u5148"},"content":{"rendered":"<div class=\"wp-block-cover alignfull\" style=\"min-height:257px;aspect-ratio:unset;\"><img loading=\"lazy\" decoding=\"async\" width=\"1900\" height=\"1169\" class=\"wp-block-cover__image-background wp-image-1054\" alt=\"\" src=\"https:\/\/arbuti.com\/wp-content\/uploads\/2015\/01\/Tapete_5.jpg\" data-object-fit=\"cover\" srcset=\"https:\/\/arbuti.com\/wp-content\/uploads\/2015\/01\/Tapete_5.jpg 1900w, https:\/\/arbuti.com\/wp-content\/uploads\/2015\/01\/Tapete_5-600x369.jpg 600w, https:\/\/arbuti.com\/wp-content\/uploads\/2015\/01\/Tapete_5-300x185.jpg 300w, https:\/\/arbuti.com\/wp-content\/uploads\/2015\/01\/Tapete_5-768x473.jpg 768w, https:\/\/arbuti.com\/wp-content\/uploads\/2015\/01\/Tapete_5-1024x630.jpg 1024w, https:\/\/arbuti.com\/wp-content\/uploads\/2015\/01\/Tapete_5-200x123.jpg 200w, https:\/\/arbuti.com\/wp-content\/uploads\/2015\/01\/Tapete_5-400x246.jpg 400w, https:\/\/arbuti.com\/wp-content\/uploads\/2015\/01\/Tapete_5-800x492.jpg 800w, https:\/\/arbuti.com\/wp-content\/uploads\/2015\/01\/Tapete_5-1200x738.jpg 1200w\" sizes=\"auto, (max-width: 1900px) 100vw, 1900px\" \/><div class=\"wp-block-cover__inner-container is-layout-flow wp-block-cover-is-layout-flow\">\n<h1 class=\"has-text-align-center has-text-color wp-block-heading\" id=\"h-kontakt\" style=\"color:#162d37\">\u304a\u554f\u3044\u5408\u308f\u305b\u5148<\/h1>\n<\/div><\/div>\n\n\n\n<div style=\"height:73px\" aria-hidden=\"true\" class=\"wp-block-spacer\"><\/div>\n\n\n<div class=\"wpforms-container wpforms-container-full wpforms-block\" id=\"wpforms-10164\"><form id=\"wpforms-form-10164\" class=\"wpforms-validate wpforms-form wpforms-ajax-form\" data-formid=\"10164\" method=\"post\" enctype=\"multipart\/form-data\" action=\"\/jp\/wp-json\/wp\/v2\/pages\/11?wpforms_form_id=10164\" data-token=\"a3f0e6f64e1a66152d5d13c4c2594085\" data-token-time=\"1775264918\" data-trp-original-action=\"\/jp\/wp-json\/wp\/v2\/pages\/11?wpforms_form_id=10164\"><noscript class=\"wpforms-error-noscript\">\u3053\u306e\u30d5\u30a9\u30fc\u30e0\u306b\u5165\u529b\u3059\u308b\u306b\u306f\u3001\u30d6\u30e9\u30a6\u30b6\u30fc\u3067JavaScript\u3092\u6709\u52b9\u306b\u3057\u3066\u304f\u3060\u3055\u3044\u3002<\/noscript><div class=\"wpforms-field-container\"><div id=\"wpforms-10164-field_0-container\" class=\"wpforms-field wpforms-field-name\" data-field-id=\"0\"><label class=\"wpforms-field-label\">\u304a\u540d\u524d <span class=\"wpforms-required-label\">*<\/span><\/label><div class=\"wpforms-field-row wpforms-field-medium\"><div class=\"wpforms-field-row-block wpforms-first wpforms-one-half\"><input type=\"text\" id=\"wpforms-10164-field_0\" class=\"wpforms-field-name-first wpforms-field-required\" name=\"wpforms[fields][0][first]\" required><label for=\"wpforms-10164-field_0\" class=\"wpforms-field-sublabel after\">\u540d<\/label><\/div><div class=\"wpforms-field-row-block wpforms-one-half\"><input type=\"text\" id=\"wpforms-10164-field_0-last\" class=\"wpforms-field-name-last wpforms-field-required\" name=\"wpforms[fields][0][last]\" required><label for=\"wpforms-10164-field_0-last\" class=\"wpforms-field-sublabel after\">\u59d3<\/label><\/div><\/div><\/div><div id=\"wpforms-10164-field_1-container\" class=\"wpforms-field wpforms-field-email\" data-field-id=\"1\"><label class=\"wpforms-field-label\" for=\"wpforms-10164-field_1\">\u96fb\u5b50\u30e1\u30fc\u30eb <span class=\"wpforms-required-label\">*<\/span><\/label><input type=\"email\" id=\"wpforms-10164-field_1\" class=\"wpforms-field-medium wpforms-field-required\" name=\"wpforms[fields][1]\" spellcheck=\"false\" required><\/div><div id=\"wpforms-10164-field_2-container\" class=\"wpforms-field wpforms-field-textarea\" data-field-id=\"2\"><label class=\"wpforms-field-label\" for=\"wpforms-10164-field_2\">\u30e1\u30c3\u30bb\u30fc\u30b8 <span class=\"wpforms-required-label\">*<\/span><\/label><textarea id=\"wpforms-10164-field_2\" class=\"wpforms-field-medium wpforms-field-required\" name=\"wpforms[fields][2]\" required><\/textarea><\/div><div id=\"wpforms-10164-field_3-container\" class=\"wpforms-field wpforms-field-file-upload\" data-field-id=\"3\"><label class=\"wpforms-field-label\" for=\"wpforms-10164-field_3\">\u30d5\u30a1\u30a4\u30eb\u306e\u30a2\u30c3\u30d7\u30ed\u30fc\u30c9<\/label><div\n\t\tclass=\"wpforms-uploader\"\n\t\tdata-field-id=\"3\"\n\t\tdata-form-id=\"10164\"\n\t\tdata-input-name=\"wpforms_10164_3\"\n\t\tdata-extensions=\"jpg,jpeg,jpe,gif,png,bmp,tiff,tif,webp,avif,ico,heic,heif,heics,heifs,asf,asx,wmv,wmx,wm,avi,divx,mov,qt,mpeg,mpg,mpe,mp4,m4v,ogv,webm,mkv,3gp,3gpp,3g2,3gp2,txt,asc,c,cc,h,srt,csv,tsv,ics,rtx,css,vtt,mp3,m4a,m4b,aac,ra,ram,wav,ogg,oga,flac,mid,midi,wma,wax,mka,rtf,pdf,class,tar,zip,gz,gzip,rar,7z,psd,xcf,doc,pot,pps,ppt,wri,xla,xls,xlt,xlw,mpp,docx,docm,dotx,dotm,xlsx,xlsm,xlsb,xltx,xltm,xlam,pptx,pptm,ppsx,ppsm,potx,potm,ppam,sldx,sldm,onetoc,onetoc2,onepkg,oxps,xps,odt,odp,ods,odg,odc,odb,odf,wp,wpd,key,numbers,pages,json\"\n\t\tdata-max-size=\"134217728\"\n\t\tdata-max-file-number=\"1\"\n\t\tdata-post-max-size=\"134217728\"\n\t\tdata-max-parallel-uploads=\"4\"\n\t\tdata-parallel-uploads=\"true\"\n\t\tdata-file-chunk-size=\"2097152\">\n\t<div class=\"dz-message\">\n\t\t<svg viewbox=\"0 0 1024 1024\" focusable=\"false\" data-icon=\"inbox\" width=\"50px\" height=\"50px\" fill=\"currentColor\" aria-hidden=\"true\">\n\t\t\t<path d=\"M885.2 446.3l-.2-.8-112.2-285.1c-5-16.1-19.9-27.2-36.8-27.2H281.2c-17 0-32.1 11.3-36.9 27.6L139.4 443l-.3.7-.2.8c-1.3 4.9-1.7 9.9-1 14.8-.1 1.6-.2 3.2-.2 4.8V830a60.9 60.9 0 0 0 60.8 60.8h627.2c33.5 0 60.8-27.3 60.9-60.8V464.1c0-1.3 0-2.6-.1-3.7.4-4.9 0-9.6-1.3-14.1zm-295.8-43l-.3 15.7c-.8 44.9-31.8 75.1-77.1 75.1-22.1 0-41.1-7.1-54.8-20.6S436 441.2 435.6 419l-.3-15.7H229.5L309 210h399.2l81.7 193.3H589.4zm-375 76.8h157.3c24.3 57.1 76 90.8 140.4 90.8 33.7 0 65-9.4 90.3-27.2 22.2-15.6 39.5-37.4 50.7-63.6h156.5V814H214.4V480.1z\"><\/path>\n\t\t<\/svg>\n\t\t<span class=\"modern-title\">\u30d5\u30a1\u30a4\u30eb\u3092\u30af\u30ea\u30c3\u30af\u307e\u305f\u306f\u30c9\u30e9\u30c3\u30b0\u3057\u3066\u3001\u3053\u306e\u9818\u57df\u306b\u30a2\u30c3\u30d7\u30ed\u30fc\u30c9\u3057\u307e\u3059\u3002<\/span>\n\n\t\t\t<\/div>\n<\/div>\n<input\n\t\ttype=\"text\"\n\t\tautocomplete=\"off\"\n\t\treadonly\n\t\tclass=\"dropzone-input\"\n\t\tstyle=\"position:absolute!important;clip:rect(0,0,0,0)!important;height:1px!important;width:1px!important;border:0!important;overflow:hidden!important;padding:0!important;margin:0!important;\"\n\t\tid=\"wpforms-10164-field_3\"\n\t\tname=\"wpforms_10164_3\" \t\tvalue=\"\">\n<\/div><\/div><!-- .wpforms-field-container --><div class=\"wpforms-submit-container\" ><input type=\"hidden\" name=\"wpforms[id]\" value=\"10164\"><input type=\"hidden\" name=\"page_title\" value=\"\"><input type=\"hidden\" name=\"page_url\" value=\"https:\/\/arbuti.com\/jp\/wp-json\/wp\/v2\/pages\/11\"><input type=\"hidden\" name=\"url_referer\" value=\"\"><button type=\"submit\" name=\"wpforms[submit]\" id=\"wpforms-submit-10164\" class=\"wpforms-submit\" data-alt-text=\"sendet...\" data-submit-text=\"Senden\" aria-live=\"assertive\" value=\"wpforms-submit\">\u9001\u4fe1<\/button><img loading=\"lazy\" decoding=\"async\" src=\"https:\/\/arbuti.com\/wp-content\/plugins\/wpforms\/assets\/images\/submit-spin.svg\" class=\"wpforms-submit-spinner\" style=\"display: none;\" width=\"26\" height=\"26\" alt=\"\u8aad\u307f\u8fbc\u307f\u4e2d\"><\/div><input type=\"hidden\" name=\"trp-form-language\" value=\"jp\"\/><\/form><\/div>  <!-- .wpforms-container -->\n\n\n<div style=\"height:73px\" aria-hidden=\"true\" class=\"wp-block-spacer\"><\/div>\n\n\n\n<h2 class=\"wp-block-heading\" id=\"h-adresse\">\u30a2\u30c9\u30ec\u30b9<\/h2>\n\n\n\n<p>Gabelsbergerstr. <br>80333 \u30df\u30e5\u30f3\u30d8\u30f3 <br>\u30a2\u30eb\u30d6\u30c6\u30a3 \u30d8\u30a2\u30b5\u30ed\u30f3<\/p>\n\n\n\n<hr class=\"wp-block-separator is-style-wide\"\/>\n\n\n\n<h2 class=\"wp-block-heading\" id=\"h-email\">EMAIL<\/h2>\n\n\n\n<p>info@arbuti.com<\/p>\n\n\n\n<hr class=\"wp-block-separator is-style-wide\"\/>\n\n\n\n<h2 class=\"wp-block-heading\" id=\"h-telefon\">\u96fb\u8a71\u756a\u53f7<\/h2>\n\n\n\n<p>089 529118<\/p>\n\n\n\n<div style=\"height:100px\" aria-hidden=\"true\" class=\"wp-block-spacer\"><\/div>","protected":false},"excerpt":{"rendered":"<p>ADDRESS Gabelsbergerstr. 62 80333 Munich Arbuti Hair Salon EMAIL info@arbuti.com Phone 089 529118<\/p>","protected":false},"author":1,"featured_media":0,"parent":0,"menu_order":0,"comment_status":"closed","ping_status":"open","template":"","meta":{"ub_ctt_via":"","_uag_custom_page_level_css":"","site-sidebar-layout":"no-sidebar","site-content-layout":"default","ast-site-content-layout":"","site-content-style":"default","site-sidebar-style":"default","ast-global-header-display":"","ast-banner-title-visibility":"","ast-main-header-display":"","ast-hfb-above-header-display":"","ast-hfb-below-header-display":"","ast-hfb-mobile-header-display":"","site-post-title":"disabled","ast-breadcrumbs-content":"","ast-featured-img":"","footer-sml-layout":"","theme-transparent-header-meta":"default","adv-header-id-meta":"","stick-header-meta":"default","header-above-stick-meta":"","header-main-stick-meta":"","header-below-stick-meta":"","astra-migrate-meta-layouts":"default","ast-page-background-enabled":"default","ast-page-background-meta":{"desktop":{"background-color":"","background-image":"","background-repeat":"repeat","background-position":"center center","background-size":"auto","background-attachment":"scroll","background-type":"","background-media":"","overlay-type":"","overlay-color":"","overlay-opacity":"","overlay-gradient":""},"tablet":{"background-color":"","background-image":"","background-repeat":"repeat","background-position":"center center","background-size":"auto","background-attachment":"scroll","background-type":"","background-media":"","overlay-type":"","overlay-color":"","overlay-opacity":"","overlay-gradient":""},"mobile":{"background-color":"","background-image":"","background-repeat":"repeat","background-position":"center center","background-size":"auto","background-attachment":"scroll","background-type":"","background-media":"","overlay-type":"","overlay-color":"","overlay-opacity":"","overlay-gradient":""}},"ast-content-background-meta":{"desktop":{"background-color":"var(--ast-global-color-5)","background-image":"","background-repeat":"repeat","background-position":"center center","background-size":"auto","background-attachment":"scroll","background-type":"","background-media":"","overlay-type":"","overlay-color":"","overlay-opacity":"","overlay-gradient":""},"tablet":{"background-color":"var(--ast-global-color-5)","background-image":"","background-repeat":"repeat","background-position":"center center","background-size":"auto","background-attachment":"scroll","background-type":"","background-media":"","overlay-type":"","overlay-color":"","overlay-opacity":"","overlay-gradient":""},"mobile":{"background-color":"var(--ast-global-color-5)","background-image":"","background-repeat":"repeat","background-position":"center center","background-size":"auto","background-attachment":"scroll","background-type":"","background-media":"","overlay-type":"","overlay-color":"","overlay-opacity":"","overlay-gradient":""}},"footnotes":""},"class_list":["post-11","page","type-page","status-publish","hentry"],"featured_image_src":null,"yoast_head":"<!-- This site is optimized with the Yoast SEO Premium plugin v25.3 (Yoast SEO v25.3) - https:\/\/yoast.com\/wordpress\/plugins\/seo\/ -->\n<title>Kontakt - ARBUTI Hair Salon<\/title>\n<meta name=\"description\" content=\"Trend Friseur M\u00fcnchen. In k\u00fcrze zu Fu\u00df von der U Bahn Station K\u00f6nigsplatz, Stiglmaierplatz oder Theresienstra\u00dfe. Friseur M\u00fcnchen, Arbuti Hair Salon\" \/>\n<meta name=\"robots\" content=\"index, follow, max-snippet:-1, max-image-preview:large, max-video-preview:-1\" \/>\n<link rel=\"canonical\" href=\"https:\/\/arbuti.com\/jp\/contacter\/\" \/>\n<meta property=\"og:locale\" content=\"ja_JP\" \/>\n<meta property=\"og:type\" content=\"article\" \/>\n<meta property=\"og:title\" content=\"Kontakt\" \/>\n<meta property=\"og:description\" content=\"In k\u00fcrze zu Fu\u00df von der U Bahn Station K\u00f6nigsplatz, Stiglmaierplatz oder Theresienstra\u00dfe. Friseur M\u00fcnchen, Arbuti Hair Salon\" \/>\n<meta property=\"og:url\" content=\"https:\/\/arbuti.com\/jp\/contacter\/\" \/>\n<meta property=\"og:site_name\" content=\"ARBUTI Hair Salon\" \/>\n<meta property=\"article:publisher\" content=\"https:\/\/www.facebook.com\/Arbutihairsalon\/\" \/>\n<meta property=\"article:modified_time\" content=\"2021-09-11T09:03:05+00:00\" \/>\n<meta name=\"twitter:card\" content=\"summary_large_image\" \/>\n<meta name=\"twitter:description\" content=\"Kontakt ADRESSE Gabelsbergerstr. 62 80333 M\u00fcnchen Arbuti Hair Salon EMAIL\" \/>\n<meta name=\"twitter:image\" content=\"https:\/\/arbuti.com\/wp-content\/uploads\/2015\/01\/Tapete_5.jpg\" \/>\n<meta name=\"twitter:label1\" content=\"\u63a8\u5b9a\u8aad\u307f\u53d6\u308a\u6642\u9593\" \/>\n\t<meta name=\"twitter:data1\" content=\"1\u5206\" \/>\n<script type=\"application\/ld+json\" class=\"yoast-schema-graph\">{\"@context\":\"https:\/\/schema.org\",\"@graph\":[{\"@type\":\"WebPage\",\"@id\":\"https:\/\/arbuti.com\/fr\/contacter\/\",\"url\":\"https:\/\/arbuti.com\/fr\/contacter\/\",\"name\":\"Kontakt - ARBUTI Hair Salon\",\"isPartOf\":{\"@id\":\"https:\/\/arbuti.com\/fr\/#website\"},\"primaryImageOfPage\":{\"@id\":\"https:\/\/arbuti.com\/fr\/contacter\/#primaryimage\"},\"image\":{\"@id\":\"https:\/\/arbuti.com\/fr\/contacter\/#primaryimage\"},\"thumbnailUrl\":\"https:\/\/arbuti.com\/wp-content\/uploads\/2015\/01\/Tapete_5.jpg\",\"datePublished\":\"2015-01-27T11:54:42+00:00\",\"dateModified\":\"2021-09-11T09:03:05+00:00\",\"description\":\"Trend Friseur M\u00fcnchen. In k\u00fcrze zu Fu\u00df von der U Bahn Station K\u00f6nigsplatz, Stiglmaierplatz oder Theresienstra\u00dfe. Friseur M\u00fcnchen, Arbuti Hair Salon\",\"breadcrumb\":{\"@id\":\"https:\/\/arbuti.com\/fr\/contacter\/#breadcrumb\"},\"inLanguage\":\"ja\",\"potentialAction\":[{\"@type\":\"ReadAction\",\"target\":[\"https:\/\/arbuti.com\/fr\/contacter\/\"]}]},{\"@type\":\"ImageObject\",\"inLanguage\":\"ja\",\"@id\":\"https:\/\/arbuti.com\/fr\/contacter\/#primaryimage\",\"url\":\"https:\/\/arbuti.com\/wp-content\/uploads\/2015\/01\/Tapete_5.jpg\",\"contentUrl\":\"https:\/\/arbuti.com\/wp-content\/uploads\/2015\/01\/Tapete_5.jpg\"},{\"@type\":\"BreadcrumbList\",\"@id\":\"https:\/\/arbuti.com\/fr\/contacter\/#breadcrumb\",\"itemListElement\":[{\"@type\":\"ListItem\",\"position\":1,\"name\":\"ARBUTI\",\"item\":\"https:\/\/arbuti.com\/\"},{\"@type\":\"ListItem\",\"position\":2,\"name\":\"Kontakt\"}]},{\"@type\":\"WebSite\",\"@id\":\"https:\/\/arbuti.com\/fr\/#website\",\"url\":\"https:\/\/arbuti.com\/fr\/\",\"name\":\"ARBUTI Hair Salon\",\"description\":\"Friseur M\u00fcnchen\",\"publisher\":{\"@id\":\"https:\/\/arbuti.com\/fr\/#organization\"},\"alternateName\":\"ARBUTI\",\"potentialAction\":[{\"@type\":\"SearchAction\",\"target\":{\"@type\":\"EntryPoint\",\"urlTemplate\":\"https:\/\/arbuti.com\/fr\/?s={search_term_string}\"},\"query-input\":{\"@type\":\"PropertyValueSpecification\",\"valueRequired\":true,\"valueName\":\"search_term_string\"}}],\"inLanguage\":\"ja\"},{\"@type\":\"Organization\",\"@id\":\"https:\/\/arbuti.com\/fr\/#organization\",\"name\":\"ARBUTI Hair Salon\",\"alternateName\":\"ARBUTI\",\"url\":\"https:\/\/arbuti.com\/fr\/\",\"logo\":{\"@type\":\"ImageObject\",\"inLanguage\":\"ja\",\"@id\":\"https:\/\/arbuti.com\/fr\/#\/schema\/logo\/image\/\",\"url\":\"https:\/\/arbuti.com\/wp-content\/uploads\/2020\/04\/cropped-Arbuti-Friseur-Muenchen.jpg\",\"contentUrl\":\"https:\/\/arbuti.com\/wp-content\/uploads\/2020\/04\/cropped-Arbuti-Friseur-Muenchen.jpg\",\"width\":512,\"height\":512,\"caption\":\"ARBUTI Hair Salon\"},\"image\":{\"@id\":\"https:\/\/arbuti.com\/fr\/#\/schema\/logo\/image\/\"},\"sameAs\":[\"https:\/\/www.facebook.com\/Arbutihairsalon\/\",\"https:\/\/www.instagram.com\/arbutihairsalon\/\",\"https:\/\/www.pinterest.de\/arbutihairsalon\/arbuti-hair-salon\/\"]}]}<\/script>\n<!-- \/ Yoast SEO Premium plugin. -->","yoast_head_json":{"title":"Kontakt - ARBUTI Hair Salon","description":"Trend Friseur M\u00fcnchen. In k\u00fcrze zu Fu\u00df von der U Bahn Station K\u00f6nigsplatz, Stiglmaierplatz oder Theresienstra\u00dfe. Friseur M\u00fcnchen, Arbuti Hair Salon","robots":{"index":"index","follow":"follow","max-snippet":"max-snippet:-1","max-image-preview":"max-image-preview:large","max-video-preview":"max-video-preview:-1"},"canonical":"https:\/\/arbuti.com\/jp\/contacter\/","og_locale":"ja_JP","og_type":"article","og_title":"Kontakt","og_description":"In k\u00fcrze zu Fu\u00df von der U Bahn Station K\u00f6nigsplatz, Stiglmaierplatz oder Theresienstra\u00dfe. Friseur M\u00fcnchen, Arbuti Hair Salon","og_url":"https:\/\/arbuti.com\/jp\/contacter\/","og_site_name":"ARBUTI Hair Salon","article_publisher":"https:\/\/www.facebook.com\/Arbutihairsalon\/","article_modified_time":"2021-09-11T09:03:05+00:00","twitter_card":"summary_large_image","twitter_description":"Kontakt ADRESSE Gabelsbergerstr. 62 80333 M\u00fcnchen Arbuti Hair Salon EMAIL","twitter_image":"https:\/\/arbuti.com\/wp-content\/uploads\/2015\/01\/Tapete_5.jpg","twitter_misc":{"\u63a8\u5b9a\u8aad\u307f\u53d6\u308a\u6642\u9593":"1\u5206"},"schema":{"@context":"https:\/\/schema.org","@graph":[{"@type":"WebPage","@id":"https:\/\/arbuti.com\/fr\/contacter\/","url":"https:\/\/arbuti.com\/fr\/contacter\/","name":"Kontakt - ARBUTI Hair Salon","isPartOf":{"@id":"https:\/\/arbuti.com\/fr\/#website"},"primaryImageOfPage":{"@id":"https:\/\/arbuti.com\/fr\/contacter\/#primaryimage"},"image":{"@id":"https:\/\/arbuti.com\/fr\/contacter\/#primaryimage"},"thumbnailUrl":"https:\/\/arbuti.com\/wp-content\/uploads\/2015\/01\/Tapete_5.jpg","datePublished":"2015-01-27T11:54:42+00:00","dateModified":"2021-09-11T09:03:05+00:00","description":"Trend Friseur M\u00fcnchen. In k\u00fcrze zu Fu\u00df von der U Bahn Station K\u00f6nigsplatz, Stiglmaierplatz oder Theresienstra\u00dfe. Friseur M\u00fcnchen, Arbuti Hair Salon","breadcrumb":{"@id":"https:\/\/arbuti.com\/fr\/contacter\/#breadcrumb"},"inLanguage":"ja","potentialAction":[{"@type":"ReadAction","target":["https:\/\/arbuti.com\/fr\/contacter\/"]}]},{"@type":"ImageObject","inLanguage":"ja","@id":"https:\/\/arbuti.com\/fr\/contacter\/#primaryimage","url":"https:\/\/arbuti.com\/wp-content\/uploads\/2015\/01\/Tapete_5.jpg","contentUrl":"https:\/\/arbuti.com\/wp-content\/uploads\/2015\/01\/Tapete_5.jpg"},{"@type":"BreadcrumbList","@id":"https:\/\/arbuti.com\/fr\/contacter\/#breadcrumb","itemListElement":[{"@type":"ListItem","position":1,"name":"ARBUTI","item":"https:\/\/arbuti.com\/"},{"@type":"ListItem","position":2,"name":"Kontakt"}]},{"@type":"WebSite","@id":"https:\/\/arbuti.com\/fr\/#website","url":"https:\/\/arbuti.com\/fr\/","name":"ARBUTI Hair Salon","description":"Friseur M\u00fcnchen","publisher":{"@id":"https:\/\/arbuti.com\/fr\/#organization"},"alternateName":"ARBUTI","potentialAction":[{"@type":"SearchAction","target":{"@type":"EntryPoint","urlTemplate":"https:\/\/arbuti.com\/fr\/?s={search_term_string}"},"query-input":{"@type":"PropertyValueSpecification","valueRequired":true,"valueName":"search_term_string"}}],"inLanguage":"ja"},{"@type":"Organization","@id":"https:\/\/arbuti.com\/fr\/#organization","name":"ARBUTI Hair Salon","alternateName":"ARBUTI","url":"https:\/\/arbuti.com\/fr\/","logo":{"@type":"ImageObject","inLanguage":"ja","@id":"https:\/\/arbuti.com\/fr\/#\/schema\/logo\/image\/","url":"https:\/\/arbuti.com\/wp-content\/uploads\/2020\/04\/cropped-Arbuti-Friseur-Muenchen.jpg","contentUrl":"https:\/\/arbuti.com\/wp-content\/uploads\/2020\/04\/cropped-Arbuti-Friseur-Muenchen.jpg","width":512,"height":512,"caption":"ARBUTI Hair Salon"},"image":{"@id":"https:\/\/arbuti.com\/fr\/#\/schema\/logo\/image\/"},"sameAs":["https:\/\/www.facebook.com\/Arbutihairsalon\/","https:\/\/www.instagram.com\/arbutihairsalon\/","https:\/\/www.pinterest.de\/arbutihairsalon\/arbuti-hair-salon\/"]}]}},"uagb_featured_image_src":{"full":false,"thumbnail":false,"medium":false,"medium_large":false,"large":false,"1536x1536":false,"2048x2048":false,"trp-custom-language-flag":false,"wp_review_large":false,"wp_review_small":false},"uagb_author_info":{"display_name":"admin","author_link":"https:\/\/arbuti.com\/jp\/author\/admin\/"},"uagb_comment_info":1,"uagb_excerpt":"ADRESSE Gabelsbergerstr. 62 80333 M\u00fcnchen Arbuti Hair Salon EMAIL info@arbuti.com Telefon 089 529118","_links":{"self":[{"href":"https:\/\/arbuti.com\/jp\/wp-json\/wp\/v2\/pages\/11","targetHints":{"allow":["GET"]}}],"collection":[{"href":"https:\/\/arbuti.com\/jp\/wp-json\/wp\/v2\/pages"}],"about":[{"href":"https:\/\/arbuti.com\/jp\/wp-json\/wp\/v2\/types\/page"}],"author":[{"embeddable":true,"href":"https:\/\/arbuti.com\/jp\/wp-json\/wp\/v2\/users\/1"}],"replies":[{"embeddable":true,"href":"https:\/\/arbuti.com\/jp\/wp-json\/wp\/v2\/comments?post=11"}],"version-history":[{"count":45,"href":"https:\/\/arbuti.com\/jp\/wp-json\/wp\/v2\/pages\/11\/revisions"}],"predecessor-version":[{"id":13835,"href":"https:\/\/arbuti.com\/jp\/wp-json\/wp\/v2\/pages\/11\/revisions\/13835"}],"wp:attachment":[{"href":"https:\/\/arbuti.com\/jp\/wp-json\/wp\/v2\/media?parent=11"}],"curies":[{"name":"wp","href":"https:\/\/api.w.org\/{rel}","templated":true}]}}