{"id":9787,"date":"2021-07-14T10:41:53","date_gmt":"2021-07-14T10:41:53","guid":{"rendered":"https:\/\/arbuti.com\/?page_id=9787"},"modified":"2021-07-14T10:51:01","modified_gmt":"2021-07-14T10:51:01","slug":"agb","status":"publish","type":"page","link":"https:\/\/arbuti.com\/fi\/agb\/","title":{"rendered":"GT&amp;C"},"content":{"rendered":"<p>I. Yleiset ehdot<\/p>\n\n\n\n<p>\u00a7 1 Peruss\u00e4\u00e4nn\u00f6kset<\/p>\n\n\n\n<p>(1) Seuraavia ehtoja sovelletaan kaikkiin sopimuksiin, jotka teet kanssamme palveluntarjoajana (ARBUTI Hair Salon) verkkosivuston www.arbuti.com kautta. Ellei toisin ole sovittu, vastustamme k\u00e4ytt\u00e4miesi omien ehtojen sis\u00e4llytt\u00e4mist\u00e4.<\/p>\n\n\n\n<p>(2) Seuraavissa s\u00e4\u00e4nn\u00f6ksiss\u00e4 tarkoitettu kuluttaja on luonnollinen henkil\u00f6, joka tekee oikeustoimen tarkoituksessa, joka ei p\u00e4\u00e4asiallisesti liity h\u00e4nen kaupalliseen tai itsen\u00e4iseen ammatilliseen toimintaansa. Yritt\u00e4j\u00e4ll\u00e4 tarkoitetaan luonnollista henkil\u00f6\u00e4, oikeushenkil\u00f6\u00e4 tai oikeuskelpoista henkil\u00f6yhti\u00f6t\u00e4, joka oikeustoimia tehdess\u00e4\u00e4n toimii itsen\u00e4ist\u00e4 ammatillista tai kaupallista toimintaa harjoittaessaan.<\/p>\n\n\n\n<p><\/p>\n\n\n\n<h3 class=\"wp-block-heading\" id=\"h-terminabsagen-und-stornobedingungen\">TAPAAMISTEN PERUUTUKSET JA PERUUTUSEHDOT<\/h3>\n\n\n\n<p>Ajanvaraukset tai palvelut, joita ei voida pit\u00e4\u00e4, on peruutettava v\u00e4hint\u00e4\u00e4n 24 tuntia etuk\u00e4teen. Jos edell\u00e4 mainittua m\u00e4\u00e4r\u00e4aikaa ei noudateta, pid\u00e4t\u00e4mme oikeuden peri\u00e4 50%:n suuruisen peruutusmaksun palvelun hinnasta aiheutuneesta vahingosta. Peruutuksen voi tehd\u00e4 joko s\u00e4hk\u00f6postitse osoitteeseen: <strong>info@arbuti.com<\/strong> tai puhelimitse numerosta <strong>089529118<\/strong> tapahtua.<\/p>\n\n\n\n<p><\/p>\n\n\n\n<p><\/p>","protected":false},"excerpt":{"rendered":"<p>I. Allgemeine Gesch\u00e4ftsbedingungen \u00a7 1 Grundlegende Bestimmungen (1) Die nachstehenden Gesch\u00e4ftsbedingungen gelten f\u00fcr alle Vertr\u00e4ge, die Sie mit uns als [&hellip;]<\/p>","protected":false},"author":1,"featured_media":0,"parent":0,"menu_order":0,"comment_status":"closed","ping_status":"closed","template":"","meta":{"ub_ctt_via":"","_uag_custom_page_level_css":"","site-sidebar-layout":"default","site-content-layout":"default","ast-site-content-layout":"","site-content-style":"default","site-sidebar-style":"default","ast-global-header-display":"","ast-banner-title-visibility":"","ast-main-header-display":"","ast-hfb-above-header-display":"","ast-hfb-below-header-display":"","ast-hfb-mobile-header-display":"","site-post-title":"","ast-breadcrumbs-content":"","ast-featured-img":"","footer-sml-layout":"","theme-transparent-header-meta":"default","adv-header-id-meta":"","stick-header-meta":"default","header-above-stick-meta":"","header-main-stick-meta":"","header-below-stick-meta":"","astra-migrate-meta-layouts":"default","ast-page-background-enabled":"default","ast-page-background-meta":{"desktop":{"background-color":"","background-image":"","background-repeat":"repeat","background-position":"center center","background-size":"auto","background-attachment":"scroll","background-type":"","background-media":"","overlay-type":"","overlay-color":"","overlay-opacity":"","overlay-gradient":""},"tablet":{"background-color":"","background-image":"","background-repeat":"repeat","background-position":"center center","background-size":"auto","background-attachment":"scroll","background-type":"","background-media":"","overlay-type":"","overlay-color":"","overlay-opacity":"","overlay-gradient":""},"mobile":{"background-color":"","background-image":"","background-repeat":"repeat","background-position":"center center","background-size":"auto","background-attachment":"scroll","background-type":"","background-media":"","overlay-type":"","overlay-color":"","overlay-opacity":"","overlay-gradient":""}},"ast-content-background-meta":{"desktop":{"background-color":"var(--ast-global-color-5)","background-image":"","background-repeat":"repeat","background-position":"center center","background-size":"auto","background-attachment":"scroll","background-type":"","background-media":"","overlay-type":"","overlay-color":"","overlay-opacity":"","overlay-gradient":""},"tablet":{"background-color":"var(--ast-global-color-5)","background-image":"","background-repeat":"repeat","background-position":"center center","background-size":"auto","background-attachment":"scroll","background-type":"","background-media":"","overlay-type":"","overlay-color":"","overlay-opacity":"","overlay-gradient":""},"mobile":{"background-color":"var(--ast-global-color-5)","background-image":"","background-repeat":"repeat","background-position":"center center","background-size":"auto","background-attachment":"scroll","background-type":"","background-media":"","overlay-type":"","overlay-color":"","overlay-opacity":"","overlay-gradient":""}},"footnotes":""},"class_list":["post-9787","page","type-page","status-publish","hentry"],"featured_image_src":null,"yoast_head":"<!-- This site is optimized with the Yoast SEO Premium plugin v25.3 (Yoast SEO v25.3) - https:\/\/yoast.com\/wordpress\/plugins\/seo\/ -->\n<title>AGB - ARBUTI Hair Salon<\/title>\n<meta name=\"robots\" content=\"noindex, nofollow\" \/>\n<meta property=\"og:locale\" content=\"fi_FI\" \/>\n<meta property=\"og:type\" content=\"article\" \/>\n<meta property=\"og:title\" content=\"AGB\" \/>\n<meta property=\"og:description\" content=\"I. Allgemeine Gesch\u00e4ftsbedingungen \u00a7 1 Grundlegende Bestimmungen (1) Die nachstehenden Gesch\u00e4ftsbedingungen gelten f\u00fcr alle Vertr\u00e4ge, die Sie mit uns als\" \/>\n<meta property=\"og:url\" content=\"https:\/\/arbuti.com\/fi\/agb\/\" \/>\n<meta property=\"og:site_name\" content=\"ARBUTI Hair Salon\" \/>\n<meta property=\"article:publisher\" content=\"https:\/\/www.facebook.com\/Arbutihairsalon\/\" \/>\n<meta property=\"article:modified_time\" content=\"2021-07-14T10:51:01+00:00\" \/>\n<meta name=\"twitter:card\" content=\"summary_large_image\" \/>\n<meta name=\"twitter:label1\" content=\"Arvioitu lukuaika\" \/>\n\t<meta name=\"twitter:data1\" content=\"1 minuutti\" \/>\n<script type=\"application\/ld+json\" class=\"yoast-schema-graph\">{\"@context\":\"https:\/\/schema.org\",\"@graph\":[{\"@type\":\"WebPage\",\"@id\":\"https:\/\/arbuti.com\/en\/agb\/\",\"url\":\"https:\/\/arbuti.com\/en\/agb\/\",\"name\":\"AGB - ARBUTI Hair Salon\",\"isPartOf\":{\"@id\":\"https:\/\/arbuti.com\/fr\/#website\"},\"datePublished\":\"2021-07-14T10:41:53+00:00\",\"dateModified\":\"2021-07-14T10:51:01+00:00\",\"breadcrumb\":{\"@id\":\"https:\/\/arbuti.com\/en\/agb\/#breadcrumb\"},\"inLanguage\":\"fi\",\"potentialAction\":[{\"@type\":\"ReadAction\",\"target\":[\"https:\/\/arbuti.com\/en\/agb\/\"]}]},{\"@type\":\"BreadcrumbList\",\"@id\":\"https:\/\/arbuti.com\/en\/agb\/#breadcrumb\",\"itemListElement\":[{\"@type\":\"ListItem\",\"position\":1,\"name\":\"ARBUTI\",\"item\":\"https:\/\/arbuti.com\/\"},{\"@type\":\"ListItem\",\"position\":2,\"name\":\"AGB\"}]},{\"@type\":\"WebSite\",\"@id\":\"https:\/\/arbuti.com\/fr\/#website\",\"url\":\"https:\/\/arbuti.com\/fr\/\",\"name\":\"ARBUTI Hair Salon\",\"description\":\"Friseur M\u00fcnchen\",\"publisher\":{\"@id\":\"https:\/\/arbuti.com\/fr\/#organization\"},\"alternateName\":\"ARBUTI\",\"potentialAction\":[{\"@type\":\"SearchAction\",\"target\":{\"@type\":\"EntryPoint\",\"urlTemplate\":\"https:\/\/arbuti.com\/fr\/?s={search_term_string}\"},\"query-input\":{\"@type\":\"PropertyValueSpecification\",\"valueRequired\":true,\"valueName\":\"search_term_string\"}}],\"inLanguage\":\"fi\"},{\"@type\":\"Organization\",\"@id\":\"https:\/\/arbuti.com\/fr\/#organization\",\"name\":\"ARBUTI Hair Salon\",\"alternateName\":\"ARBUTI\",\"url\":\"https:\/\/arbuti.com\/fr\/\",\"logo\":{\"@type\":\"ImageObject\",\"inLanguage\":\"fi\",\"@id\":\"https:\/\/arbuti.com\/fr\/#\/schema\/logo\/image\/\",\"url\":\"https:\/\/arbuti.com\/wp-content\/uploads\/2020\/04\/cropped-Arbuti-Friseur-Muenchen.jpg\",\"contentUrl\":\"https:\/\/arbuti.com\/wp-content\/uploads\/2020\/04\/cropped-Arbuti-Friseur-Muenchen.jpg\",\"width\":512,\"height\":512,\"caption\":\"ARBUTI Hair Salon\"},\"image\":{\"@id\":\"https:\/\/arbuti.com\/fr\/#\/schema\/logo\/image\/\"},\"sameAs\":[\"https:\/\/www.facebook.com\/Arbutihairsalon\/\",\"https:\/\/www.instagram.com\/arbutihairsalon\/\",\"https:\/\/www.pinterest.de\/arbutihairsalon\/arbuti-hair-salon\/\"]}]}<\/script>\n<!-- \/ Yoast SEO Premium plugin. -->","yoast_head_json":{"title":"AGB - ARBUTI Hair Salon","robots":{"index":"noindex","follow":"nofollow"},"og_locale":"fi_FI","og_type":"article","og_title":"AGB","og_description":"I. Allgemeine Gesch\u00e4ftsbedingungen \u00a7 1 Grundlegende Bestimmungen (1) Die nachstehenden Gesch\u00e4ftsbedingungen gelten f\u00fcr alle Vertr\u00e4ge, die Sie mit uns als","og_url":"https:\/\/arbuti.com\/fi\/agb\/","og_site_name":"ARBUTI Hair Salon","article_publisher":"https:\/\/www.facebook.com\/Arbutihairsalon\/","article_modified_time":"2021-07-14T10:51:01+00:00","twitter_card":"summary_large_image","twitter_misc":{"Arvioitu lukuaika":"1 minuutti"},"schema":{"@context":"https:\/\/schema.org","@graph":[{"@type":"WebPage","@id":"https:\/\/arbuti.com\/en\/agb\/","url":"https:\/\/arbuti.com\/en\/agb\/","name":"AGB - ARBUTI Hair Salon","isPartOf":{"@id":"https:\/\/arbuti.com\/fr\/#website"},"datePublished":"2021-07-14T10:41:53+00:00","dateModified":"2021-07-14T10:51:01+00:00","breadcrumb":{"@id":"https:\/\/arbuti.com\/en\/agb\/#breadcrumb"},"inLanguage":"fi","potentialAction":[{"@type":"ReadAction","target":["https:\/\/arbuti.com\/en\/agb\/"]}]},{"@type":"BreadcrumbList","@id":"https:\/\/arbuti.com\/en\/agb\/#breadcrumb","itemListElement":[{"@type":"ListItem","position":1,"name":"ARBUTI","item":"https:\/\/arbuti.com\/"},{"@type":"ListItem","position":2,"name":"AGB"}]},{"@type":"WebSite","@id":"https:\/\/arbuti.com\/fr\/#website","url":"https:\/\/arbuti.com\/fr\/","name":"ARBUTI Hair Salon","description":"Friseur M\u00fcnchen","publisher":{"@id":"https:\/\/arbuti.com\/fr\/#organization"},"alternateName":"ARBUTI","potentialAction":[{"@type":"SearchAction","target":{"@type":"EntryPoint","urlTemplate":"https:\/\/arbuti.com\/fr\/?s={search_term_string}"},"query-input":{"@type":"PropertyValueSpecification","valueRequired":true,"valueName":"search_term_string"}}],"inLanguage":"fi"},{"@type":"Organization","@id":"https:\/\/arbuti.com\/fr\/#organization","name":"ARBUTI Hair Salon","alternateName":"ARBUTI","url":"https:\/\/arbuti.com\/fr\/","logo":{"@type":"ImageObject","inLanguage":"fi","@id":"https:\/\/arbuti.com\/fr\/#\/schema\/logo\/image\/","url":"https:\/\/arbuti.com\/wp-content\/uploads\/2020\/04\/cropped-Arbuti-Friseur-Muenchen.jpg","contentUrl":"https:\/\/arbuti.com\/wp-content\/uploads\/2020\/04\/cropped-Arbuti-Friseur-Muenchen.jpg","width":512,"height":512,"caption":"ARBUTI Hair Salon"},"image":{"@id":"https:\/\/arbuti.com\/fr\/#\/schema\/logo\/image\/"},"sameAs":["https:\/\/www.facebook.com\/Arbutihairsalon\/","https:\/\/www.instagram.com\/arbutihairsalon\/","https:\/\/www.pinterest.de\/arbutihairsalon\/arbuti-hair-salon\/"]}]}},"uagb_featured_image_src":{"full":false,"thumbnail":false,"medium":false,"medium_large":false,"large":false,"1536x1536":false,"2048x2048":false,"trp-custom-language-flag":false,"wp_review_large":false,"wp_review_small":false},"uagb_author_info":{"display_name":"admin","author_link":"https:\/\/arbuti.com\/fi\/author\/admin\/"},"uagb_comment_info":0,"uagb_excerpt":"I. Allgemeine Gesch\u00e4ftsbedingungen \u00a7 1 Grundlegende Bestimmungen (1) Die nachstehenden Gesch\u00e4ftsbedingungen gelten f\u00fcr alle Vertr\u00e4ge, die Sie mit uns als [&hellip;]","_links":{"self":[{"href":"https:\/\/arbuti.com\/fi\/wp-json\/wp\/v2\/pages\/9787","targetHints":{"allow":["GET"]}}],"collection":[{"href":"https:\/\/arbuti.com\/fi\/wp-json\/wp\/v2\/pages"}],"about":[{"href":"https:\/\/arbuti.com\/fi\/wp-json\/wp\/v2\/types\/page"}],"author":[{"embeddable":true,"href":"https:\/\/arbuti.com\/fi\/wp-json\/wp\/v2\/users\/1"}],"replies":[{"embeddable":true,"href":"https:\/\/arbuti.com\/fi\/wp-json\/wp\/v2\/comments?post=9787"}],"version-history":[{"count":3,"href":"https:\/\/arbuti.com\/fi\/wp-json\/wp\/v2\/pages\/9787\/revisions"}],"predecessor-version":[{"id":9790,"href":"https:\/\/arbuti.com\/fi\/wp-json\/wp\/v2\/pages\/9787\/revisions\/9790"}],"wp:attachment":[{"href":"https:\/\/arbuti.com\/fi\/wp-json\/wp\/v2\/media?parent=9787"}],"curies":[{"name":"wp","href":"https:\/\/api.w.org\/{rel}","templated":true}]}}