{"id":8548,"date":"2021-03-13T16:22:59","date_gmt":"2021-03-13T16:22:59","guid":{"rendered":"https:\/\/arbuti.com\/?page_id=8548"},"modified":"2024-06-23T10:46:20","modified_gmt":"2024-06-23T10:46:20","slug":"preise","status":"publish","type":"page","link":"https:\/\/arbuti.com\/es\/precios\/","title":{"rendered":"Precios"},"content":{"rendered":"<div class=\"wp-block-cover alignfull is-light has-parallax\" style=\"min-height:390px;aspect-ratio:unset;\"><span aria-hidden=\"true\" class=\"wp-block-cover__background has-background-dim\"><\/span><div class=\"wp-block-cover__image-background wp-image-2414 has-parallax\" style=\"background-position:50% 50%;background-image:url(https:\/\/arbuti.com\/wp-content\/uploads\/2018\/09\/Friseur-Muenchen-Online-Termin.jpg)\"><\/div><div class=\"wp-block-cover__inner-container is-layout-flow wp-block-cover-is-layout-flow\">\n<h1 class=\"wp-block-heading has-text-align-center has-ast-global-color-5-color has-text-color\" id=\"h-preise\">Precios<\/h1>\n<\/div><\/div>\n\n\n\n<div style=\"height:81px\" aria-hidden=\"true\" class=\"wp-block-spacer\"><\/div>\n\n\n\n<h2 class=\"wp-block-heading has-text-color has-large-font-size\" id=\"h-ladies\" style=\"color:#73a1af\">Se\u00f1oras<\/h2>\n\n\n\n<h3 class=\"wp-block-heading\">Cortar<\/h3>\n\n\n\n<p>Lavar, cortar, secar \u2013 desde 75\u202f\u20ac<\/p>\n\n\n\n<hr class=\"wp-block-separator has-text-color has-ast-global-color-6-color has-alpha-channel-opacity has-ast-global-color-6-background-color has-background is-style-wide\"\/>\n\n\n\n<h3 class=\"wp-block-heading\">Secado y peinado<\/h3>\n\n\n\n<p>Short \u2013 39 \u20ac<br>Mid\u2013 45 \u20ac<br>Long \u2013 55 \u20ac<\/p>\n\n\n\n<hr class=\"wp-block-separator has-text-color has-ast-global-color-6-color has-alpha-channel-opacity has-ast-global-color-6-background-color has-background is-style-wide\"\/>\n\n\n\n<h3 class=\"wp-block-heading\">Hebras<\/h3>\n\n\n\n<p>Parte superior de la cabeza \u2013 desde 105\u202f\u20ac<br>Media cabeza \u2013 desde 120\u202f\u20ac<br>Cabeza completa \u2013 desde 150\u202f\u20ac<br>Balayage\/Ombre \u2013 desde 185\u202f\u20ac<\/p>\n\n\n\n<hr class=\"wp-block-separator has-text-color has-ast-global-color-6-color has-alpha-channel-opacity has-ast-global-color-6-background-color has-background is-style-wide\"\/>\n\n\n\n<h3 class=\"wp-block-heading\">Color\/ Tinte<\/h3>\n\n\n\n<p>Ra\u00edz \u2013 desde 68\u202f\u20ac<br>Completo \u2013 desde 85\u202f\u20ac<br>Brillo - a partir de 45<br>Olaplex \u2013 desde 49\u202f\u20ac<\/p>\n\n\n\n<hr class=\"wp-block-separator has-text-color has-ast-global-color-6-color has-alpha-channel-opacity has-ast-global-color-6-background-color has-background is-style-wide\"\/>\n\n\n\n<h3 class=\"wp-block-heading\">Cosm\u00e9ticos<\/h3>\n\n\n\n<p>Tratamiento capilar intensivo \u2013 15 \u20ac<br>Tinte de cejas \u2013 15\u202f\u20ac<br>Tinte de pesta\u00f1as \u2013 20\u202f\u20ac<br>Ondulaci\u00f3n de pesta\u00f1as - 45<br>Depilaci\u00f3n de cejas - 15<br>Depilaci\u00f3n del labio superior - 15<br>Depilaci\u00f3n facial - 20<\/p>\n\n\n\n<hr class=\"wp-block-separator has-text-color has-ast-global-color-6-color has-alpha-channel-opacity has-ast-global-color-6-background-color has-background is-style-wide\"\/>\n\n\n\n<h3 class=\"wp-block-heading\">Estilismo nupcial<\/h3>\n\n\n\n<p>Peinado recogido de muestra - desde 40<br>Updo - desde 60<br>Peinado recogido de novia - desde 150<\/p>\n\n\n\n<hr class=\"wp-block-separator has-text-color has-ast-global-color-6-color has-alpha-channel-opacity has-ast-global-color-6-background-color has-background is-style-wide\"\/>\n\n\n\n<h2 class=\"wp-block-heading has-text-color has-large-font-size\" id=\"h-gentlemen\" style=\"color:#73a1af\">Se\u00f1ores<\/h2>\n\n\n\n<h3 class=\"wp-block-heading\">Cortar<\/h3>\n\n\n\n<p>Lavar, cortar, secar \u2013 49 \u20ac<\/p>\n\n\n\n<h3 class=\"wp-block-heading\">Color<\/h3>\n\n\n\n<p>Hombres Color - 50<\/p>\n\n\n\n<div style=\"height:137px\" aria-hidden=\"true\" class=\"wp-block-spacer\"><\/div>","protected":false},"excerpt":{"rendered":"<p>Ladies Schnitt Waschen, Schneiden,\u00a0F\u00f6hnen\u00a0\u2013 ab 75 \u20ac F\u00f6hnen\/ Styling Kurz \u2013 39 \u20acMittel \u2013 45 \u20acLang \u2013 55 \u20ac Str\u00e4hnen [&hellip;]<\/p>","protected":false},"author":1,"featured_media":0,"parent":0,"menu_order":0,"comment_status":"closed","ping_status":"closed","template":"","meta":{"ub_ctt_via":"","_uag_custom_page_level_css":"","site-sidebar-layout":"default","site-content-layout":"default","ast-site-content-layout":"default","site-content-style":"default","site-sidebar-style":"default","ast-global-header-display":"","ast-banner-title-visibility":"","ast-main-header-display":"","ast-hfb-above-header-display":"","ast-hfb-below-header-display":"","ast-hfb-mobile-header-display":"","site-post-title":"disabled","ast-breadcrumbs-content":"disabled","ast-featured-img":"","footer-sml-layout":"","theme-transparent-header-meta":"default","adv-header-id-meta":"","stick-header-meta":"default","header-above-stick-meta":"","header-main-stick-meta":"","header-below-stick-meta":"","astra-migrate-meta-layouts":"set","ast-page-background-enabled":"default","ast-page-background-meta":{"desktop":{"background-color":"","background-image":"","background-repeat":"repeat","background-position":"center center","background-size":"auto","background-attachment":"scroll","background-type":"","background-media":"","overlay-type":"","overlay-color":"","overlay-opacity":"","overlay-gradient":""},"tablet":{"background-color":"","background-image":"","background-repeat":"repeat","background-position":"center center","background-size":"auto","background-attachment":"scroll","background-type":"","background-media":"","overlay-type":"","overlay-color":"","overlay-opacity":"","overlay-gradient":""},"mobile":{"background-color":"","background-image":"","background-repeat":"repeat","background-position":"center center","background-size":"auto","background-attachment":"scroll","background-type":"","background-media":"","overlay-type":"","overlay-color":"","overlay-opacity":"","overlay-gradient":""}},"ast-content-background-meta":{"desktop":{"background-color":"var(--ast-global-color-5)","background-image":"","background-repeat":"repeat","background-position":"center center","background-size":"auto","background-attachment":"scroll","background-type":"","background-media":"","overlay-type":"","overlay-color":"","overlay-opacity":"","overlay-gradient":""},"tablet":{"background-color":"var(--ast-global-color-5)","background-image":"","background-repeat":"repeat","background-position":"center center","background-size":"auto","background-attachment":"scroll","background-type":"","background-media":"","overlay-type":"","overlay-color":"","overlay-opacity":"","overlay-gradient":""},"mobile":{"background-color":"var(--ast-global-color-5)","background-image":"","background-repeat":"repeat","background-position":"center center","background-size":"auto","background-attachment":"scroll","background-type":"","background-media":"","overlay-type":"","overlay-color":"","overlay-opacity":"","overlay-gradient":""}},"footnotes":""},"class_list":["post-8548","page","type-page","status-publish","hentry"],"featured_image_src":null,"yoast_head":"<!-- This site is optimized with the Yoast SEO Premium plugin v25.3 (Yoast SEO v25.3) - https:\/\/yoast.com\/wordpress\/plugins\/seo\/ -->\n<title>Preise - ARBUTI Hair Salon<\/title>\n<meta name=\"robots\" content=\"index, follow, max-snippet:-1, max-image-preview:large, max-video-preview:-1\" \/>\n<link rel=\"canonical\" href=\"https:\/\/arbuti.com\/es\/precios\/\" \/>\n<meta property=\"og:locale\" content=\"es_ES\" \/>\n<meta property=\"og:type\" content=\"article\" \/>\n<meta property=\"og:title\" content=\"Preise\" \/>\n<meta property=\"og:description\" content=\"Preise Ladies Schnitt Waschen, Schneiden,\u00a0F\u00f6hnen\u00a0\u2013 ab 75 \u20ac F\u00f6hnen\/ Styling Kurz \u2013 39 \u20acMittel \u2013 45 \u20acLang \u2013 55 \u20ac Str\u00e4hnen Ober Kopf \u2013 ab 105 \u20acHalber Kopf \u2013\" \/>\n<meta property=\"og:url\" content=\"https:\/\/arbuti.com\/es\/precios\/\" \/>\n<meta property=\"og:site_name\" content=\"ARBUTI Hair Salon\" \/>\n<meta property=\"article:publisher\" content=\"https:\/\/www.facebook.com\/Arbutihairsalon\/\" \/>\n<meta property=\"article:modified_time\" content=\"2024-06-23T10:46:20+00:00\" \/>\n<meta name=\"twitter:card\" content=\"summary_large_image\" \/>\n<meta name=\"twitter:label1\" content=\"Tiempo de lectura\" \/>\n\t<meta name=\"twitter:data1\" content=\"1 minuto\" \/>\n<script type=\"application\/ld+json\" class=\"yoast-schema-graph\">{\"@context\":\"https:\/\/schema.org\",\"@graph\":[{\"@type\":\"WebPage\",\"@id\":\"https:\/\/arbuti.com\/preise\/\",\"url\":\"https:\/\/arbuti.com\/preise\/\",\"name\":\"Preise - ARBUTI Hair Salon\",\"isPartOf\":{\"@id\":\"https:\/\/arbuti.com\/fr\/#website\"},\"datePublished\":\"2021-03-13T16:22:59+00:00\",\"dateModified\":\"2024-06-23T10:46:20+00:00\",\"breadcrumb\":{\"@id\":\"https:\/\/arbuti.com\/preise\/#breadcrumb\"},\"inLanguage\":\"es\",\"potentialAction\":[{\"@type\":\"ReadAction\",\"target\":[\"https:\/\/arbuti.com\/preise\/\"]}]},{\"@type\":\"BreadcrumbList\",\"@id\":\"https:\/\/arbuti.com\/preise\/#breadcrumb\",\"itemListElement\":[{\"@type\":\"ListItem\",\"position\":1,\"name\":\"ARBUTI\",\"item\":\"https:\/\/arbuti.com\/\"},{\"@type\":\"ListItem\",\"position\":2,\"name\":\"Preise\"}]},{\"@type\":\"WebSite\",\"@id\":\"https:\/\/arbuti.com\/fr\/#website\",\"url\":\"https:\/\/arbuti.com\/fr\/\",\"name\":\"ARBUTI Hair Salon\",\"description\":\"Friseur M\u00fcnchen\",\"publisher\":{\"@id\":\"https:\/\/arbuti.com\/fr\/#organization\"},\"alternateName\":\"ARBUTI\",\"potentialAction\":[{\"@type\":\"SearchAction\",\"target\":{\"@type\":\"EntryPoint\",\"urlTemplate\":\"https:\/\/arbuti.com\/fr\/?s={search_term_string}\"},\"query-input\":{\"@type\":\"PropertyValueSpecification\",\"valueRequired\":true,\"valueName\":\"search_term_string\"}}],\"inLanguage\":\"es\"},{\"@type\":\"Organization\",\"@id\":\"https:\/\/arbuti.com\/fr\/#organization\",\"name\":\"ARBUTI Hair Salon\",\"alternateName\":\"ARBUTI\",\"url\":\"https:\/\/arbuti.com\/fr\/\",\"logo\":{\"@type\":\"ImageObject\",\"inLanguage\":\"es\",\"@id\":\"https:\/\/arbuti.com\/fr\/#\/schema\/logo\/image\/\",\"url\":\"https:\/\/arbuti.com\/wp-content\/uploads\/2020\/04\/cropped-Arbuti-Friseur-Muenchen.jpg\",\"contentUrl\":\"https:\/\/arbuti.com\/wp-content\/uploads\/2020\/04\/cropped-Arbuti-Friseur-Muenchen.jpg\",\"width\":512,\"height\":512,\"caption\":\"ARBUTI Hair Salon\"},\"image\":{\"@id\":\"https:\/\/arbuti.com\/fr\/#\/schema\/logo\/image\/\"},\"sameAs\":[\"https:\/\/www.facebook.com\/Arbutihairsalon\/\",\"https:\/\/www.instagram.com\/arbutihairsalon\/\",\"https:\/\/www.pinterest.de\/arbutihairsalon\/arbuti-hair-salon\/\"]}]}<\/script>\n<!-- \/ Yoast SEO Premium plugin. -->","yoast_head_json":{"title":"Preise - ARBUTI Hair Salon","robots":{"index":"index","follow":"follow","max-snippet":"max-snippet:-1","max-image-preview":"max-image-preview:large","max-video-preview":"max-video-preview:-1"},"canonical":"https:\/\/arbuti.com\/es\/precios\/","og_locale":"es_ES","og_type":"article","og_title":"Preise","og_description":"Preise Ladies Schnitt Waschen, Schneiden,\u00a0F\u00f6hnen\u00a0\u2013 ab 75 \u20ac F\u00f6hnen\/ Styling Kurz \u2013 39 \u20acMittel \u2013 45 \u20acLang \u2013 55 \u20ac Str\u00e4hnen Ober Kopf \u2013 ab 105 \u20acHalber Kopf \u2013","og_url":"https:\/\/arbuti.com\/es\/precios\/","og_site_name":"ARBUTI Hair Salon","article_publisher":"https:\/\/www.facebook.com\/Arbutihairsalon\/","article_modified_time":"2024-06-23T10:46:20+00:00","twitter_card":"summary_large_image","twitter_misc":{"Tiempo de lectura":"1 minuto"},"schema":{"@context":"https:\/\/schema.org","@graph":[{"@type":"WebPage","@id":"https:\/\/arbuti.com\/preise\/","url":"https:\/\/arbuti.com\/preise\/","name":"Preise - ARBUTI Hair Salon","isPartOf":{"@id":"https:\/\/arbuti.com\/fr\/#website"},"datePublished":"2021-03-13T16:22:59+00:00","dateModified":"2024-06-23T10:46:20+00:00","breadcrumb":{"@id":"https:\/\/arbuti.com\/preise\/#breadcrumb"},"inLanguage":"es","potentialAction":[{"@type":"ReadAction","target":["https:\/\/arbuti.com\/preise\/"]}]},{"@type":"BreadcrumbList","@id":"https:\/\/arbuti.com\/preise\/#breadcrumb","itemListElement":[{"@type":"ListItem","position":1,"name":"ARBUTI","item":"https:\/\/arbuti.com\/"},{"@type":"ListItem","position":2,"name":"Preise"}]},{"@type":"WebSite","@id":"https:\/\/arbuti.com\/fr\/#website","url":"https:\/\/arbuti.com\/fr\/","name":"ARBUTI Hair Salon","description":"Friseur M\u00fcnchen","publisher":{"@id":"https:\/\/arbuti.com\/fr\/#organization"},"alternateName":"ARBUTI","potentialAction":[{"@type":"SearchAction","target":{"@type":"EntryPoint","urlTemplate":"https:\/\/arbuti.com\/fr\/?s={search_term_string}"},"query-input":{"@type":"PropertyValueSpecification","valueRequired":true,"valueName":"search_term_string"}}],"inLanguage":"es"},{"@type":"Organization","@id":"https:\/\/arbuti.com\/fr\/#organization","name":"ARBUTI Hair Salon","alternateName":"ARBUTI","url":"https:\/\/arbuti.com\/fr\/","logo":{"@type":"ImageObject","inLanguage":"es","@id":"https:\/\/arbuti.com\/fr\/#\/schema\/logo\/image\/","url":"https:\/\/arbuti.com\/wp-content\/uploads\/2020\/04\/cropped-Arbuti-Friseur-Muenchen.jpg","contentUrl":"https:\/\/arbuti.com\/wp-content\/uploads\/2020\/04\/cropped-Arbuti-Friseur-Muenchen.jpg","width":512,"height":512,"caption":"ARBUTI Hair Salon"},"image":{"@id":"https:\/\/arbuti.com\/fr\/#\/schema\/logo\/image\/"},"sameAs":["https:\/\/www.facebook.com\/Arbutihairsalon\/","https:\/\/www.instagram.com\/arbutihairsalon\/","https:\/\/www.pinterest.de\/arbutihairsalon\/arbuti-hair-salon\/"]}]}},"uagb_featured_image_src":{"full":false,"thumbnail":false,"medium":false,"medium_large":false,"large":false,"1536x1536":false,"2048x2048":false,"trp-custom-language-flag":false,"wp_review_large":false,"wp_review_small":false},"uagb_author_info":{"display_name":"admin","author_link":"https:\/\/arbuti.com\/es\/author\/admin\/"},"uagb_comment_info":0,"uagb_excerpt":"Ladies Schnitt Waschen, Schneiden,\u00a0F\u00f6hnen\u00a0\u2013 ab 75 \u20ac F\u00f6hnen\/ Styling Kurz \u2013 39 \u20acMittel \u2013 45 \u20acLang \u2013 55 \u20ac Str\u00e4hnen [&hellip;]","_links":{"self":[{"href":"https:\/\/arbuti.com\/es\/wp-json\/wp\/v2\/pages\/8548","targetHints":{"allow":["GET"]}}],"collection":[{"href":"https:\/\/arbuti.com\/es\/wp-json\/wp\/v2\/pages"}],"about":[{"href":"https:\/\/arbuti.com\/es\/wp-json\/wp\/v2\/types\/page"}],"author":[{"embeddable":true,"href":"https:\/\/arbuti.com\/es\/wp-json\/wp\/v2\/users\/1"}],"replies":[{"embeddable":true,"href":"https:\/\/arbuti.com\/es\/wp-json\/wp\/v2\/comments?post=8548"}],"version-history":[{"count":82,"href":"https:\/\/arbuti.com\/es\/wp-json\/wp\/v2\/pages\/8548\/revisions"}],"predecessor-version":[{"id":13774,"href":"https:\/\/arbuti.com\/es\/wp-json\/wp\/v2\/pages\/8548\/revisions\/13774"}],"wp:attachment":[{"href":"https:\/\/arbuti.com\/es\/wp-json\/wp\/v2\/media?parent=8548"}],"curies":[{"name":"wp","href":"https:\/\/api.w.org\/{rel}","templated":true}]}}