{"id":9787,"date":"2021-07-14T10:41:53","date_gmt":"2021-07-14T10:41:53","guid":{"rendered":"https:\/\/arbuti.com\/?page_id=9787"},"modified":"2021-07-14T10:51:01","modified_gmt":"2021-07-14T10:51:01","slug":"agb","status":"publish","type":"page","link":"https:\/\/arbuti.com\/el\/agb\/","title":{"rendered":"GT&amp;C"},"content":{"rendered":"<p>I. \u0393\u03b5\u03bd\u03b9\u03ba\u03bf\u03af \u03cc\u03c1\u03bf\u03b9 \u03ba\u03b1\u03b9 \u03c0\u03c1\u03bf\u03cb\u03c0\u03bf\u03b8\u03ad\u03c3\u03b5\u03b9\u03c2<\/p>\n\n\n\n<p>\u00a7 1 \u0392\u03b1\u03c3\u03b9\u03ba\u03ad\u03c2 \u03b4\u03b9\u03b1\u03c4\u03ac\u03be\u03b5\u03b9\u03c2<\/p>\n\n\n\n<p>(1) \u039f\u03b9 \u03b1\u03ba\u03cc\u03bb\u03bf\u03c5\u03b8\u03bf\u03b9 \u03cc\u03c1\u03bf\u03b9 \u03ba\u03b1\u03b9 \u03c0\u03c1\u03bf\u03cb\u03c0\u03bf\u03b8\u03ad\u03c3\u03b5\u03b9\u03c2 \u03b9\u03c3\u03c7\u03cd\u03bf\u03c5\u03bd \u03b3\u03b9\u03b1 \u03cc\u03bb\u03b5\u03c2 \u03c4\u03b9\u03c2 \u03c3\u03c5\u03bc\u03b2\u03ac\u03c3\u03b5\u03b9\u03c2 \u03c0\u03bf\u03c5 \u03c3\u03c5\u03bd\u03ac\u03c0\u03c4\u03b5\u03c4\u03b5 \u03bc\u03b5 \u03b5\u03bc\u03ac\u03c2 \u03c9\u03c2 \u03c0\u03ac\u03c1\u03bf\u03c7\u03bf (\u03ba\u03bf\u03bc\u03bc\u03c9\u03c4\u03ae\u03c1\u03b9\u03bf ARBUTI Hair Salon) \u03bc\u03ad\u03c3\u03c9 \u03c4\u03b7\u03c2 \u03b9\u03c3\u03c4\u03bf\u03c3\u03b5\u03bb\u03af\u03b4\u03b1\u03c2 www.arbuti.com. \u0395\u03ba\u03c4\u03cc\u03c2 \u03b5\u03ac\u03bd \u03c3\u03c5\u03bc\u03c6\u03c9\u03bd\u03b7\u03b8\u03b5\u03af \u03b4\u03b9\u03b1\u03c6\u03bf\u03c1\u03b5\u03c4\u03b9\u03ba\u03ac, \u03b1\u03bd\u03c4\u03b9\u03c4\u03b9\u03b8\u03ad\u03bc\u03b5\u03b8\u03b1 \u03c3\u03c4\u03b7 \u03c3\u03c5\u03bc\u03c0\u03b5\u03c1\u03af\u03bb\u03b7\u03c8\u03b7 \u03c4\u03c5\u03c7\u03cc\u03bd \u03b4\u03b9\u03ba\u03ce\u03bd \u03c3\u03b1\u03c2 \u03cc\u03c1\u03c9\u03bd \u03ba\u03b1\u03b9 \u03c0\u03c1\u03bf\u03cb\u03c0\u03bf\u03b8\u03ad\u03c3\u03b5\u03c9\u03bd \u03c0\u03bf\u03c5 \u03b5\u03bd\u03b4\u03ad\u03c7\u03b5\u03c4\u03b1\u03b9 \u03bd\u03b1 \u03c7\u03c1\u03b7\u03c3\u03b9\u03bc\u03bf\u03c0\u03bf\u03b9\u03ae\u03c3\u03b5\u03c4\u03b5.<\/p>\n\n\n\n<p>(2. \u039a\u03b1\u03c4\u03b1\u03bd\u03b1\u03bb\u03c9\u03c4\u03ae\u03c2 \u03ba\u03b1\u03c4\u03ac \u03c4\u03b7\u03bd \u03ad\u03bd\u03bd\u03bf\u03b9\u03b1 \u03c4\u03c9\u03bd \u03b1\u03ba\u03cc\u03bb\u03bf\u03c5\u03b8\u03c9\u03bd \u03b4\u03b9\u03b1\u03c4\u03ac\u03be\u03b5\u03c9\u03bd \u03b5\u03af\u03bd\u03b1\u03b9 \u03ba\u03ac\u03b8\u03b5 \u03c6\u03c5\u03c3\u03b9\u03ba\u03cc \u03c0\u03c1\u03cc\u03c3\u03c9\u03c0\u03bf \u03c0\u03bf\u03c5 \u03c3\u03c5\u03bd\u03ac\u03c0\u03c4\u03b5\u03b9 \u03b4\u03b9\u03ba\u03b1\u03b9\u03bf\u03c0\u03c1\u03b1\u03be\u03af\u03b1 \u03b3\u03b9\u03b1 \u03c3\u03ba\u03bf\u03c0\u03bf\u03cd\u03c2 \u03c0\u03bf\u03c5 \u03b4\u03b5\u03bd \u03bc\u03c0\u03bf\u03c1\u03bf\u03cd\u03bd \u03ba\u03b1\u03c4\u03ac \u03ba\u03cd\u03c1\u03b9\u03bf \u03bb\u03cc\u03b3\u03bf \u03bd\u03b1 \u03b1\u03c0\u03bf\u03b4\u03bf\u03b8\u03bf\u03cd\u03bd \u03bf\u03cd\u03c4\u03b5 \u03c3\u03c4\u03b7\u03bd \u03b5\u03bc\u03c0\u03bf\u03c1\u03b9\u03ba\u03ae \u03bf\u03cd\u03c4\u03b5 \u03c3\u03c4\u03b7\u03bd \u03b1\u03bd\u03b5\u03be\u03ac\u03c1\u03c4\u03b7\u03c4\u03b7 \u03b5\u03c0\u03b1\u03b3\u03b3\u03b5\u03bb\u03bc\u03b1\u03c4\u03b9\u03ba\u03ae \u03c4\u03bf\u03c5 \u03b4\u03c1\u03b1\u03c3\u03c4\u03b7\u03c1\u03b9\u03cc\u03c4\u03b7\u03c4\u03b1. \u0395\u03c0\u03b9\u03c7\u03b5\u03b9\u03c1\u03b7\u03bc\u03b1\u03c4\u03af\u03b1\u03c2 \u03b5\u03af\u03bd\u03b1\u03b9 \u03ba\u03ac\u03b8\u03b5 \u03c6\u03c5\u03c3\u03b9\u03ba\u03cc \u03ae \u03bd\u03bf\u03bc\u03b9\u03ba\u03cc \u03c0\u03c1\u03cc\u03c3\u03c9\u03c0\u03bf \u03ae \u03bd\u03bf\u03bc\u03b9\u03ba\u03ac \u03b9\u03ba\u03b1\u03bd\u03ae \u03b5\u03c4\u03b1\u03b9\u03c1\u03b5\u03af\u03b1 \u03c0\u03bf\u03c5, \u03ba\u03b1\u03c4\u03ac \u03c4\u03b7 \u03c3\u03cd\u03bd\u03b1\u03c8\u03b7 \u03bc\u03b9\u03b1\u03c2 \u03b4\u03b9\u03ba\u03b1\u03b9\u03bf\u03c0\u03c1\u03b1\u03be\u03af\u03b1\u03c2, \u03b5\u03bd\u03b5\u03c1\u03b3\u03b5\u03af \u03ba\u03b1\u03c4\u03ac \u03c4\u03b7\u03bd \u03ac\u03c3\u03ba\u03b7\u03c3\u03b7 \u03c4\u03b7\u03c2 \u03b1\u03bd\u03b5\u03be\u03ac\u03c1\u03c4\u03b7\u03c4\u03b7\u03c2 \u03b5\u03c0\u03b1\u03b3\u03b3\u03b5\u03bb\u03bc\u03b1\u03c4\u03b9\u03ba\u03ae\u03c2 \u03ae \u03b5\u03bc\u03c0\u03bf\u03c1\u03b9\u03ba\u03ae\u03c2 \u03c4\u03bf\u03c5 \u03b4\u03c1\u03b1\u03c3\u03c4\u03b7\u03c1\u03b9\u03cc\u03c4\u03b7\u03c4\u03b1\u03c2.<\/p>\n\n\n\n<p><\/p>\n\n\n\n<h3 class=\"wp-block-heading\" id=\"h-terminabsagen-und-stornobedingungen\">\u0391\u039a\u03a5\u03a1\u038f\u03a3\u0395\u0399\u03a3 \u03a1\u0391\u039d\u03a4\u0395\u0392\u039f\u038e \u039a\u0391\u0399 \u038c\u03a1\u039f\u0399 \u0391\u039a\u038e\u03a1\u03a9\u03a3\u0397\u03a3<\/h3>\n\n\n\n<p>\u03a4\u03b1 \u03c1\u03b1\u03bd\u03c4\u03b5\u03b2\u03bf\u03cd \u03ae \u03bf\u03b9 \u03c5\u03c0\u03b7\u03c1\u03b5\u03c3\u03af\u03b5\u03c2 \u03c0\u03bf\u03c5 \u03b4\u03b5\u03bd \u03bc\u03c0\u03bf\u03c1\u03bf\u03cd\u03bd \u03bd\u03b1 \u03c4\u03b7\u03c1\u03b7\u03b8\u03bf\u03cd\u03bd \u03c0\u03c1\u03ad\u03c0\u03b5\u03b9 \u03bd\u03b1 \u03b1\u03ba\u03c5\u03c1\u03ce\u03bd\u03bf\u03bd\u03c4\u03b1\u03b9 \u03c4\u03bf\u03c5\u03bb\u03ac\u03c7\u03b9\u03c3\u03c4\u03bf\u03bd 24 \u03ce\u03c1\u03b5\u03c2 \u03bd\u03c9\u03c1\u03af\u03c4\u03b5\u03c1\u03b1. \u03a3\u03b5 \u03c0\u03b5\u03c1\u03af\u03c0\u03c4\u03c9\u03c3\u03b7 \u03bc\u03b7 \u03c4\u03ae\u03c1\u03b7\u03c3\u03b7\u03c2 \u03c4\u03b7\u03c2 \u03c0\u03c1\u03bf\u03b1\u03bd\u03b1\u03c6\u03b5\u03c1\u03cc\u03bc\u03b5\u03bd\u03b7\u03c2 \u03c0\u03c1\u03bf\u03b8\u03b5\u03c3\u03bc\u03af\u03b1\u03c2, \u03b4\u03b9\u03b1\u03c4\u03b7\u03c1\u03bf\u03cd\u03bc\u03b5 \u03c4\u03bf \u03b4\u03b9\u03ba\u03b1\u03af\u03c9\u03bc\u03b1 \u03bd\u03b1 \u03c7\u03c1\u03b5\u03ce\u03c3\u03bf\u03c5\u03bc\u03b5 \u03c4\u03ad\u03bb\u03bf\u03c2 \u03b1\u03ba\u03cd\u03c1\u03c9\u03c3\u03b7\u03c2 50% \u03c4\u03b7\u03c2 \u03c4\u03b9\u03bc\u03ae\u03c2 \u03c4\u03b7\u03c2 \u03c5\u03c0\u03b7\u03c1\u03b5\u03c3\u03af\u03b1\u03c2 \u03b3\u03b9\u03b1 \u03c4\u03b7 \u03b6\u03b7\u03bc\u03af\u03b1 \u03c0\u03bf\u03c5 \u03c5\u03c0\u03ad\u03c3\u03c4\u03b7. \u0397 \u03b1\u03ba\u03cd\u03c1\u03c9\u03c3\u03b7 \u03bc\u03c0\u03bf\u03c1\u03b5\u03af \u03bd\u03b1 \u03b3\u03af\u03bd\u03b5\u03b9 \u03b5\u03af\u03c4\u03b5 \u03bc\u03ad\u03c3\u03c9 \u03b7\u03bb\u03b5\u03ba\u03c4\u03c1\u03bf\u03bd\u03b9\u03ba\u03bf\u03cd \u03c4\u03b1\u03c7\u03c5\u03b4\u03c1\u03bf\u03bc\u03b5\u03af\u03bf\u03c5 \u03c3\u03c4\u03b7 \u03b4\u03b9\u03b5\u03cd\u03b8\u03c5\u03bd\u03c3\u03b7: <strong>info@arbuti.com<\/strong> \u03ae \u03c4\u03b7\u03bb\u03b5\u03c6\u03c9\u03bd\u03b9\u03ba\u03ac \u03c3\u03c4\u03bf <strong>089529118<\/strong> \u03c0\u03c1\u03b1\u03b3\u03bc\u03b1\u03c4\u03bf\u03c0\u03bf\u03b9\u03b7\u03b8\u03b5\u03af.<\/p>\n\n\n\n<p><\/p>\n\n\n\n<p><\/p>","protected":false},"excerpt":{"rendered":"<p>I. Allgemeine Gesch\u00e4ftsbedingungen \u00a7 1 Grundlegende Bestimmungen (1) Die nachstehenden Gesch\u00e4ftsbedingungen gelten f\u00fcr alle Vertr\u00e4ge, die Sie mit uns als [&hellip;]<\/p>","protected":false},"author":1,"featured_media":0,"parent":0,"menu_order":0,"comment_status":"closed","ping_status":"closed","template":"","meta":{"ub_ctt_via":"","_uag_custom_page_level_css":"","site-sidebar-layout":"default","site-content-layout":"default","ast-site-content-layout":"","site-content-style":"default","site-sidebar-style":"default","ast-global-header-display":"","ast-banner-title-visibility":"","ast-main-header-display":"","ast-hfb-above-header-display":"","ast-hfb-below-header-display":"","ast-hfb-mobile-header-display":"","site-post-title":"","ast-breadcrumbs-content":"","ast-featured-img":"","footer-sml-layout":"","theme-transparent-header-meta":"default","adv-header-id-meta":"","stick-header-meta":"default","header-above-stick-meta":"","header-main-stick-meta":"","header-below-stick-meta":"","astra-migrate-meta-layouts":"default","ast-page-background-enabled":"default","ast-page-background-meta":{"desktop":{"background-color":"","background-image":"","background-repeat":"repeat","background-position":"center center","background-size":"auto","background-attachment":"scroll","background-type":"","background-media":"","overlay-type":"","overlay-color":"","overlay-opacity":"","overlay-gradient":""},"tablet":{"background-color":"","background-image":"","background-repeat":"repeat","background-position":"center center","background-size":"auto","background-attachment":"scroll","background-type":"","background-media":"","overlay-type":"","overlay-color":"","overlay-opacity":"","overlay-gradient":""},"mobile":{"background-color":"","background-image":"","background-repeat":"repeat","background-position":"center center","background-size":"auto","background-attachment":"scroll","background-type":"","background-media":"","overlay-type":"","overlay-color":"","overlay-opacity":"","overlay-gradient":""}},"ast-content-background-meta":{"desktop":{"background-color":"var(--ast-global-color-5)","background-image":"","background-repeat":"repeat","background-position":"center center","background-size":"auto","background-attachment":"scroll","background-type":"","background-media":"","overlay-type":"","overlay-color":"","overlay-opacity":"","overlay-gradient":""},"tablet":{"background-color":"var(--ast-global-color-5)","background-image":"","background-repeat":"repeat","background-position":"center center","background-size":"auto","background-attachment":"scroll","background-type":"","background-media":"","overlay-type":"","overlay-color":"","overlay-opacity":"","overlay-gradient":""},"mobile":{"background-color":"var(--ast-global-color-5)","background-image":"","background-repeat":"repeat","background-position":"center center","background-size":"auto","background-attachment":"scroll","background-type":"","background-media":"","overlay-type":"","overlay-color":"","overlay-opacity":"","overlay-gradient":""}},"footnotes":""},"class_list":["post-9787","page","type-page","status-publish","hentry"],"featured_image_src":null,"yoast_head":"<!-- This site is optimized with the Yoast SEO Premium plugin v25.3 (Yoast SEO v25.3) - https:\/\/yoast.com\/wordpress\/plugins\/seo\/ -->\n<title>AGB - ARBUTI Hair Salon<\/title>\n<meta name=\"robots\" content=\"noindex, nofollow\" \/>\n<meta property=\"og:locale\" content=\"el_GR\" \/>\n<meta property=\"og:type\" content=\"article\" \/>\n<meta property=\"og:title\" content=\"AGB\" \/>\n<meta property=\"og:description\" content=\"I. Allgemeine Gesch\u00e4ftsbedingungen \u00a7 1 Grundlegende Bestimmungen (1) Die nachstehenden Gesch\u00e4ftsbedingungen gelten f\u00fcr alle Vertr\u00e4ge, die Sie mit uns als\" \/>\n<meta property=\"og:url\" content=\"https:\/\/arbuti.com\/el\/agb\/\" \/>\n<meta property=\"og:site_name\" content=\"ARBUTI Hair Salon\" \/>\n<meta property=\"article:publisher\" content=\"https:\/\/www.facebook.com\/Arbutihairsalon\/\" \/>\n<meta property=\"article:modified_time\" content=\"2021-07-14T10:51:01+00:00\" \/>\n<meta name=\"twitter:card\" content=\"summary_large_image\" \/>\n<meta name=\"twitter:label1\" content=\"\u0395\u03ba\u03c4\u03b9\u03bc\u03ce\u03bc\u03b5\u03bd\u03bf\u03c2 \u03c7\u03c1\u03cc\u03bd\u03bf\u03c2 \u03b1\u03bd\u03ac\u03b3\u03bd\u03c9\u03c3\u03b7\u03c2\" \/>\n\t<meta name=\"twitter:data1\" content=\"1 \u03bb\u03b5\u03c0\u03c4\u03cc\" \/>\n<script type=\"application\/ld+json\" class=\"yoast-schema-graph\">{\"@context\":\"https:\/\/schema.org\",\"@graph\":[{\"@type\":\"WebPage\",\"@id\":\"https:\/\/arbuti.com\/en\/agb\/\",\"url\":\"https:\/\/arbuti.com\/en\/agb\/\",\"name\":\"AGB - ARBUTI Hair Salon\",\"isPartOf\":{\"@id\":\"https:\/\/arbuti.com\/fr\/#website\"},\"datePublished\":\"2021-07-14T10:41:53+00:00\",\"dateModified\":\"2021-07-14T10:51:01+00:00\",\"breadcrumb\":{\"@id\":\"https:\/\/arbuti.com\/en\/agb\/#breadcrumb\"},\"inLanguage\":\"el\",\"potentialAction\":[{\"@type\":\"ReadAction\",\"target\":[\"https:\/\/arbuti.com\/en\/agb\/\"]}]},{\"@type\":\"BreadcrumbList\",\"@id\":\"https:\/\/arbuti.com\/en\/agb\/#breadcrumb\",\"itemListElement\":[{\"@type\":\"ListItem\",\"position\":1,\"name\":\"ARBUTI\",\"item\":\"https:\/\/arbuti.com\/\"},{\"@type\":\"ListItem\",\"position\":2,\"name\":\"AGB\"}]},{\"@type\":\"WebSite\",\"@id\":\"https:\/\/arbuti.com\/fr\/#website\",\"url\":\"https:\/\/arbuti.com\/fr\/\",\"name\":\"ARBUTI Hair Salon\",\"description\":\"Friseur M\u00fcnchen\",\"publisher\":{\"@id\":\"https:\/\/arbuti.com\/fr\/#organization\"},\"alternateName\":\"ARBUTI\",\"potentialAction\":[{\"@type\":\"SearchAction\",\"target\":{\"@type\":\"EntryPoint\",\"urlTemplate\":\"https:\/\/arbuti.com\/fr\/?s={search_term_string}\"},\"query-input\":{\"@type\":\"PropertyValueSpecification\",\"valueRequired\":true,\"valueName\":\"search_term_string\"}}],\"inLanguage\":\"el\"},{\"@type\":\"Organization\",\"@id\":\"https:\/\/arbuti.com\/fr\/#organization\",\"name\":\"ARBUTI Hair Salon\",\"alternateName\":\"ARBUTI\",\"url\":\"https:\/\/arbuti.com\/fr\/\",\"logo\":{\"@type\":\"ImageObject\",\"inLanguage\":\"el\",\"@id\":\"https:\/\/arbuti.com\/fr\/#\/schema\/logo\/image\/\",\"url\":\"https:\/\/arbuti.com\/wp-content\/uploads\/2020\/04\/cropped-Arbuti-Friseur-Muenchen.jpg\",\"contentUrl\":\"https:\/\/arbuti.com\/wp-content\/uploads\/2020\/04\/cropped-Arbuti-Friseur-Muenchen.jpg\",\"width\":512,\"height\":512,\"caption\":\"ARBUTI Hair Salon\"},\"image\":{\"@id\":\"https:\/\/arbuti.com\/fr\/#\/schema\/logo\/image\/\"},\"sameAs\":[\"https:\/\/www.facebook.com\/Arbutihairsalon\/\",\"https:\/\/www.instagram.com\/arbutihairsalon\/\",\"https:\/\/www.pinterest.de\/arbutihairsalon\/arbuti-hair-salon\/\"]}]}<\/script>\n<!-- \/ Yoast SEO Premium plugin. -->","yoast_head_json":{"title":"AGB - ARBUTI Hair Salon","robots":{"index":"noindex","follow":"nofollow"},"og_locale":"el_GR","og_type":"article","og_title":"AGB","og_description":"I. Allgemeine Gesch\u00e4ftsbedingungen \u00a7 1 Grundlegende Bestimmungen (1) Die nachstehenden Gesch\u00e4ftsbedingungen gelten f\u00fcr alle Vertr\u00e4ge, die Sie mit uns als","og_url":"https:\/\/arbuti.com\/el\/agb\/","og_site_name":"ARBUTI Hair Salon","article_publisher":"https:\/\/www.facebook.com\/Arbutihairsalon\/","article_modified_time":"2021-07-14T10:51:01+00:00","twitter_card":"summary_large_image","twitter_misc":{"\u0395\u03ba\u03c4\u03b9\u03bc\u03ce\u03bc\u03b5\u03bd\u03bf\u03c2 \u03c7\u03c1\u03cc\u03bd\u03bf\u03c2 \u03b1\u03bd\u03ac\u03b3\u03bd\u03c9\u03c3\u03b7\u03c2":"1 \u03bb\u03b5\u03c0\u03c4\u03cc"},"schema":{"@context":"https:\/\/schema.org","@graph":[{"@type":"WebPage","@id":"https:\/\/arbuti.com\/en\/agb\/","url":"https:\/\/arbuti.com\/en\/agb\/","name":"AGB - ARBUTI Hair Salon","isPartOf":{"@id":"https:\/\/arbuti.com\/fr\/#website"},"datePublished":"2021-07-14T10:41:53+00:00","dateModified":"2021-07-14T10:51:01+00:00","breadcrumb":{"@id":"https:\/\/arbuti.com\/en\/agb\/#breadcrumb"},"inLanguage":"el","potentialAction":[{"@type":"ReadAction","target":["https:\/\/arbuti.com\/en\/agb\/"]}]},{"@type":"BreadcrumbList","@id":"https:\/\/arbuti.com\/en\/agb\/#breadcrumb","itemListElement":[{"@type":"ListItem","position":1,"name":"ARBUTI","item":"https:\/\/arbuti.com\/"},{"@type":"ListItem","position":2,"name":"AGB"}]},{"@type":"WebSite","@id":"https:\/\/arbuti.com\/fr\/#website","url":"https:\/\/arbuti.com\/fr\/","name":"ARBUTI Hair Salon","description":"Friseur M\u00fcnchen","publisher":{"@id":"https:\/\/arbuti.com\/fr\/#organization"},"alternateName":"ARBUTI","potentialAction":[{"@type":"SearchAction","target":{"@type":"EntryPoint","urlTemplate":"https:\/\/arbuti.com\/fr\/?s={search_term_string}"},"query-input":{"@type":"PropertyValueSpecification","valueRequired":true,"valueName":"search_term_string"}}],"inLanguage":"el"},{"@type":"Organization","@id":"https:\/\/arbuti.com\/fr\/#organization","name":"ARBUTI Hair Salon","alternateName":"ARBUTI","url":"https:\/\/arbuti.com\/fr\/","logo":{"@type":"ImageObject","inLanguage":"el","@id":"https:\/\/arbuti.com\/fr\/#\/schema\/logo\/image\/","url":"https:\/\/arbuti.com\/wp-content\/uploads\/2020\/04\/cropped-Arbuti-Friseur-Muenchen.jpg","contentUrl":"https:\/\/arbuti.com\/wp-content\/uploads\/2020\/04\/cropped-Arbuti-Friseur-Muenchen.jpg","width":512,"height":512,"caption":"ARBUTI Hair Salon"},"image":{"@id":"https:\/\/arbuti.com\/fr\/#\/schema\/logo\/image\/"},"sameAs":["https:\/\/www.facebook.com\/Arbutihairsalon\/","https:\/\/www.instagram.com\/arbutihairsalon\/","https:\/\/www.pinterest.de\/arbutihairsalon\/arbuti-hair-salon\/"]}]}},"uagb_featured_image_src":{"full":false,"thumbnail":false,"medium":false,"medium_large":false,"large":false,"1536x1536":false,"2048x2048":false,"trp-custom-language-flag":false,"wp_review_large":false,"wp_review_small":false},"uagb_author_info":{"display_name":"admin","author_link":"https:\/\/arbuti.com\/el\/author\/admin\/"},"uagb_comment_info":0,"uagb_excerpt":"I. Allgemeine Gesch\u00e4ftsbedingungen \u00a7 1 Grundlegende Bestimmungen (1) Die nachstehenden Gesch\u00e4ftsbedingungen gelten f\u00fcr alle Vertr\u00e4ge, die Sie mit uns als [&hellip;]","_links":{"self":[{"href":"https:\/\/arbuti.com\/el\/wp-json\/wp\/v2\/pages\/9787","targetHints":{"allow":["GET"]}}],"collection":[{"href":"https:\/\/arbuti.com\/el\/wp-json\/wp\/v2\/pages"}],"about":[{"href":"https:\/\/arbuti.com\/el\/wp-json\/wp\/v2\/types\/page"}],"author":[{"embeddable":true,"href":"https:\/\/arbuti.com\/el\/wp-json\/wp\/v2\/users\/1"}],"replies":[{"embeddable":true,"href":"https:\/\/arbuti.com\/el\/wp-json\/wp\/v2\/comments?post=9787"}],"version-history":[{"count":3,"href":"https:\/\/arbuti.com\/el\/wp-json\/wp\/v2\/pages\/9787\/revisions"}],"predecessor-version":[{"id":9790,"href":"https:\/\/arbuti.com\/el\/wp-json\/wp\/v2\/pages\/9787\/revisions\/9790"}],"wp:attachment":[{"href":"https:\/\/arbuti.com\/el\/wp-json\/wp\/v2\/media?parent=9787"}],"curies":[{"name":"wp","href":"https:\/\/api.w.org\/{rel}","templated":true}]}}