{"id":9787,"date":"2021-07-14T10:41:53","date_gmt":"2021-07-14T10:41:53","guid":{"rendered":"https:\/\/arbuti.com\/?page_id=9787"},"modified":"2021-07-14T10:51:01","modified_gmt":"2021-07-14T10:51:01","slug":"agb","status":"publish","type":"page","link":"https:\/\/arbuti.com\/bg\/%d1%83%d1%81%d0%bb%d0%be%d0%b2%d0%b8%d1%8f\/","title":{"rendered":"GT&amp;C"},"content":{"rendered":"<p>I. \u041e\u0431\u0449\u0438 \u0443\u0441\u043b\u043e\u0432\u0438\u044f<\/p>\n\n\n\n<p>\u00a7 1 \u041e\u0441\u043d\u043e\u0432\u043d\u0438 \u0440\u0430\u0437\u043f\u043e\u0440\u0435\u0434\u0431\u0438<\/p>\n\n\n\n<p>(1) \u0421\u043b\u0435\u0434\u043d\u0438\u0442\u0435 \u0443\u0441\u043b\u043e\u0432\u0438\u044f \u0432\u0430\u0436\u0430\u0442 \u0437\u0430 \u0432\u0441\u0438\u0447\u043a\u0438 \u0434\u043e\u0433\u043e\u0432\u043e\u0440\u0438, \u043a\u043e\u0438\u0442\u043e \u0441\u043a\u043b\u044e\u0447\u0432\u0430\u0442\u0435 \u0441 \u043d\u0430\u0441 \u043a\u0430\u0442\u043e \u0434\u043e\u0441\u0442\u0430\u0432\u0447\u0438\u043a (\u0424\u0440\u0438\u0437\u044c\u043e\u0440\u0441\u043a\u0438 \u0441\u0430\u043b\u043e\u043d ARBUTI) \u0447\u0440\u0435\u0437 \u0443\u0435\u0431\u0441\u0430\u0439\u0442\u0430 www.arbuti.com. \u041e\u0441\u0432\u0435\u043d \u0430\u043a\u043e \u043d\u0435 \u0435 \u0434\u043e\u0433\u043e\u0432\u043e\u0440\u0435\u043d\u043e \u0434\u0440\u0443\u0433\u043e, \u0432\u043a\u043b\u044e\u0447\u0432\u0430\u043d\u0435\u0442\u043e \u043d\u0430 \u0432\u0441\u044f\u043a\u0430\u043a\u0432\u0438 \u0443\u0441\u043b\u043e\u0432\u0438\u044f, \u043a\u043e\u0438\u0442\u043e \u043c\u043e\u0436\u0435 \u0434\u0430 \u0441\u0442\u0435 \u0438\u0437\u043f\u043e\u043b\u0437\u0432\u0430\u043b\u0438, \u0435 \u0432 \u043f\u0440\u043e\u0442\u0438\u0432\u043e\u0440\u0435\u0447\u0438\u0435.<\/p>\n\n\n\n<p>(2) \u041f\u043e\u0442\u0440\u0435\u0431\u0438\u0442\u0435\u043b \u043f\u043e \u0441\u043c\u0438\u0441\u044a\u043b\u0430 \u043d\u0430 \u0441\u043b\u0435\u0434\u043d\u0438\u0442\u0435 \u043d\u0430\u0440\u0435\u0434\u0431\u0438 \u0435 \u0432\u0441\u044f\u043a\u043e \u0444\u0438\u0437\u0438\u0447\u0435\u0441\u043a\u043e \u043b\u0438\u0446\u0435, \u043a\u043e\u0435\u0442\u043e \u0441\u043a\u043b\u044e\u0447\u0432\u0430 \u043f\u0440\u0430\u0432\u043d\u0430 \u0441\u0434\u0435\u043b\u043a\u0430 \u0437\u0430 \u0446\u0435\u043b\u0438, \u043a\u043e\u0438\u0442\u043e \u043d\u0435 \u043c\u043e\u0433\u0430\u0442 \u0434\u0430 \u0431\u044a\u0434\u0430\u0442 \u043e\u0442\u043d\u0435\u0441\u0435\u043d\u0438 \u043f\u0440\u0435\u0434\u0438\u043c\u043d\u043e \u043a\u044a\u043c \u0442\u044a\u0440\u0433\u043e\u0432\u0441\u043a\u0430\u0442\u0430 \u043c\u0443 \u0434\u0435\u0439\u043d\u043e\u0441\u0442, \u043d\u0438\u0442\u043e \u043a\u044a\u043c \u0441\u0430\u043c\u043e\u043e\u0441\u0438\u0433\u0443\u0440\u0435\u043d\u0430\u0442\u0430 \u0438\u043c \u043f\u0440\u043e\u0444\u0435\u0441\u0438\u043e\u043d\u0430\u043b\u043d\u0430 \u0434\u0435\u0439\u043d\u043e\u0441\u0442. \u041f\u0440\u0435\u0434\u043f\u0440\u0438\u0435\u043c\u0430\u0447 \u0435 \u0432\u0441\u044f\u043a\u043e \u0444\u0438\u0437\u0438\u0447\u0435\u0441\u043a\u043e \u0438\u043b\u0438 \u044e\u0440\u0438\u0434\u0438\u0447\u0435\u0441\u043a\u043e \u043b\u0438\u0446\u0435 \u0438\u043b\u0438 \u044e\u0440\u0438\u0434\u0438\u0447\u0435\u0441\u043a\u043e \u0434\u0435\u0435\u0441\u043f\u043e\u0441\u043e\u0431\u043d\u043e \u0434\u0440\u0443\u0436\u0435\u0441\u0442\u0432\u043e, \u043a\u043e\u0435\u0442\u043e \u043f\u0440\u0438 \u0441\u043a\u043b\u044e\u0447\u0432\u0430\u043d\u0435 \u043d\u0430 \u043f\u0440\u0430\u0432\u043d\u0430 \u0441\u0434\u0435\u043b\u043a\u0430 \u0434\u0435\u0439\u0441\u0442\u0432\u0430 \u043f\u0440\u0438 \u0443\u043f\u0440\u0430\u0436\u043d\u044f\u0432\u0430\u043d\u0435 \u043d\u0430 \u043d\u0435\u0437\u0430\u0432\u0438\u0441\u0438\u043c\u0430 \u043f\u0440\u043e\u0444\u0435\u0441\u0438\u043e\u043d\u0430\u043b\u043d\u0430 \u0438\u043b\u0438 \u0442\u044a\u0440\u0433\u043e\u0432\u0441\u043a\u0430 \u0434\u0435\u0439\u043d\u043e\u0441\u0442.<\/p>\n\n\n\n<p><\/p>\n\n\n\n<h3 class=\"wp-block-heading\" id=\"h-terminabsagen-und-stornobedingungen\">\u041e\u0422\u041c\u0415\u041d\u0418 \u041d\u0410 \u0421\u0420\u0415\u0414\u0421\u0422\u0412\u0410 \u0418 \u0423\u0421\u041b\u041e\u0412\u0418\u042f \u0417\u0410 \u041e\u0422\u041c\u0415\u041d\u042f<\/h3>\n\n\n\n<p>\u0421\u0440\u0435\u0449\u0438\u0442\u0435 \u0438\u043b\u0438 \u0443\u0441\u043b\u0443\u0433\u0438\u0442\u0435, \u043a\u043e\u0438\u0442\u043e \u043d\u0435 \u043c\u043e\u0433\u0430\u0442 \u0434\u0430 \u0431\u044a\u0434\u0430\u0442 \u0437\u0430\u043f\u0430\u0437\u0435\u043d\u0438, \u0442\u0440\u044f\u0431\u0432\u0430 \u0434\u0430 \u0431\u044a\u0434\u0430\u0442 \u043e\u0442\u043c\u0435\u043d\u0435\u043d\u0438 \u043f\u043e\u043d\u0435 24 \u0447\u0430\u0441\u0430 \u043f\u0440\u0435\u0434\u0432\u0430\u0440\u0438\u0442\u0435\u043b\u043d\u043e. \u0410\u043a\u043e \u043f\u043e\u0441\u043e\u0447\u0435\u043d\u0438\u044f\u0442 \u043a\u0440\u0430\u0435\u043d \u0441\u0440\u043e\u043a \u043d\u0435 \u0431\u044a\u0434\u0435 \u0441\u043f\u0430\u0437\u0435\u043d, \u043d\u0438\u0435 \u0441\u0438 \u0437\u0430\u043f\u0430\u0437\u0432\u0430\u043c\u0435 \u043f\u0440\u0430\u0432\u043e\u0442\u043e \u0434\u0430 \u043d\u0430\u0447\u0438\u0441\u043b\u0438\u043c \u0442\u0430\u043a\u0441\u0430 \u0437\u0430 \u0430\u043d\u0443\u043b\u0438\u0440\u0430\u043d\u0435 \u043e\u0442 50% \u043e\u0442 \u0446\u0435\u043d\u0430\u0442\u0430 \u043d\u0430 \u0443\u0441\u043b\u0443\u0433\u0430\u0442\u0430 \u0437\u0430 \u043d\u0430\u0441\u0442\u044a\u043f\u0438\u043b\u0430\u0442\u0430 \u0437\u0430\u0433\u0443\u0431\u0430. \u0421\u0440\u0435\u0449\u0430\u0442\u0430 \u043c\u043e\u0436\u0435 \u0434\u0430 \u0431\u044a\u0434\u0435 \u043e\u0442\u043c\u0435\u043d\u0435\u043d\u0430 \u0438\u043b\u0438 \u043f\u043e \u0438\u043c\u0435\u0439\u043b \u043d\u0430: <strong>info@arbuti.com<\/strong> \u0438\u043b\u0438 \u043f\u043e \u0442\u0435\u043b\u0435\u0444\u043e\u043d\u0430 \u043d\u0430 <strong>089529118<\/strong> \u0437\u0430\u0435\u043c\u0438 \u043c\u044f\u0441\u0442\u043e.<\/p>\n\n\n\n<p><\/p>\n\n\n\n<p><\/p>","protected":false},"excerpt":{"rendered":"<p>I. Allgemeine Gesch\u00e4ftsbedingungen \u00a7 1 Grundlegende Bestimmungen (1) Die nachstehenden Gesch\u00e4ftsbedingungen gelten f\u00fcr alle Vertr\u00e4ge, die Sie mit uns als [&hellip;]<\/p>","protected":false},"author":1,"featured_media":0,"parent":0,"menu_order":0,"comment_status":"closed","ping_status":"closed","template":"","meta":{"ub_ctt_via":"","_uag_custom_page_level_css":"","site-sidebar-layout":"default","site-content-layout":"default","ast-site-content-layout":"","site-content-style":"default","site-sidebar-style":"default","ast-global-header-display":"","ast-banner-title-visibility":"","ast-main-header-display":"","ast-hfb-above-header-display":"","ast-hfb-below-header-display":"","ast-hfb-mobile-header-display":"","site-post-title":"","ast-breadcrumbs-content":"","ast-featured-img":"","footer-sml-layout":"","theme-transparent-header-meta":"default","adv-header-id-meta":"","stick-header-meta":"default","header-above-stick-meta":"","header-main-stick-meta":"","header-below-stick-meta":"","astra-migrate-meta-layouts":"default","ast-page-background-enabled":"default","ast-page-background-meta":{"desktop":{"background-color":"","background-image":"","background-repeat":"repeat","background-position":"center center","background-size":"auto","background-attachment":"scroll","background-type":"","background-media":"","overlay-type":"","overlay-color":"","overlay-opacity":"","overlay-gradient":""},"tablet":{"background-color":"","background-image":"","background-repeat":"repeat","background-position":"center center","background-size":"auto","background-attachment":"scroll","background-type":"","background-media":"","overlay-type":"","overlay-color":"","overlay-opacity":"","overlay-gradient":""},"mobile":{"background-color":"","background-image":"","background-repeat":"repeat","background-position":"center center","background-size":"auto","background-attachment":"scroll","background-type":"","background-media":"","overlay-type":"","overlay-color":"","overlay-opacity":"","overlay-gradient":""}},"ast-content-background-meta":{"desktop":{"background-color":"var(--ast-global-color-5)","background-image":"","background-repeat":"repeat","background-position":"center center","background-size":"auto","background-attachment":"scroll","background-type":"","background-media":"","overlay-type":"","overlay-color":"","overlay-opacity":"","overlay-gradient":""},"tablet":{"background-color":"var(--ast-global-color-5)","background-image":"","background-repeat":"repeat","background-position":"center center","background-size":"auto","background-attachment":"scroll","background-type":"","background-media":"","overlay-type":"","overlay-color":"","overlay-opacity":"","overlay-gradient":""},"mobile":{"background-color":"var(--ast-global-color-5)","background-image":"","background-repeat":"repeat","background-position":"center center","background-size":"auto","background-attachment":"scroll","background-type":"","background-media":"","overlay-type":"","overlay-color":"","overlay-opacity":"","overlay-gradient":""}},"footnotes":""},"class_list":["post-9787","page","type-page","status-publish","hentry"],"featured_image_src":null,"yoast_head":"<!-- This site is optimized with the Yoast SEO Premium plugin v25.3 (Yoast SEO v25.3) - https:\/\/yoast.com\/wordpress\/plugins\/seo\/ -->\n<title>AGB - ARBUTI Hair Salon<\/title>\n<meta name=\"robots\" content=\"noindex, nofollow\" \/>\n<meta property=\"og:locale\" content=\"bg_BG\" \/>\n<meta property=\"og:type\" content=\"article\" \/>\n<meta property=\"og:title\" content=\"AGB\" \/>\n<meta property=\"og:description\" content=\"I. Allgemeine Gesch\u00e4ftsbedingungen \u00a7 1 Grundlegende Bestimmungen (1) Die nachstehenden Gesch\u00e4ftsbedingungen gelten f\u00fcr alle Vertr\u00e4ge, die Sie mit uns als\" \/>\n<meta property=\"og:url\" content=\"https:\/\/arbuti.com\/bg\/agb\/\" \/>\n<meta property=\"og:site_name\" content=\"ARBUTI Hair Salon\" \/>\n<meta property=\"article:publisher\" content=\"https:\/\/www.facebook.com\/Arbutihairsalon\/\" \/>\n<meta property=\"article:modified_time\" content=\"2021-07-14T10:51:01+00:00\" \/>\n<meta name=\"twitter:card\" content=\"summary_large_image\" \/>\n<meta name=\"twitter:label1\" content=\"Est. reading time\" \/>\n\t<meta name=\"twitter:data1\" content=\"1 \u043c\u0438\u043d\u0443\u0442\u0430\" \/>\n<script type=\"application\/ld+json\" class=\"yoast-schema-graph\">{\"@context\":\"https:\/\/schema.org\",\"@graph\":[{\"@type\":\"WebPage\",\"@id\":\"https:\/\/arbuti.com\/en\/agb\/\",\"url\":\"https:\/\/arbuti.com\/en\/agb\/\",\"name\":\"AGB - ARBUTI Hair Salon\",\"isPartOf\":{\"@id\":\"https:\/\/arbuti.com\/fr\/#website\"},\"datePublished\":\"2021-07-14T10:41:53+00:00\",\"dateModified\":\"2021-07-14T10:51:01+00:00\",\"breadcrumb\":{\"@id\":\"https:\/\/arbuti.com\/en\/agb\/#breadcrumb\"},\"inLanguage\":\"bg-BG\",\"potentialAction\":[{\"@type\":\"ReadAction\",\"target\":[\"https:\/\/arbuti.com\/en\/agb\/\"]}]},{\"@type\":\"BreadcrumbList\",\"@id\":\"https:\/\/arbuti.com\/en\/agb\/#breadcrumb\",\"itemListElement\":[{\"@type\":\"ListItem\",\"position\":1,\"name\":\"ARBUTI\",\"item\":\"https:\/\/arbuti.com\/\"},{\"@type\":\"ListItem\",\"position\":2,\"name\":\"AGB\"}]},{\"@type\":\"WebSite\",\"@id\":\"https:\/\/arbuti.com\/fr\/#website\",\"url\":\"https:\/\/arbuti.com\/fr\/\",\"name\":\"ARBUTI Hair Salon\",\"description\":\"Friseur M\u00fcnchen\",\"publisher\":{\"@id\":\"https:\/\/arbuti.com\/fr\/#organization\"},\"alternateName\":\"ARBUTI\",\"potentialAction\":[{\"@type\":\"SearchAction\",\"target\":{\"@type\":\"EntryPoint\",\"urlTemplate\":\"https:\/\/arbuti.com\/fr\/?s={search_term_string}\"},\"query-input\":{\"@type\":\"PropertyValueSpecification\",\"valueRequired\":true,\"valueName\":\"search_term_string\"}}],\"inLanguage\":\"bg-BG\"},{\"@type\":\"Organization\",\"@id\":\"https:\/\/arbuti.com\/fr\/#organization\",\"name\":\"ARBUTI Hair Salon\",\"alternateName\":\"ARBUTI\",\"url\":\"https:\/\/arbuti.com\/fr\/\",\"logo\":{\"@type\":\"ImageObject\",\"inLanguage\":\"bg-BG\",\"@id\":\"https:\/\/arbuti.com\/fr\/#\/schema\/logo\/image\/\",\"url\":\"https:\/\/arbuti.com\/wp-content\/uploads\/2020\/04\/cropped-Arbuti-Friseur-Muenchen.jpg\",\"contentUrl\":\"https:\/\/arbuti.com\/wp-content\/uploads\/2020\/04\/cropped-Arbuti-Friseur-Muenchen.jpg\",\"width\":512,\"height\":512,\"caption\":\"ARBUTI Hair Salon\"},\"image\":{\"@id\":\"https:\/\/arbuti.com\/fr\/#\/schema\/logo\/image\/\"},\"sameAs\":[\"https:\/\/www.facebook.com\/Arbutihairsalon\/\",\"https:\/\/www.instagram.com\/arbutihairsalon\/\",\"https:\/\/www.pinterest.de\/arbutihairsalon\/arbuti-hair-salon\/\"]}]}<\/script>\n<!-- \/ Yoast SEO Premium plugin. -->","yoast_head_json":{"title":"AGB - ARBUTI Hair Salon","robots":{"index":"noindex","follow":"nofollow"},"og_locale":"bg_BG","og_type":"article","og_title":"AGB","og_description":"I. Allgemeine Gesch\u00e4ftsbedingungen \u00a7 1 Grundlegende Bestimmungen (1) Die nachstehenden Gesch\u00e4ftsbedingungen gelten f\u00fcr alle Vertr\u00e4ge, die Sie mit uns als","og_url":"https:\/\/arbuti.com\/bg\/agb\/","og_site_name":"ARBUTI Hair Salon","article_publisher":"https:\/\/www.facebook.com\/Arbutihairsalon\/","article_modified_time":"2021-07-14T10:51:01+00:00","twitter_card":"summary_large_image","twitter_misc":{"Est. reading time":"1 \u043c\u0438\u043d\u0443\u0442\u0430"},"schema":{"@context":"https:\/\/schema.org","@graph":[{"@type":"WebPage","@id":"https:\/\/arbuti.com\/en\/agb\/","url":"https:\/\/arbuti.com\/en\/agb\/","name":"AGB - ARBUTI Hair Salon","isPartOf":{"@id":"https:\/\/arbuti.com\/fr\/#website"},"datePublished":"2021-07-14T10:41:53+00:00","dateModified":"2021-07-14T10:51:01+00:00","breadcrumb":{"@id":"https:\/\/arbuti.com\/en\/agb\/#breadcrumb"},"inLanguage":"bg-BG","potentialAction":[{"@type":"ReadAction","target":["https:\/\/arbuti.com\/en\/agb\/"]}]},{"@type":"BreadcrumbList","@id":"https:\/\/arbuti.com\/en\/agb\/#breadcrumb","itemListElement":[{"@type":"ListItem","position":1,"name":"ARBUTI","item":"https:\/\/arbuti.com\/"},{"@type":"ListItem","position":2,"name":"AGB"}]},{"@type":"WebSite","@id":"https:\/\/arbuti.com\/fr\/#website","url":"https:\/\/arbuti.com\/fr\/","name":"ARBUTI Hair Salon","description":"Friseur M\u00fcnchen","publisher":{"@id":"https:\/\/arbuti.com\/fr\/#organization"},"alternateName":"ARBUTI","potentialAction":[{"@type":"SearchAction","target":{"@type":"EntryPoint","urlTemplate":"https:\/\/arbuti.com\/fr\/?s={search_term_string}"},"query-input":{"@type":"PropertyValueSpecification","valueRequired":true,"valueName":"search_term_string"}}],"inLanguage":"bg-BG"},{"@type":"Organization","@id":"https:\/\/arbuti.com\/fr\/#organization","name":"ARBUTI Hair Salon","alternateName":"ARBUTI","url":"https:\/\/arbuti.com\/fr\/","logo":{"@type":"ImageObject","inLanguage":"bg-BG","@id":"https:\/\/arbuti.com\/fr\/#\/schema\/logo\/image\/","url":"https:\/\/arbuti.com\/wp-content\/uploads\/2020\/04\/cropped-Arbuti-Friseur-Muenchen.jpg","contentUrl":"https:\/\/arbuti.com\/wp-content\/uploads\/2020\/04\/cropped-Arbuti-Friseur-Muenchen.jpg","width":512,"height":512,"caption":"ARBUTI Hair Salon"},"image":{"@id":"https:\/\/arbuti.com\/fr\/#\/schema\/logo\/image\/"},"sameAs":["https:\/\/www.facebook.com\/Arbutihairsalon\/","https:\/\/www.instagram.com\/arbutihairsalon\/","https:\/\/www.pinterest.de\/arbutihairsalon\/arbuti-hair-salon\/"]}]}},"uagb_featured_image_src":{"full":false,"thumbnail":false,"medium":false,"medium_large":false,"large":false,"1536x1536":false,"2048x2048":false,"trp-custom-language-flag":false,"wp_review_large":false,"wp_review_small":false},"uagb_author_info":{"display_name":"admin","author_link":"https:\/\/arbuti.com\/bg\/author\/admin\/"},"uagb_comment_info":0,"uagb_excerpt":"I. Allgemeine Gesch\u00e4ftsbedingungen \u00a7 1 Grundlegende Bestimmungen (1) Die nachstehenden Gesch\u00e4ftsbedingungen gelten f\u00fcr alle Vertr\u00e4ge, die Sie mit uns als [&hellip;]","_links":{"self":[{"href":"https:\/\/arbuti.com\/bg\/wp-json\/wp\/v2\/pages\/9787","targetHints":{"allow":["GET"]}}],"collection":[{"href":"https:\/\/arbuti.com\/bg\/wp-json\/wp\/v2\/pages"}],"about":[{"href":"https:\/\/arbuti.com\/bg\/wp-json\/wp\/v2\/types\/page"}],"author":[{"embeddable":true,"href":"https:\/\/arbuti.com\/bg\/wp-json\/wp\/v2\/users\/1"}],"replies":[{"embeddable":true,"href":"https:\/\/arbuti.com\/bg\/wp-json\/wp\/v2\/comments?post=9787"}],"version-history":[{"count":3,"href":"https:\/\/arbuti.com\/bg\/wp-json\/wp\/v2\/pages\/9787\/revisions"}],"predecessor-version":[{"id":9790,"href":"https:\/\/arbuti.com\/bg\/wp-json\/wp\/v2\/pages\/9787\/revisions\/9790"}],"wp:attachment":[{"href":"https:\/\/arbuti.com\/bg\/wp-json\/wp\/v2\/media?parent=9787"}],"curies":[{"name":"wp","href":"https:\/\/api.w.org\/{rel}","templated":true}]}}